{"id":15001,"date":"2022-01-21T20:35:06","date_gmt":"2022-01-21T19:35:06","guid":{"rendered":"https:\/\/www.ibagsbelts.com\/tienda\/?post_type=product&#038;p=15001"},"modified":"2026-03-14T22:11:23","modified_gmt":"2026-03-14T21:11:23","slug":"bolso-mensajero-mediano-de-cuero-teja","status":"publish","type":"product","link":"https:\/\/www.ibagsbelts.com\/tienda\/producto\/bolso-mensajero-mediano-de-cuero-teja\/","title":{"rendered":"Bolso mensajero mediano de cuero color teja Oscar"},"content":{"rendered":"<p>\u00a1Haz una declaraci\u00f3n de estilo con nuestro bolso de cuero artesanal de estilo retro y toque vintage!<\/p>\n<p>Este bolso es el complemento perfecto para tu d\u00eda a d\u00eda, ya sea para la universidad, el trabajo, la oficina o citas de negocios. Tambi\u00e9n es ideal como porta documentos gracias a su dise\u00f1o elegante y funcional.<\/p>\n<p>Fabricado a mano con piel de alta calidad, este bolso te brinda un toque de distinci\u00f3n y sofisticaci\u00f3n. Su cierre con solapa y cremallera en el bolsillo principal garantiza la seguridad de tus pertenencias mientras a\u00f1ade un toque de estilo adicional.<\/p>\n<p>Con dimensiones de 24 cm de largo, 27 cm de alto y 6,5 cm de ancho, este bolso ofrece el tama\u00f1o perfecto para llevar todo lo que necesitas de forma organizada y elegante.<\/p>\n<p>Atr\u00e9vete a destacar con este bolso \u00fanico que combina estilo retro y funcionalidad moderna. \u00a1Hazte con el tuyo hoy mismo y eleva tu look al siguiente nivel!<\/p>\n<p style=\"text-align: left;\"><strong>Aviso importante<\/strong><\/p>\n<p>Todos nuestros productos de cuero est\u00e1n hechos a mano y su nuevo bolso de cuero puede estar sujeta a una variaci\u00f3n natural en tama\u00f1o y color.<\/p>\n<p>Las pieles utilizadas han sido procesadas y curtidas en una de las curtidur\u00edas m\u00e1s antiguas utilizando t\u00e9cnicas centenarias para dar al cuero acabado un aspecto antiguo \/ vintage.<br \/>\nPara los tama\u00f1os, permita 1-2 cm diferencia debido a la medida manual.<br \/>\nLas im\u00e1genes son 100% reales.<br \/>\nDebido al monitor del ordenador y el brillo real de la toma y otras razones, habr\u00e1 una cierta diferencia de color.<\/p>\n<!-- AddThis Advanced Settings generic via filter on the_content --><!-- AddThis Share Buttons generic via filter on the_content -->","protected":false},"excerpt":{"rendered":"<p>Este bolso de cuero confeccionado a mano, de estilo retro con un toque verdaderamente vintage, es un accesorio ideal ya que puede usarse como bolso diario para la universidad, el trabajo, la oficina, para citas de negocios, como porta documentos.<\/p>\n<p>Por la calidad de la piel y su elegante dise\u00f1o le dar\u00e1 un toque de distinci\u00f3n. cierre con solapa y cremallera en su bolsillo principal<\/p>\n<p>Material exterior: Cuero.\u00a0Medidas: 24 cm largo, 27 cm de alto, 6,5 cm ancho.<\/p>\n<h5><strong>\u00bfAlguna duda? Ponte en contacto con nosotros a trav\u00e9s del bot\u00f3n del chat directo por whatsApp y te resolveremos las dudas al instante!<\/strong><\/h5>\n<p><!-- AddThis Advanced Settings generic via filter on get_the_excerpt --><!-- AddThis Share Buttons generic via filter on get_the_excerpt --><\/p>\n","protected":false},"featured_media":15005,"comment_status":"open","ping_status":"closed","template":"","meta":{"om_disable_all_campaigns":false,"_monsterinsights_skip_tracking":false,"_monsterinsights_sitenote_active":false,"_monsterinsights_sitenote_note":"","_monsterinsights_sitenote_category":0,"_uf_show_specific_survey":0,"_uf_disable_surveys":false},"product_brand":[1217],"product_cat":[240,971,402],"product_tag":[1135,1096,301,877,266,299,305,313,329,727,302,905],"class_list":{"0":"post-15001","1":"product","2":"type-product","3":"status-publish","4":"has-post-thumbnail","6":"product_brand-ibags-belts","7":"product_cat-bolsos-bandoleras-de-cuero-artesanal","8":"product_cat-hombre","9":"product_cat-maletin-liso","10":"product_tag-accesorios-y-complementos","11":"product_tag-artesania","12":"product_tag-bandolera","13":"product_tag-bandoleras","14":"product_tag-bolso-bohemian-bolso-cuero-repujado-bolsos-cuero-retro-bolso-shopper-cuero-bolso-cuero-trenzado-bolso-cuero-troquelado","15":"product_tag-bolso-cuero","16":"product_tag-bolso-cuero-artesanal","17":"product_tag-bolso-cuero-hecho-a-mano","18":"product_tag-bolso-cuero-hippie","19":"product_tag-bolsos-bandoleras-cuero","20":"product_tag-bolsos-de-cuero","21":"product_tag-casual","23":"first","24":"instock","25":"shipping-taxable","26":"purchasable","27":"product-type-simple","28":"add-to-wishlist-after_add_to_cart","29":"layout-style-1","30":"col-md-4 col-sm-4 col-xs-6","31":"col-lg-3","32":"product-has-gallery","33":"product-style-default"},"aioseo_notices":[],"_links":{"self":[{"href":"https:\/\/www.ibagsbelts.com\/tienda\/wp-json\/wp\/v2\/product\/15001","targetHints":{"allow":["GET"]}}],"collection":[{"href":"https:\/\/www.ibagsbelts.com\/tienda\/wp-json\/wp\/v2\/product"}],"about":[{"href":"https:\/\/www.ibagsbelts.com\/tienda\/wp-json\/wp\/v2\/types\/product"}],"replies":[{"embeddable":true,"href":"https:\/\/www.ibagsbelts.com\/tienda\/wp-json\/wp\/v2\/comments?post=15001"}],"wp:featuredmedia":[{"embeddable":true,"href":"https:\/\/www.ibagsbelts.com\/tienda\/wp-json\/wp\/v2\/media\/15005"}],"wp:attachment":[{"href":"https:\/\/www.ibagsbelts.com\/tienda\/wp-json\/wp\/v2\/media?parent=15001"}],"wp:term":[{"taxonomy":"product_brand","embeddable":true,"href":"https:\/\/www.ibagsbelts.com\/tienda\/wp-json\/wp\/v2\/product_brand?post=15001"},{"taxonomy":"product_cat","embeddable":true,"href":"https:\/\/www.ibagsbelts.com\/tienda\/wp-json\/wp\/v2\/product_cat?post=15001"},{"taxonomy":"product_tag","embeddable":true,"href":"https:\/\/www.ibagsbelts.com\/tienda\/wp-json\/wp\/v2\/product_tag?post=15001"}],"curies":[{"name":"wp","href":"https:\/\/api.w.org\/{rel}","templated":true}]}}