{"id":15249,"date":"2022-02-28T21:00:46","date_gmt":"2022-02-28T20:00:46","guid":{"rendered":"https:\/\/www.ibagsbelts.com\/tienda\/?post_type=product&#038;p=15249"},"modified":"2026-03-14T22:06:21","modified_gmt":"2026-03-14T21:06:21","slug":"bandolera-de-cuero-negro-con-mano-de-fatima-copia","status":"publish","type":"product","link":"https:\/\/www.ibagsbelts.com\/tienda\/producto\/bandolera-de-cuero-negro-con-mano-de-fatima-copia\/","title":{"rendered":"Bandolera de cuero negro con mano de F\u00e1tima"},"content":{"rendered":"<p><span class=\"a-list-item\">Bandolera muy elegantes reflejadas en la decoraci\u00f3n artesanal, retro y fresco Escudo de mano de F\u00e1tima rodeado de muchos remaches. Perfecto para una noche de fiesta, bodas, cenas, fiestas, clubes, citas, ir de compras con amigos, por supuesto, tambi\u00e9n para el uso diario, le traer\u00e1 muchos elogios.<\/span><\/p>\n<p><span class=\"a-list-item\">El bolsillo de la cremallera principal incluye, 1 compartimiento con cremallera de pared oculta. Espacio suficiente para tel\u00e9fonos m\u00f3viles, pa\u00f1uelos de papel, gafas de l\u00e1piz labial y una c\u00e1mara peque\u00f1a.<\/span><\/p>\n<p><span class=\"a-list-item\">Pr\u00e1ctica correa de hombro ajustable desmontable. Longitud completa de la correa extensible: 180 cm (incluida la longitud del gancho de clip).<\/span><\/p>\n<p><span class=\"a-list-item\">Material: Exterior: cuero artesanal y piel de cordero suave. Interior: tela sint\u00e9tica.<\/span><\/p>\n<p><span class=\"a-list-item\">Dimensiones: 33 x 30 x 10 cm (largo x alto x ancho). ATENCI\u00d3N POR FAVOR: es una bolsa cruzada.<\/span><\/p>\n<p style=\"text-align: left;\"><strong>Aviso importante<\/strong><\/p>\n<p>Todos nuestros productos de cuero puede estar sujeta a una variaci\u00f3n natural en tama\u00f1o y color.<\/p>\n<p>Las pieles utilizadas han sido procesadas y curtidas en una de las curtidur\u00edas m\u00e1s antiguas utilizando t\u00e9cnicas centenarias para dar al cuero acabado un aspecto antiguo \/ vintage.<br \/>\nPara los tama\u00f1os, permita 1-2 cm difiere debido a la medida manual.<br \/>\nLas im\u00e1genes son 100% reales.<br \/>\nDebido al monitor del ordenador y el brillo real de la toma y otras razones, habr\u00e1 una cierta diferencia de color.<\/p>\n<p>&nbsp;<\/p>\n<!-- AddThis Advanced Settings generic via filter on the_content --><!-- AddThis Share Buttons generic via filter on the_content -->","protected":false},"excerpt":{"rendered":"<p><span class=\"a-list-item\">Bandolera muy elegantes reflejadas en la decoraci\u00f3n artesanal, retro y fresco Escudo de mano de F\u00e1tima rodeado de muchos remaches. Perfecto para una noche de fiesta, bodas, cenas, fiestas, clubes, citas, ir de compras con amigos, por supuesto, tambi\u00e9n para el uso diario, le traer\u00e1 muchos elogios.<\/span><\/p>\n<p><span class=\"a-list-item\">El bolsillo de la cremallera principal incluye, 1 compartimiento con cremallera de pared oculta. Espacio suficiente para tel\u00e9fonos m\u00f3viles, pa\u00f1uelos de papel, gafas de l\u00e1piz labial y una c\u00e1mara peque\u00f1a.<\/span><\/p>\n<p><span class=\"a-list-item\">Pr\u00e1ctica correa de hombro ajustable desmontable. Longitud completa de la correa extensible: 180 cm (incluida la longitud del gancho de clip).<\/span><\/p>\n<p><span class=\"a-list-item\">Material: Exterior: cuero artesanal y piel de cordero suave. Interior: tela sint\u00e9tica.\u00a0<\/span><span class=\"a-list-item\">Dimensiones: 33 x 30 x 10 cm (largo x alto x ancho). ATENCI\u00d3N POR FAVOR: es una bolsa cruzada.<\/span><\/p>\n<h5><strong>\u00bfAlguna duda? Ponte en contacto con nosotros a trav\u00e9s del bot\u00f3n del chat directo por whatsApp y te resolveremos las dudas al instante!<\/strong><\/h5>\n<p><!-- AddThis Advanced Settings generic via filter on get_the_excerpt --><!-- AddThis Share Buttons generic via filter on get_the_excerpt --><\/p>\n","protected":false},"featured_media":15252,"comment_status":"open","ping_status":"closed","template":"","meta":{"om_disable_all_campaigns":false,"_monsterinsights_skip_tracking":false,"_monsterinsights_sitenote_active":false,"_monsterinsights_sitenote_note":"","_monsterinsights_sitenote_category":0,"_uf_show_specific_survey":0,"_uf_disable_surveys":false},"product_brand":[1217],"product_cat":[240],"product_tag":[301,877,266,303,299,305,315,268,316,255,302,744],"class_list":{"0":"post-15249","1":"product","2":"type-product","3":"status-publish","4":"has-post-thumbnail","6":"product_brand-ibags-belts","7":"product_cat-bolsos-bandoleras-de-cuero-artesanal","8":"product_tag-bandolera","9":"product_tag-bandoleras","10":"product_tag-bolso-bohemian-bolso-cuero-repujado-bolsos-cuero-retro-bolso-shopper-cuero-bolso-cuero-trenzado-bolso-cuero-troquelado","11":"product_tag-bolso-bohemian","12":"product_tag-bolso-cuero","13":"product_tag-bolso-cuero-artesanal","14":"product_tag-bolso-cuero-artesano","15":"product_tag-bolso-cuero-boho-bolso-cuero-con-tachuelas-bolsos-cuero-caballero-bolso-cuero-de-hombre-bolso-cuero-de-viaje-bolso-cuero-de-vaca-bolso-de-cuero-artesanal-bolso-de-cuero","16":"product_tag-bolso-cuero-con-tachuelas","17":"product_tag-bolso-cuero-mujer","18":"product_tag-bolsos-de-cuero","19":"product_tag-estilo-bohochic","21":"first","22":"outofstock","23":"shipping-taxable","24":"purchasable","25":"product-type-simple","26":"add-to-wishlist-after_add_to_cart","27":"layout-style-1","28":"col-md-4 col-sm-4 col-xs-6","29":"col-lg-3","30":"product-has-gallery","31":"product-style-default"},"aioseo_notices":[],"_links":{"self":[{"href":"https:\/\/www.ibagsbelts.com\/tienda\/wp-json\/wp\/v2\/product\/15249","targetHints":{"allow":["GET"]}}],"collection":[{"href":"https:\/\/www.ibagsbelts.com\/tienda\/wp-json\/wp\/v2\/product"}],"about":[{"href":"https:\/\/www.ibagsbelts.com\/tienda\/wp-json\/wp\/v2\/types\/product"}],"replies":[{"embeddable":true,"href":"https:\/\/www.ibagsbelts.com\/tienda\/wp-json\/wp\/v2\/comments?post=15249"}],"wp:featuredmedia":[{"embeddable":true,"href":"https:\/\/www.ibagsbelts.com\/tienda\/wp-json\/wp\/v2\/media\/15252"}],"wp:attachment":[{"href":"https:\/\/www.ibagsbelts.com\/tienda\/wp-json\/wp\/v2\/media?parent=15249"}],"wp:term":[{"taxonomy":"product_brand","embeddable":true,"href":"https:\/\/www.ibagsbelts.com\/tienda\/wp-json\/wp\/v2\/product_brand?post=15249"},{"taxonomy":"product_cat","embeddable":true,"href":"https:\/\/www.ibagsbelts.com\/tienda\/wp-json\/wp\/v2\/product_cat?post=15249"},{"taxonomy":"product_tag","embeddable":true,"href":"https:\/\/www.ibagsbelts.com\/tienda\/wp-json\/wp\/v2\/product_tag?post=15249"}],"curies":[{"name":"wp","href":"https:\/\/api.w.org\/{rel}","templated":true}]}}