{"id":15263,"date":"2022-03-07T13:21:57","date_gmt":"2022-03-07T12:21:57","guid":{"rendered":"https:\/\/www.ibagsbelts.com\/tienda\/?post_type=product&#038;p=15263"},"modified":"2026-03-14T22:05:56","modified_gmt":"2026-03-14T21:05:56","slug":"cinturon-cuero-flor-camel","status":"publish","type":"product","link":"https:\/\/www.ibagsbelts.com\/tienda\/producto\/cinturon-cuero-flor-camel\/","title":{"rendered":"Cintur\u00f3n cuero flores animal print camel"},"content":{"rendered":"<p style=\"text-align: left;\">Descubre una joya con un toque natural: nuestra correa de cuero es la fusi\u00f3n perfecta entre estilo y comodidad.<\/p>\n<p style=\"text-align: left;\">Caracter\u00edsticas destacadas:<\/p>\n<p style=\"text-align: left;\"><strong>Dise\u00f1o Vers\u00e1til:<\/strong><\/p>\n<ul style=\"text-align: left;\">\n<li>Combinar\u00e1 con todos tus looks, desde lo casual hasta lo m\u00e1s elegante.<\/li>\n<li>Ideal para uso diario, un accesorio esencial en tu guardarropa.<\/li>\n<\/ul>\n<p style=\"text-align: left;\"><strong>Construcci\u00f3n Resistente:<\/strong><\/p>\n<ul style=\"text-align: left;\">\n<li>Cuero trenzado que garantiza durabilidad y resistencia.<\/li>\n<li>Dise\u00f1ada para un uso constante sin perder su encanto natural.<\/li>\n<\/ul>\n<p style=\"text-align: left;\"><strong>Adaptabilidad Perfecta:<\/strong><\/p>\n<ul style=\"text-align: left;\">\n<li>Hebilla con hermoso decorado en metal.<\/li>\n<li>Ajusta la correa a tu medida y estilo, ya sea en la cintura o cadera.<\/li>\n<\/ul>\n<p style=\"text-align: left;\"><strong>Medidas Adecuadas:<\/strong><\/p>\n<ul style=\"text-align: left;\">\n<li>Ancho de aproximadamente 5 cm: Un equilibrio perfecto entre elegancia y practicidad.<\/li>\n<li>Longitud disponible hasta aproximadamente 110 cm: Se adapta a diferentes estilos y necesidades.<\/li>\n<\/ul>\n<p style=\"text-align: left;\"><strong>Composici\u00f3n de Calidad:<\/strong><\/p>\n<ul style=\"text-align: left;\">\n<li>Correa confeccionada en cuero al 100%: Garant\u00eda de autenticidad y durabilidad.<\/li>\n<li>Hebilla de aleaci\u00f3n de metales: Un toque de estilo que perdura.<\/li>\n<\/ul>\n<p style=\"text-align: left;\">Esta correa no solo es un accesorio, sino una expresi\u00f3n de tu estilo \u00fanico. \u00a1Hazla parte de tus looks diarios y a\u00f1ade un toque de distinci\u00f3n a cada momento!<\/p>\n<p style=\"text-align: left;\"><strong>Aviso importante<\/strong><\/p>\n<p style=\"text-align: left;\">Todos nuestros productos de cuero est\u00e1n hechos a mano y su nuevo bolso de cuero puede estar sujeta a una variaci\u00f3n natural en tama\u00f1o y color.<\/p>\n<p style=\"text-align: left;\">Las pieles utilizadas han sido procesadas y curtidas en una de las curtidur\u00edas m\u00e1s antiguas utilizando t\u00e9cnicas centenarias para dar al cuero acabado un aspecto antiguo \/ vintage.<\/p>\n<p style=\"text-align: left;\">Para los tama\u00f1os, permita 1-2 cm diferencia debido a la medida manual. Las im\u00e1genes son 100% reales. Debido al monitor del ordenador y el brillo real de la toma y otras razones, habr\u00e1 una cierta diferencia de color.<\/p>\n<!-- AddThis Advanced Settings generic via filter on the_content --><!-- AddThis Share Buttons generic via filter on the_content -->","protected":false},"excerpt":{"rendered":"<h2><span class=\"Text_text__QBn4- Text_title__2EQGT Text_left__3s3CR\">Cintur\u00f3n de cuero <\/span><span class=\"Text_text__QBn4- Text_title__2EQGT Text_left__3s3CR\">artesanal color camel <\/span><span class=\"Text_text__QBn4- Text_title__2EQGT Text_left__3s3CR\">con formas de flores en piel animal print.<\/span><\/h2>\n<h5><span class=\"Text_text__QBn4- Text_body__MkQC- Text_left__3s3CR Text_format__3gQYg\">Nuestro cintur\u00f3n es un productos artesanales fabricados a mano por lo que a veces puede haber ligeras variaciones en el cuero o en las piedras y tachuelas si las tuvieran Cintur\u00f3n de cuero, producto artesanal, por lo que ninguno es exactamente igual por lo que lo hace tan especial. Adaptable a cualquier medida por su sistema de enganche en cualquier punto del mismo a trav\u00e9s de su trenzado.\u00a0<\/span><\/h5>\n<h5>Ancho: aproximadamente\u00a0 5 cm.\u00a0Largo: contamos con medidas de aproximadamente 110 cm.<\/h5>\n<h5><strong>\u00bfAlguna duda? Ponte en contacto con nosotros a trav\u00e9s del bot\u00f3n del chat directo por whatsApp y te resolveremos las dudas al instante!<\/strong><\/h5>\n<p><!-- AddThis Advanced Settings generic via filter on get_the_excerpt --><!-- AddThis Share Buttons generic via filter on get_the_excerpt --><\/p>\n","protected":false},"featured_media":24791,"comment_status":"open","ping_status":"closed","template":"","meta":{"om_disable_all_campaigns":false,"_monsterinsights_skip_tracking":false,"_monsterinsights_sitenote_active":false,"_monsterinsights_sitenote_note":"","_monsterinsights_sitenote_category":0,"_uf_show_specific_survey":0,"_uf_disable_surveys":false},"product_brand":[1217],"product_cat":[395,951],"product_tag":[1135,1026,1096,1087,290,332,341,264,335,333,1034,753,1088,746,1038],"class_list":{"0":"post-15263","1":"product","2":"type-product","3":"status-publish","4":"has-post-thumbnail","6":"product_brand-ibags-belts","7":"product_cat-cinturones-de-pelo","8":"product_cat-fajin","9":"product_tag-accesorios-y-complementos","10":"product_tag-animal-print","11":"product_tag-artesania","12":"product_tag-cinto","13":"product_tag-cinturon","14":"product_tag-cinturon-cuero","15":"product_tag-cinturon-cuero-boho-chic","16":"product_tag-cinturon-cuero-de-vaca-cuero-de-cuero-cinturon-de-cuero-chapa","17":"product_tag-cinturon-cuero-natural","18":"product_tag-cinturon-cuero-vaca","19":"product_tag-cinturones","20":"product_tag-complementos-de-cuero","21":"product_tag-correa","22":"product_tag-estilo-hippiechic","23":"product_tag-piel-lavada","25":"first","26":"instock","27":"shipping-taxable","28":"purchasable","29":"product-type-simple","30":"add-to-wishlist-after_add_to_cart","31":"layout-style-1","32":"col-md-4 col-sm-4 col-xs-6","33":"col-lg-3","34":"product-has-gallery","35":"product-style-default"},"aioseo_notices":[],"_links":{"self":[{"href":"https:\/\/www.ibagsbelts.com\/tienda\/wp-json\/wp\/v2\/product\/15263","targetHints":{"allow":["GET"]}}],"collection":[{"href":"https:\/\/www.ibagsbelts.com\/tienda\/wp-json\/wp\/v2\/product"}],"about":[{"href":"https:\/\/www.ibagsbelts.com\/tienda\/wp-json\/wp\/v2\/types\/product"}],"replies":[{"embeddable":true,"href":"https:\/\/www.ibagsbelts.com\/tienda\/wp-json\/wp\/v2\/comments?post=15263"}],"wp:featuredmedia":[{"embeddable":true,"href":"https:\/\/www.ibagsbelts.com\/tienda\/wp-json\/wp\/v2\/media\/24791"}],"wp:attachment":[{"href":"https:\/\/www.ibagsbelts.com\/tienda\/wp-json\/wp\/v2\/media?parent=15263"}],"wp:term":[{"taxonomy":"product_brand","embeddable":true,"href":"https:\/\/www.ibagsbelts.com\/tienda\/wp-json\/wp\/v2\/product_brand?post=15263"},{"taxonomy":"product_cat","embeddable":true,"href":"https:\/\/www.ibagsbelts.com\/tienda\/wp-json\/wp\/v2\/product_cat?post=15263"},{"taxonomy":"product_tag","embeddable":true,"href":"https:\/\/www.ibagsbelts.com\/tienda\/wp-json\/wp\/v2\/product_tag?post=15263"}],"curies":[{"name":"wp","href":"https:\/\/api.w.org\/{rel}","templated":true}]}}