{"id":15298,"date":"2022-03-16T10:51:40","date_gmt":"2022-03-16T09:51:40","guid":{"rendered":"https:\/\/www.ibagsbelts.com\/tienda\/?post_type=product&#038;p=15298"},"modified":"2026-03-14T22:03:14","modified_gmt":"2026-03-14T21:03:14","slug":"bolso-mensajero-de-cuero-grande-color-beige","status":"publish","type":"product","link":"https:\/\/www.ibagsbelts.com\/tienda\/producto\/bolso-mensajero-de-cuero-grande-color-beige\/","title":{"rendered":"Bolso mensajero de cuero grande color camel Samuel"},"content":{"rendered":"<p>Este bolso de cuero mensajero confeccionado a mano, de estilo retro con un toque verdaderamente vintage.<\/p>\n<p>Es un accesorio ideal ya que puede usarse como bolso diario para la universidad, el trabajo, la oficina, para citas de negocios, como porta documentos.\u00a0Por la calidad de la piel y su elegante dise\u00f1o le dar\u00e1 un toque de distinci\u00f3n.<\/p>\n<p>Con solapa trenzada y cremalleras en sus bolsillos principales, dos tipos de asas<\/p>\n<p>Material exterior: Cuero. Medidas: 38 cm largo, 30 cm de alto, 8,5 cm ancho.<\/p>\n<p style=\"text-align: left;\"><strong>Aviso importante<\/strong><\/p>\n<p>Todos nuestros productos de cuero est\u00e1n hechos a mano y su nuevo bolso de cuero puede estar sujeta a una variaci\u00f3n natural en tama\u00f1o y color.<\/p>\n<p>Las pieles utilizadas han sido procesadas y curtidas en una de las curtidur\u00edas m\u00e1s antiguas utilizando t\u00e9cnicas centenarias para dar al cuero acabado un aspecto antiguo \/ vintage.<br \/>\nPara los tama\u00f1os, permita 1-2 cm diferencia debido a la medida manual.<br \/>\nLas im\u00e1genes son 100% reales.<br \/>\nDebido al monitor del ordenador y el brillo real de la toma y otras razones, habr\u00e1 una cierta diferencia de color.<\/p>\n<!-- AddThis Advanced Settings generic via filter on the_content --><!-- AddThis Share Buttons generic via filter on the_content -->","protected":false},"excerpt":{"rendered":"<p>\u00a1Dale un toque de distinci\u00f3n a tu estilo con este bolso mensajero de cuero artesanal! Confeccionado a mano y con un dise\u00f1o retro con un toque vintage, este bolso es el complemento ideal para tu d\u00eda a d\u00eda. Ya sea para la universidad, el trabajo, la oficina o citas de negocios, este bolso ser\u00e1 tu compa\u00f1ero perfecto. Su calidad de piel garantiza durabilidad y elegancia, mientras que su dise\u00f1o con solapa trenzada y cremalleras en los bolsillos principales a\u00f1ade un toque de estilo \u00fanico. Con dos tipos de asas para llevarlo como m\u00e1s te guste, este bolso ofrece comodidad y versatilidad. Con unas medidas de 38 cm de largo, 30 cm de alto y 8,5 cm de ancho, este bolso tiene espacio suficiente para tus necesidades diarias. \u00a1Hazte con \u00e9l y marca la diferencia en tu look!<\/p>\n<div class=\"woocommerce-product-details__short-description\">\n<h5><strong>\u00bfAlguna duda? Ponte en contacto con nosotros a trav\u00e9s del bot\u00f3n del chat directo por whatsApp y te resolveremos las dudas al instante!<\/strong><\/h5>\n<\/div>\n<p><!-- AddThis Advanced Settings generic via filter on get_the_excerpt --><!-- AddThis Share Buttons generic via filter on get_the_excerpt --><\/p>\n","protected":false},"featured_media":15301,"comment_status":"open","ping_status":"closed","template":"","meta":{"om_disable_all_campaigns":false,"_monsterinsights_skip_tracking":false,"_monsterinsights_sitenote_active":false,"_monsterinsights_sitenote_note":"","_monsterinsights_sitenote_category":0,"_uf_show_specific_survey":0,"_uf_disable_surveys":false},"product_brand":[1217],"product_cat":[240,402],"product_tag":[301,877,266,299,305,315,823,784,727,302,746,1039],"class_list":{"0":"post-15298","1":"product","2":"type-product","3":"status-publish","4":"has-post-thumbnail","6":"product_brand-ibags-belts","7":"product_cat-bolsos-bandoleras-de-cuero-artesanal","8":"product_cat-maletin-liso","9":"product_tag-bandolera","10":"product_tag-bandoleras","11":"product_tag-bolso-bohemian-bolso-cuero-repujado-bolsos-cuero-retro-bolso-shopper-cuero-bolso-cuero-trenzado-bolso-cuero-troquelado","12":"product_tag-bolso-cuero","13":"product_tag-bolso-cuero-artesanal","14":"product_tag-bolso-cuero-artesano","15":"product_tag-bolso-piel","16":"product_tag-bolso-trenzados","17":"product_tag-bolsos-bandoleras-cuero","18":"product_tag-bolsos-de-cuero","19":"product_tag-estilo-hippiechic","20":"product_tag-messenger","22":"first","23":"outofstock","24":"shipping-taxable","25":"purchasable","26":"product-type-simple","27":"add-to-wishlist-after_add_to_cart","28":"layout-style-1","29":"col-md-4 col-sm-4 col-xs-6","30":"col-lg-3","31":"product-has-gallery","32":"product-style-default"},"aioseo_notices":[],"_links":{"self":[{"href":"https:\/\/www.ibagsbelts.com\/tienda\/wp-json\/wp\/v2\/product\/15298","targetHints":{"allow":["GET"]}}],"collection":[{"href":"https:\/\/www.ibagsbelts.com\/tienda\/wp-json\/wp\/v2\/product"}],"about":[{"href":"https:\/\/www.ibagsbelts.com\/tienda\/wp-json\/wp\/v2\/types\/product"}],"replies":[{"embeddable":true,"href":"https:\/\/www.ibagsbelts.com\/tienda\/wp-json\/wp\/v2\/comments?post=15298"}],"wp:featuredmedia":[{"embeddable":true,"href":"https:\/\/www.ibagsbelts.com\/tienda\/wp-json\/wp\/v2\/media\/15301"}],"wp:attachment":[{"href":"https:\/\/www.ibagsbelts.com\/tienda\/wp-json\/wp\/v2\/media?parent=15298"}],"wp:term":[{"taxonomy":"product_brand","embeddable":true,"href":"https:\/\/www.ibagsbelts.com\/tienda\/wp-json\/wp\/v2\/product_brand?post=15298"},{"taxonomy":"product_cat","embeddable":true,"href":"https:\/\/www.ibagsbelts.com\/tienda\/wp-json\/wp\/v2\/product_cat?post=15298"},{"taxonomy":"product_tag","embeddable":true,"href":"https:\/\/www.ibagsbelts.com\/tienda\/wp-json\/wp\/v2\/product_tag?post=15298"}],"curies":[{"name":"wp","href":"https:\/\/api.w.org\/{rel}","templated":true}]}}