{"id":15308,"date":"2022-03-16T11:48:59","date_gmt":"2022-03-16T10:48:59","guid":{"rendered":"https:\/\/www.ibagsbelts.com\/tienda\/?post_type=product&#038;p=15308"},"modified":"2026-03-14T22:02:49","modified_gmt":"2026-03-14T21:02:49","slug":"bolso-con-flecos-estilo-western","status":"publish","type":"product","link":"https:\/\/www.ibagsbelts.com\/tienda\/producto\/bolso-con-flecos-estilo-western\/","title":{"rendered":"Bolso con flecos estilo western Charlotte"},"content":{"rendered":"<p>La bandolera de cuero artesanal es el complemento perfecto para cualquier look boho. Confeccionado con cuero de alta calidad y adornado con elegantes flecos en el borde, este bolso destaca por su estilo \u00fanico y artesanal. Su correa de hombro ajustable te permite llevarlo c\u00f3modamente a tu medida.<\/p>\n<p>El cierre de cremallera y la peque\u00f1a solapa con borla a\u00f1aden un toque de encanto adicional a este bolso vers\u00e1til, que es adecuado tanto para el uso diario como para tus escapadas de vacaciones.<\/p>\n<p>En su interior, encontrar\u00e1s un forro suave que protege tus pertenencias, as\u00ed como un peque\u00f1o bolsillo con cremallera y dos compartimentos adicionales dise\u00f1ados para tu monedero y tel\u00e9fono m\u00f3vil, manteni\u00e9ndolos organizados y al alcance de la mano.<\/p>\n<p>Con unas medidas de largo 31 cm, alto 30 cm y fondo 16 cm, este bolso ofrece un amplio espacio para tus necesidades diarias. Hecho al 100% de cuero, garantiza durabilidad y estilo duradero.<\/p>\n<p style=\"text-align: left;\"><strong>Aviso importante<\/strong><\/p>\n<p>Todos nuestros productos de cuero est\u00e1n hechos a mano y su nueva bolsa de cuero puede estar sujeta a una variaci\u00f3n natural en tama\u00f1o y color.<br \/>\nPara los tama\u00f1os, permita 1-2 cm difiere debido a la medida manual.<br \/>\nLas im\u00e1genes son 100% reales.<br \/>\nDebido al monitor del ordenador y el brillo real de la toma y otras razones, habr\u00e1 una cierta diferencia de color.<\/p>\n<!-- AddThis Advanced Settings generic via filter on the_content --><!-- AddThis Share Buttons generic via filter on the_content -->","protected":false},"excerpt":{"rendered":"<p>Bandolera de cuero artesanal. Perfectamente combinable con el look boho. Este bolso de cuero con flecos Borde, y una correa de hombro ajustable. Su cierre de cremallera y peque\u00f1a solapa con borla. Lo puedes usar tanto a diario como en tus vacaciones.<\/p>\n<p>Forro interior, peque\u00f1o bolsillo con cremallera y dos compartimentos para monedero y tel\u00e9fono m\u00f3vil<\/p>\n<p><strong>Medidas:\u00a0<\/strong>Largo 35 cm, Alto 30 cm, Fondo 16cm. 100 % cuero.<\/p>\n<div class=\"woocommerce-product-details__short-description\">\n<h5><strong>\u00bfAlguna duda? Ponte en contacto con nosotros a trav\u00e9s del bot\u00f3n del chat directo por whatsApp y te resolveremos las dudas al instante!<\/strong><\/h5>\n<\/div>\n<p><!-- AddThis Advanced Settings generic via filter on get_the_excerpt --><!-- AddThis Share Buttons generic via filter on get_the_excerpt --><\/p>\n","protected":false},"featured_media":15310,"comment_status":"open","ping_status":"closed","template":"","meta":{"om_disable_all_campaigns":false,"_monsterinsights_skip_tracking":false,"_monsterinsights_sitenote_active":false,"_monsterinsights_sitenote_note":"","_monsterinsights_sitenote_category":0,"_uf_show_specific_survey":0,"_uf_disable_surveys":false},"product_brand":[1217],"product_cat":[240,381],"product_tag":[301,877,736,737,266,303,299,305,315,268,313,255,784,727,302],"class_list":{"0":"post-15308","1":"product","2":"type-product","3":"status-publish","4":"has-post-thumbnail","6":"product_brand-ibags-belts","7":"product_cat-bolsos-bandoleras-de-cuero-artesanal","8":"product_cat-bomboneras","9":"product_tag-bandolera","10":"product_tag-bandoleras","11":"product_tag-boho","12":"product_tag-bohochic","13":"product_tag-bolso-bohemian-bolso-cuero-repujado-bolsos-cuero-retro-bolso-shopper-cuero-bolso-cuero-trenzado-bolso-cuero-troquelado","14":"product_tag-bolso-bohemian","15":"product_tag-bolso-cuero","16":"product_tag-bolso-cuero-artesanal","17":"product_tag-bolso-cuero-artesano","18":"product_tag-bolso-cuero-boho-bolso-cuero-con-tachuelas-bolsos-cuero-caballero-bolso-cuero-de-hombre-bolso-cuero-de-viaje-bolso-cuero-de-vaca-bolso-de-cuero-artesanal-bolso-de-cuero","19":"product_tag-bolso-cuero-hecho-a-mano","20":"product_tag-bolso-cuero-mujer","21":"product_tag-bolso-trenzados","22":"product_tag-bolsos-bandoleras-cuero","23":"product_tag-bolsos-de-cuero","25":"first","26":"instock","27":"shipping-taxable","28":"purchasable","29":"product-type-simple","30":"add-to-wishlist-after_add_to_cart","31":"layout-style-1","32":"col-md-4 col-sm-4 col-xs-6","33":"col-lg-3","34":"product-has-gallery","35":"product-style-default"},"aioseo_notices":[],"_links":{"self":[{"href":"https:\/\/www.ibagsbelts.com\/tienda\/wp-json\/wp\/v2\/product\/15308","targetHints":{"allow":["GET"]}}],"collection":[{"href":"https:\/\/www.ibagsbelts.com\/tienda\/wp-json\/wp\/v2\/product"}],"about":[{"href":"https:\/\/www.ibagsbelts.com\/tienda\/wp-json\/wp\/v2\/types\/product"}],"replies":[{"embeddable":true,"href":"https:\/\/www.ibagsbelts.com\/tienda\/wp-json\/wp\/v2\/comments?post=15308"}],"wp:featuredmedia":[{"embeddable":true,"href":"https:\/\/www.ibagsbelts.com\/tienda\/wp-json\/wp\/v2\/media\/15310"}],"wp:attachment":[{"href":"https:\/\/www.ibagsbelts.com\/tienda\/wp-json\/wp\/v2\/media?parent=15308"}],"wp:term":[{"taxonomy":"product_brand","embeddable":true,"href":"https:\/\/www.ibagsbelts.com\/tienda\/wp-json\/wp\/v2\/product_brand?post=15308"},{"taxonomy":"product_cat","embeddable":true,"href":"https:\/\/www.ibagsbelts.com\/tienda\/wp-json\/wp\/v2\/product_cat?post=15308"},{"taxonomy":"product_tag","embeddable":true,"href":"https:\/\/www.ibagsbelts.com\/tienda\/wp-json\/wp\/v2\/product_tag?post=15308"}],"curies":[{"name":"wp","href":"https:\/\/api.w.org\/{rel}","templated":true}]}}