{"id":15314,"date":"2022-03-16T11:59:36","date_gmt":"2022-03-16T10:59:36","guid":{"rendered":"https:\/\/www.ibagsbelts.com\/tienda\/?post_type=product&#038;p=15314"},"modified":"2026-03-14T22:02:25","modified_gmt":"2026-03-14T21:02:25","slug":"bolso-tote-tribal-boho-grande","status":"publish","type":"product","link":"https:\/\/www.ibagsbelts.com\/tienda\/producto\/bolso-tote-tribal-boho-grande\/","title":{"rendered":"Bolso tote tribal boho grande color camel Alice"},"content":{"rendered":"<p>El bolso bordado de cuero estilo boho es una pieza \u00fanica con un gran encanto hippie. Sus detalles de borlas y flecos de cuero le otorgan un aire distintivo y aut\u00e9ntico, mientras que los tres cabuchones artesanales en el frontal a\u00f1aden un toque de elegancia artesanal.<\/p>\n<p>Cada bolso ha sido cuidadosamente elaborado de forma individual y artesanal, seleccionando a mano todas sus partes. El cuero utilizado es de estilo vintage, lo que le confiere un aspecto \u00fanico y retro. Es importante tener en cuenta que, si bien el cuero y el forro son nuevos, los parches de metal son aut\u00e9nticamente vintage, a\u00f1adiendo a\u00fan m\u00e1s car\u00e1cter a la pieza.<\/p>\n<p>En su interior, el bolso cuenta con un forro interior de alta calidad, un peque\u00f1o bolsillo con cremallera y dos compartimentos adicionales para organizar tu monedero y smartphone de manera conveniente.<\/p>\n<p>Con unas medidas de 27 cm de alto, 46 cm de largo y 10 cm de ancho, este bolso ofrece un amplio espacio para llevar tus pertenencias con estilo. Hecho al 100% de cuero, es una elecci\u00f3n duradera y llena de personalidad para complementar tu look boho.<\/p>\n<p><strong style=\"font-size: 1.4rem;\">Aviso importante<\/strong><\/p>\n<p>Todos nuestros productos de cuero est\u00e1n hechos a mano y su nueva bolsa de cuero puede estar sujeta a una variaci\u00f3n natural en tama\u00f1o y color.<br \/>\nPara los tama\u00f1os, permita 1-2 cm difiere debido a la medida manual.<br \/>\nLas im\u00e1genes son 100% reales.<br \/>\nDebido al monitor del ordenador y el brillo real de la toma y otras razones, habr\u00e1 una cierta diferencia de color.<\/p>\n<!-- AddThis Advanced Settings generic via filter on the_content --><!-- AddThis Share Buttons generic via filter on the_content -->","protected":false},"excerpt":{"rendered":"<p>Bolso bordado de cuero estilo boho. Es un gran bolso hippie con borlas y flecos de cuero, cuenta con tres cabuchones artesanales en el frontal. Hermosa piel vintage hippie.<br \/>\nCada bolso ha sido hecho individualmente de forma artesanal, todas sus partes han sido seleccionadas a mano. Tenga en cuenta que el cuero y el forro son nuevos, pero los parches de metal son todos verdaderos vintage.<\/p>\n<p>Forro interior, peque\u00f1o bolsillo con cremallera y dos compartimentos para monedero y smatfone.<\/p>\n<p><strong>Medidas:\u00a0<\/strong> 27cm de alto x 46 cm largo x 10cm ancho. 100 % cuero.<\/p>\n<h5><strong>\u00bfAlguna duda? Ponte en contacto con nosotros a trav\u00e9s del bot\u00f3n del chat directo por whatsApp y te resolveremos las dudas al instante!<\/strong><\/h5>\n<p><!-- AddThis Advanced Settings generic via filter on get_the_excerpt --><!-- AddThis Share Buttons generic via filter on get_the_excerpt --><\/p>\n","protected":false},"featured_media":15315,"comment_status":"open","ping_status":"closed","template":"","meta":{"om_disable_all_campaigns":false,"_monsterinsights_skip_tracking":false,"_monsterinsights_sitenote_active":false,"_monsterinsights_sitenote_note":"","_monsterinsights_sitenote_category":0,"_uf_show_specific_survey":0,"_uf_disable_surveys":false},"product_brand":[1217],"product_cat":[240,757,402],"product_tag":[301,877,266,303,305,315,268,778,255,823,744,279],"class_list":{"0":"post-15314","1":"product","2":"type-product","3":"status-publish","4":"has-post-thumbnail","6":"product_brand-ibags-belts","7":"product_cat-bolsos-bandoleras-de-cuero-artesanal","8":"product_cat-bolso-clutch","9":"product_cat-maletin-liso","10":"product_tag-bandolera","11":"product_tag-bandoleras","12":"product_tag-bolso-bohemian-bolso-cuero-repujado-bolsos-cuero-retro-bolso-shopper-cuero-bolso-cuero-trenzado-bolso-cuero-troquelado","13":"product_tag-bolso-bohemian","14":"product_tag-bolso-cuero-artesanal","15":"product_tag-bolso-cuero-artesano","16":"product_tag-bolso-cuero-boho-bolso-cuero-con-tachuelas-bolsos-cuero-caballero-bolso-cuero-de-hombre-bolso-cuero-de-viaje-bolso-cuero-de-vaca-bolso-de-cuero-artesanal-bolso-de-cuero","17":"product_tag-bolso-cuero-de-vaca","18":"product_tag-bolso-cuero-mujer","19":"product_tag-bolso-piel","20":"product_tag-estilo-bohochic","21":"product_tag-bolso-cuero-artesanal-hombre-bolso-cuero-boho-bolso-cuero-con-tachuelas-bolsos-cuero-caballero-bolso-cuero-de-hombre-bolso-cuero-de-viaje-bolso-cuero-de-vaca","23":"first","24":"instock","25":"shipping-taxable","26":"purchasable","27":"product-type-simple","28":"add-to-wishlist-after_add_to_cart","29":"layout-style-1","30":"col-md-4 col-sm-4 col-xs-6","31":"col-lg-3","32":"product-has-gallery","33":"product-style-default"},"aioseo_notices":[],"_links":{"self":[{"href":"https:\/\/www.ibagsbelts.com\/tienda\/wp-json\/wp\/v2\/product\/15314","targetHints":{"allow":["GET"]}}],"collection":[{"href":"https:\/\/www.ibagsbelts.com\/tienda\/wp-json\/wp\/v2\/product"}],"about":[{"href":"https:\/\/www.ibagsbelts.com\/tienda\/wp-json\/wp\/v2\/types\/product"}],"replies":[{"embeddable":true,"href":"https:\/\/www.ibagsbelts.com\/tienda\/wp-json\/wp\/v2\/comments?post=15314"}],"wp:featuredmedia":[{"embeddable":true,"href":"https:\/\/www.ibagsbelts.com\/tienda\/wp-json\/wp\/v2\/media\/15315"}],"wp:attachment":[{"href":"https:\/\/www.ibagsbelts.com\/tienda\/wp-json\/wp\/v2\/media?parent=15314"}],"wp:term":[{"taxonomy":"product_brand","embeddable":true,"href":"https:\/\/www.ibagsbelts.com\/tienda\/wp-json\/wp\/v2\/product_brand?post=15314"},{"taxonomy":"product_cat","embeddable":true,"href":"https:\/\/www.ibagsbelts.com\/tienda\/wp-json\/wp\/v2\/product_cat?post=15314"},{"taxonomy":"product_tag","embeddable":true,"href":"https:\/\/www.ibagsbelts.com\/tienda\/wp-json\/wp\/v2\/product_tag?post=15314"}],"curies":[{"name":"wp","href":"https:\/\/api.w.org\/{rel}","templated":true}]}}