{"id":15331,"date":"2022-03-16T19:02:09","date_gmt":"2022-03-16T18:02:09","guid":{"rendered":"https:\/\/www.ibagsbelts.com\/tienda\/?post_type=product&#038;p=15331"},"modified":"2026-03-14T22:01:37","modified_gmt":"2026-03-14T21:01:37","slug":"bolso-shopper-trenzado-de-piel-lavada-negro","status":"publish","type":"product","link":"https:\/\/www.ibagsbelts.com\/tienda\/producto\/bolso-shopper-trenzado-de-piel-lavada-negro\/","title":{"rendered":"Bolso shopper trenzado de piel lavada negro Beatrice"},"content":{"rendered":"<p style=\"text-align: left;\">Descubre la elegancia y la artesan\u00eda de este impresionante bolso shopper confeccionado a mano en exclusiva piel de Italia vintage. Su suavidad, comparable a la mantequilla, y sus colores impresionantes hacen de este tote un aut\u00e9ntico bolso italiano que querr\u00e1s llevar contigo a todas partes.<\/p>\n<p style=\"text-align: left;\">Perfecto para tus d\u00edas de compras o escapadas de fin de semana, este bolso shopper de cuero tejido a mano ofrece un dise\u00f1o suave y holgado que combina estilo y funcionalidad a la perfecci\u00f3n.<\/p>\n<p style=\"text-align: left;\">Cuenta con dos asas superiores de cuero liso y una correa de cuero suave ajustable, para que puedas llevarlo c\u00f3modamente como prefieras.<\/p>\n<p style=\"text-align: left;\">En su interior forrado con algod\u00f3n lavado, encontrar\u00e1s un bolsillo grande y seguro con cremallera, as\u00ed como dos bolsillos abiertos para tener tus elementos esenciales siempre a mano.<\/p>\n<p style=\"text-align: left;\">El cuero tejido italiano vintage lavado suave le confiere un car\u00e1cter \u00fanico y aut\u00e9ntico, mientras que la correa de piel ajustable incluida te ofrece versatilidad para llevarlo como tote, shopper o crossbody, seg\u00fan tus preferencias.<\/p>\n<p style=\"text-align: left;\">Con unas medidas de 40cm de largo, 20cm de ancho y 36cm de alto, y una ca\u00edda del mango de 16cm, este bolso es el complemento perfecto para cualquier ocasi\u00f3n. Atr\u00e9vete a lucirlo y marca tu estilo con esta pieza de elegancia atemporal.<\/p>\n<p><strong>Aviso importante<\/strong><\/p>\n<p>Todos nuestros productos de cuero est\u00e1n hechos a mano y su nueva bolsa de cuero puede estar sujeta a una variaci\u00f3n natural en tama\u00f1o y color.<br \/>\nPara los tama\u00f1os, permita 1-2 cm difiere debido a la medida manual.<br \/>\nLas im\u00e1genes son 100% reales.<br \/>\nDebido al monitor del ordenador y el brillo real de la toma y otras razones, habr\u00e1 una cierta diferencia de color.<\/p>\n<!-- AddThis Advanced Settings generic via filter on the_content --><!-- AddThis Share Buttons generic via filter on the_content -->","protected":false},"excerpt":{"rendered":"<p style=\"text-align: left;\">Confeccionado a mano en exclusiva piel de Italia vintage suave como la mantequilla y lavado a mano en\u00a0 colores impresionantes, este tote es un aut\u00e9ntico bolso italiano que querr\u00e1s llevar a todas partes.<\/p>\n<p style=\"text-align: left;\">Ll\u00e9vatelo en tu d\u00eda de compras o una escapada de fin de semana completa de art\u00edculos esenciales en nuestro impresionante bolso shopper de cuero tejido a mano con un dise\u00f1o suave y holgado.<\/p>\n<p style=\"text-align: left;\">Dos asas superiores de cuero liso y se incluye una correa de cuero suave ajustable.\u00a0En su interior forrado con algod\u00f3n lavado. Bolsillo grande y seguro con cremallera y 2 bolsillos abiertos para tel\u00e9fono celular y elementos esenciales de f\u00e1cil acceso.<\/p>\n<p style=\"text-align: left;\">Cuero tejido italiano vintage lavado suave. Correa de piel ajustable incluida.\u00a0Medidas:\u00a0 40cm \u00d7 20 cm \u00d7 36 cm.\u00a0 Ca\u00edda del mango 16 cm<\/p>\n<h5 style=\"text-align: center;\"><strong>\u00bfAlguna duda? Ponte en contacto con nosotros a trav\u00e9s del bot\u00f3n del chat directo por whatsApp y te resolveremos las dudas al instante!<\/strong><\/h5>\n<p><!-- AddThis Advanced Settings generic via filter on get_the_excerpt --><!-- AddThis Share Buttons generic via filter on get_the_excerpt --><\/p>\n","protected":false},"featured_media":15335,"comment_status":"open","ping_status":"closed","template":"","meta":{"om_disable_all_campaigns":false,"_monsterinsights_skip_tracking":false,"_monsterinsights_sitenote_active":false,"_monsterinsights_sitenote_note":"","_monsterinsights_sitenote_category":0,"_uf_show_specific_survey":0,"_uf_disable_surveys":false},"product_brand":[1217],"product_cat":[240,757,1035,41],"product_tag":[301,877,266,303,315,255,823,1036,784,743,744,746,738],"class_list":{"0":"post-15331","1":"product","2":"type-product","3":"status-publish","4":"has-post-thumbnail","6":"product_brand-ibags-belts","7":"product_cat-bolsos-bandoleras-de-cuero-artesanal","8":"product_cat-bolso-clutch","9":"product_cat-bolso-de-cuero-italiano","10":"product_cat-shoppers","11":"product_tag-bandolera","12":"product_tag-bandoleras","13":"product_tag-bolso-bohemian-bolso-cuero-repujado-bolsos-cuero-retro-bolso-shopper-cuero-bolso-cuero-trenzado-bolso-cuero-troquelado","14":"product_tag-bolso-bohemian","15":"product_tag-bolso-cuero-artesano","16":"product_tag-bolso-cuero-mujer","17":"product_tag-bolso-piel","18":"product_tag-bolso-piel-italiano","19":"product_tag-bolso-trenzados","20":"product_tag-estilo-boho","21":"product_tag-estilo-bohochic","22":"product_tag-estilo-hippiechic","23":"product_tag-hippie","25":"first","26":"instock","27":"shipping-taxable","28":"purchasable","29":"product-type-simple","30":"add-to-wishlist-after_add_to_cart","31":"layout-style-1","32":"col-md-4 col-sm-4 col-xs-6","33":"col-lg-3","34":"product-has-gallery","35":"product-style-default"},"aioseo_notices":[],"_links":{"self":[{"href":"https:\/\/www.ibagsbelts.com\/tienda\/wp-json\/wp\/v2\/product\/15331","targetHints":{"allow":["GET"]}}],"collection":[{"href":"https:\/\/www.ibagsbelts.com\/tienda\/wp-json\/wp\/v2\/product"}],"about":[{"href":"https:\/\/www.ibagsbelts.com\/tienda\/wp-json\/wp\/v2\/types\/product"}],"replies":[{"embeddable":true,"href":"https:\/\/www.ibagsbelts.com\/tienda\/wp-json\/wp\/v2\/comments?post=15331"}],"wp:featuredmedia":[{"embeddable":true,"href":"https:\/\/www.ibagsbelts.com\/tienda\/wp-json\/wp\/v2\/media\/15335"}],"wp:attachment":[{"href":"https:\/\/www.ibagsbelts.com\/tienda\/wp-json\/wp\/v2\/media?parent=15331"}],"wp:term":[{"taxonomy":"product_brand","embeddable":true,"href":"https:\/\/www.ibagsbelts.com\/tienda\/wp-json\/wp\/v2\/product_brand?post=15331"},{"taxonomy":"product_cat","embeddable":true,"href":"https:\/\/www.ibagsbelts.com\/tienda\/wp-json\/wp\/v2\/product_cat?post=15331"},{"taxonomy":"product_tag","embeddable":true,"href":"https:\/\/www.ibagsbelts.com\/tienda\/wp-json\/wp\/v2\/product_tag?post=15331"}],"curies":[{"name":"wp","href":"https:\/\/api.w.org\/{rel}","templated":true}]}}