{"id":15432,"date":"2022-04-03T12:55:26","date_gmt":"2022-04-03T10:55:26","guid":{"rendered":"https:\/\/www.ibagsbelts.com\/tienda\/?post_type=product&#038;p=15432"},"modified":"2026-03-14T21:57:45","modified_gmt":"2026-03-14T20:57:45","slug":"bolso-bandolera-con-flecos-boho-negro-2","status":"publish","type":"product","link":"https:\/\/www.ibagsbelts.com\/tienda\/producto\/bolso-bandolera-con-flecos-boho-negro-2\/","title":{"rendered":"Bolso bandolera con flecos boho negro Mabel"},"content":{"rendered":"<p style=\"text-align: left;\">Este bolso artesanal con flecos tiene elementos distintivos que lo hacen especial. Aqu\u00ed hay un resumen de sus caracter\u00edsticas:<\/p>\n<ol style=\"text-align: left;\">\n<li><strong>Estilo Boho Chic:<\/strong>\n<ul>\n<li><strong>Flecos:<\/strong> Elemento clave del estilo bohemio.<\/li>\n<li><strong>Solapa Decorada con Chap\u00f3n y Tachas:<\/strong> Detalles que a\u00f1aden un toque \u00fanico.<\/li>\n<li><strong>Cierre de Im\u00e1n:<\/strong> Pr\u00e1ctico y estilizado.<\/li>\n<\/ul>\n<\/li>\n<li><strong>Organizaci\u00f3n Interna:<\/strong>\n<ul>\n<li><strong>Cremallera y Solapa:<\/strong> Para un cierre seguro.<\/li>\n<li><strong>Bolsillo Interno con Cremallera:<\/strong> Ofrece espacio adicional y seguridad.<\/li>\n<\/ul>\n<\/li>\n<li><strong>Forro Interno:<\/strong>\n<ul>\n<li><strong>Forro Interior:<\/strong> A\u00f1ade durabilidad y un toque de acabado.<\/li>\n<\/ul>\n<\/li>\n<li><strong>Versatilidad de Estilo:<\/strong>\n<ul>\n<li><strong>Combina con Diversos Outfits:<\/strong> Puede ser un complemento vers\u00e1til para diferentes looks.<\/li>\n<\/ul>\n<\/li>\n<\/ol>\n<p style=\"text-align: left;\">Este bolso parece ser una elecci\u00f3n atractiva para quienes buscan un toque bohemio y chic en su estilo. Si hay m\u00e1s detalles espec\u00edficos que te gustar\u00eda conocer o alguna pregunta que tengas, estar\u00e9 encantado de ayudarte.<\/p>\n<p style=\"text-align: left;\"><strong>Aviso importante<\/strong><\/p>\n<p style=\"text-align: left;\">Todos nuestros productos de cuero est\u00e1n hechos a mano y su nueva bolsa de cuero puede estar sujeta a una variaci\u00f3n natural en tama\u00f1o y color.<br \/>\nPara los tama\u00f1os, permita 1-2 cm difiere debido a la medida manual.<br \/>\nLas im\u00e1genes son 100% reales.<br \/>\nDebido al monitor del ordenador y el brillo real de la toma y otras razones, habr\u00e1 una cierta diferencia de color.<\/p>\n<!-- AddThis Advanced Settings generic via filter on the_content --><!-- AddThis Share Buttons generic via filter on the_content -->","protected":false},"excerpt":{"rendered":"<h2 style=\"text-align: left;\">Bolso de cuero totalmente artesanal con flecos.<\/h2>\n<h3 style=\"text-align: left;\">Estos bolsos nos van a ayudar a conjuntar a la perfecci\u00f3n todos nuestros outfits, consiguiendo as\u00ed un equilibrio \u00fanico con los complementos.Esto har\u00e1 que tu look sea \u00fanico e irrepetible. Es un indispensable para casi cualquier Look Boho Chic.<\/h3>\n<h4 style=\"text-align: left;\">Lleva cremallera y solapa decorada con chap\u00f3n y tachas, con cierre de im\u00e1n en su interior forro en tela y bolsillo con cremallera interna.\u00a0Medidas 32 cm de alto x 30 cm largo x 3cm ancho<\/h4>\n<div class=\"woocommerce-product-details__short-description\">\n<h5 style=\"text-align: left;\"><strong>\u00bfAlguna duda? Ponte en contacto con nosotros a trav\u00e9s del bot\u00f3n del chat directo por whatsApp y te resolveremos las dudas al instante!<\/strong><\/h5>\n<\/div>\n<p><!-- AddThis Advanced Settings generic via filter on get_the_excerpt --><!-- AddThis Share Buttons generic via filter on get_the_excerpt --><\/p>\n","protected":false},"featured_media":15436,"comment_status":"open","ping_status":"closed","template":"","meta":{"om_disable_all_campaigns":false,"_monsterinsights_skip_tracking":false,"_monsterinsights_sitenote_active":false,"_monsterinsights_sitenote_note":"","_monsterinsights_sitenote_category":0,"_uf_show_specific_survey":0,"_uf_disable_surveys":false},"product_brand":[1217],"product_cat":[240],"product_tag":[301,877,737,266,299,305,315,268,316,255,727,302,745,746,738],"class_list":{"0":"post-15432","1":"product","2":"type-product","3":"status-publish","4":"has-post-thumbnail","6":"product_brand-ibags-belts","7":"product_cat-bolsos-bandoleras-de-cuero-artesanal","8":"product_tag-bandolera","9":"product_tag-bandoleras","10":"product_tag-bohochic","11":"product_tag-bolso-bohemian-bolso-cuero-repujado-bolsos-cuero-retro-bolso-shopper-cuero-bolso-cuero-trenzado-bolso-cuero-troquelado","12":"product_tag-bolso-cuero","13":"product_tag-bolso-cuero-artesanal","14":"product_tag-bolso-cuero-artesano","15":"product_tag-bolso-cuero-boho-bolso-cuero-con-tachuelas-bolsos-cuero-caballero-bolso-cuero-de-hombre-bolso-cuero-de-viaje-bolso-cuero-de-vaca-bolso-de-cuero-artesanal-bolso-de-cuero","16":"product_tag-bolso-cuero-con-tachuelas","17":"product_tag-bolso-cuero-mujer","18":"product_tag-bolsos-bandoleras-cuero","19":"product_tag-bolsos-de-cuero","20":"product_tag-estilo-hippie","21":"product_tag-estilo-hippiechic","22":"product_tag-hippie","24":"first","25":"outofstock","26":"shipping-taxable","27":"purchasable","28":"product-type-simple","29":"add-to-wishlist-after_add_to_cart","30":"layout-style-1","31":"col-md-4 col-sm-4 col-xs-6","32":"col-lg-3","33":"product-has-gallery","34":"product-style-default"},"aioseo_notices":[],"_links":{"self":[{"href":"https:\/\/www.ibagsbelts.com\/tienda\/wp-json\/wp\/v2\/product\/15432","targetHints":{"allow":["GET"]}}],"collection":[{"href":"https:\/\/www.ibagsbelts.com\/tienda\/wp-json\/wp\/v2\/product"}],"about":[{"href":"https:\/\/www.ibagsbelts.com\/tienda\/wp-json\/wp\/v2\/types\/product"}],"replies":[{"embeddable":true,"href":"https:\/\/www.ibagsbelts.com\/tienda\/wp-json\/wp\/v2\/comments?post=15432"}],"wp:featuredmedia":[{"embeddable":true,"href":"https:\/\/www.ibagsbelts.com\/tienda\/wp-json\/wp\/v2\/media\/15436"}],"wp:attachment":[{"href":"https:\/\/www.ibagsbelts.com\/tienda\/wp-json\/wp\/v2\/media?parent=15432"}],"wp:term":[{"taxonomy":"product_brand","embeddable":true,"href":"https:\/\/www.ibagsbelts.com\/tienda\/wp-json\/wp\/v2\/product_brand?post=15432"},{"taxonomy":"product_cat","embeddable":true,"href":"https:\/\/www.ibagsbelts.com\/tienda\/wp-json\/wp\/v2\/product_cat?post=15432"},{"taxonomy":"product_tag","embeddable":true,"href":"https:\/\/www.ibagsbelts.com\/tienda\/wp-json\/wp\/v2\/product_tag?post=15432"}],"curies":[{"name":"wp","href":"https:\/\/api.w.org\/{rel}","templated":true}]}}