{"id":15610,"date":"2022-04-13T14:12:03","date_gmt":"2022-04-13T12:12:03","guid":{"rendered":"https:\/\/www.ibagsbelts.com\/tienda\/?post_type=product&#038;p=15610"},"modified":"2026-03-14T21:47:57","modified_gmt":"2026-03-14T20:47:57","slug":"capazo-de-cuero-y-mimbre","status":"publish","type":"product","link":"https:\/\/www.ibagsbelts.com\/tienda\/producto\/capazo-de-cuero-y-mimbre\/","title":{"rendered":"Capazo de cuero y mimbre"},"content":{"rendered":"<p><span class=\"a-list-item\">Bolsa de Playa con asa fabricada con materiales de primera calidad\u00a0 y con acabados en piel garantiza su exclusividad. Producto artesanal.<\/span><\/p>\n<p><span class=\"a-list-item\">Sus medidas aproximadas son 37x20x12 cm. A tener en cuenta: Cestas hechas a mano a partir de materiales vegetales naturales. Al ser un producto artesano las medidas pueden variar un poco. Cada canasta es \u00fanica en detalle. El mimbre y la cester\u00eda son tendencia cada Verano.<\/span><\/p>\n<p><span class=\"a-list-item\">Capazo mimbre de mujer seguro, c\u00f3modo y pr\u00e1ctico. Bolso tipo cesta de paja con cierre tipo saco. Asas medias para poder llevarla c\u00f3modamente como bolso de hombro o bolso de mano.<\/span><\/p>\n<p><span class=\"a-list-item\">La cesta tipo r\u00fastica tejida con rafia. Asas de hombro de cuero. Es un capazo tipo bandolera resistente y totalmente revestido en su interior con tela. Decorado en el exterior con flecos de piel al igual que las asas. R\u00fastico. Uso diario.<\/span><\/p>\n<p style=\"text-align: center;\"><strong>Aviso importante<\/strong><\/p>\n<p>Todos nuestros productos de cuero puede estar sujeta a una variaci\u00f3n natural en tama\u00f1o y color.<\/p>\n<p>Las pieles utilizadas han sido procesadas y curtidas en una de las curtidoras m\u00e1s antiguas utilizando t\u00e9cnicas centenarias para dar al cuero acabado un aspecto antiguo \/ vintage.<br \/>\nPara los tama\u00f1os, permita 1-2 cm diferencia debido a la medida manual.<br \/>\nLas im\u00e1genes son 100% reales.<br \/>\nDebido al monitor del ordenador y el brillo real de la toma y otras razones, habr\u00e1 una cierta diferencia de color<\/p>\n<!-- AddThis Advanced Settings generic via filter on the_content --><!-- AddThis Share Buttons generic via filter on the_content -->","protected":false},"excerpt":{"rendered":"<p><span class=\"a-list-item\">Bolsa de Playa con asa fabricada con materiales de primera calidad\u00a0 y con acabados en piel garantiza su exclusividad. Producto artesanal.<\/span><\/p>\n<p><span class=\"a-list-item\">Sus medidas aproximadas son 37cm x 20cm x 12cm. A tener en cuenta: Cestas hechas a mano a partir de materiales vegetales naturales. Al ser un producto artesano las medidas pueden variar un poco. Cada canasta es \u00fanica en detalle. El mimbre y la cester\u00eda son tendencia cada Verano.<\/span><\/p>\n<p><span class=\"a-list-item\">Capazo mimbre de mujer seguro, c\u00f3modo y pr\u00e1ctico. Bolso tipo cesta de paja con cierre tipo saco. Asas medias para poder llevarla c\u00f3modamente como bolso de hombro o bolso de mano.<\/span><\/p>\n<div class=\"woocommerce-product-details__short-description\">\n<h5><strong>\u00bfAlguna duda? Ponte en contacto con nosotros a trav\u00e9s del bot\u00f3n del chat directo por whatsApp y te resolveremos las dudas al instante!<\/strong><\/h5>\n<\/div>\n<p><!-- AddThis Advanced Settings generic via filter on get_the_excerpt --><!-- AddThis Share Buttons generic via filter on get_the_excerpt --><\/p>\n","protected":false},"featured_media":15612,"comment_status":"open","ping_status":"closed","template":"","meta":{"om_disable_all_campaigns":false,"_monsterinsights_skip_tracking":false,"_monsterinsights_sitenote_active":false,"_monsterinsights_sitenote_note":"","_monsterinsights_sitenote_category":0,"_uf_show_specific_survey":0,"_uf_disable_surveys":false},"product_brand":[1217],"product_cat":[1296],"product_tag":[1135,1096,301,877,266,303,784,1069,743,744,745,746,738,1212,1213],"class_list":{"0":"post-15610","1":"product","2":"type-product","3":"status-publish","4":"has-post-thumbnail","6":"product_brand-ibags-belts","7":"product_cat-figuras-esparto","8":"product_tag-accesorios-y-complementos","9":"product_tag-artesania","10":"product_tag-bandolera","11":"product_tag-bandoleras","12":"product_tag-bolso-bohemian-bolso-cuero-repujado-bolsos-cuero-retro-bolso-shopper-cuero-bolso-cuero-trenzado-bolso-cuero-troquelado","13":"product_tag-bolso-bohemian","14":"product_tag-bolso-trenzados","15":"product_tag-capazo","16":"product_tag-estilo-boho","17":"product_tag-estilo-bohochic","18":"product_tag-estilo-hippie","19":"product_tag-estilo-hippiechic","20":"product_tag-hippie","21":"product_tag-mimbre","22":"product_tag-playa","24":"first","25":"instock","26":"shipping-taxable","27":"purchasable","28":"product-type-simple","29":"add-to-wishlist-after_add_to_cart","30":"layout-style-1","31":"col-md-4 col-sm-4 col-xs-6","32":"col-lg-3","33":"product-has-gallery","34":"product-style-default"},"aioseo_notices":[],"_links":{"self":[{"href":"https:\/\/www.ibagsbelts.com\/tienda\/wp-json\/wp\/v2\/product\/15610","targetHints":{"allow":["GET"]}}],"collection":[{"href":"https:\/\/www.ibagsbelts.com\/tienda\/wp-json\/wp\/v2\/product"}],"about":[{"href":"https:\/\/www.ibagsbelts.com\/tienda\/wp-json\/wp\/v2\/types\/product"}],"replies":[{"embeddable":true,"href":"https:\/\/www.ibagsbelts.com\/tienda\/wp-json\/wp\/v2\/comments?post=15610"}],"wp:featuredmedia":[{"embeddable":true,"href":"https:\/\/www.ibagsbelts.com\/tienda\/wp-json\/wp\/v2\/media\/15612"}],"wp:attachment":[{"href":"https:\/\/www.ibagsbelts.com\/tienda\/wp-json\/wp\/v2\/media?parent=15610"}],"wp:term":[{"taxonomy":"product_brand","embeddable":true,"href":"https:\/\/www.ibagsbelts.com\/tienda\/wp-json\/wp\/v2\/product_brand?post=15610"},{"taxonomy":"product_cat","embeddable":true,"href":"https:\/\/www.ibagsbelts.com\/tienda\/wp-json\/wp\/v2\/product_cat?post=15610"},{"taxonomy":"product_tag","embeddable":true,"href":"https:\/\/www.ibagsbelts.com\/tienda\/wp-json\/wp\/v2\/product_tag?post=15610"}],"curies":[{"name":"wp","href":"https:\/\/api.w.org\/{rel}","templated":true}]}}