{"id":15622,"date":"2022-04-14T11:53:45","date_gmt":"2022-04-14T09:53:45","guid":{"rendered":"https:\/\/www.ibagsbelts.com\/tienda\/?post_type=product&#038;p=15622"},"modified":"2026-03-14T21:47:12","modified_gmt":"2026-03-14T20:47:12","slug":"bolso-bandolera-tejida-con-flecos-boho","status":"publish","type":"product","link":"https:\/\/www.ibagsbelts.com\/tienda\/producto\/bolso-bandolera-tejida-con-flecos-boho\/","title":{"rendered":"Bolso bandolera tejida con flecos boho Micaela"},"content":{"rendered":"<p style=\"text-align: left;\">Aqu\u00ed tienes un resumen para el bolso de cuero trenzado con flecos:<\/p>\n<p style=\"text-align: left;\"><strong>Dise\u00f1o y Estilo:<\/strong><\/p>\n<ul style=\"text-align: left;\">\n<li><strong>Flecos BohoChic:<\/strong> A\u00f1aden un toque bohemio y chic al bolso.<\/li>\n<li><strong>Cremallera en Bolsillo Principal:<\/strong> Proporciona seguridad y f\u00e1cil acceso.<\/li>\n<li><strong>Bolsillo Trasero con Cremallera:<\/strong> Espacio adicional para art\u00edculos de f\u00e1cil alcance.<\/li>\n<li><strong>Forro Interior de Algod\u00f3n:<\/strong> Detalle pr\u00e1ctico y estilizado.<\/li>\n<\/ul>\n<p style=\"text-align: left;\"><strong>Caracter\u00edsticas Artesanales:<\/strong><\/p>\n<ul style=\"text-align: left;\">\n<li><strong>Totalmente Artesanal:<\/strong> Cada bolso es \u00fanico gracias al trabajo artesanal.<\/li>\n<li><strong>Equilibrio \u00danico en Outfits:<\/strong> Ayuda a conjuntar perfectamente diferentes estilos.<\/li>\n<\/ul>\n<p style=\"text-align: left;\"><strong>Medidas:<\/strong><\/p>\n<ul style=\"text-align: left;\">\n<li><strong>30 cm de Alto x 42 cm de Largo x 7 cm de Ancho:<\/strong> Tama\u00f1o ideal para llevar lo esencial.<\/li>\n<\/ul>\n<p style=\"text-align: left;\">Este bolso parece ser una elecci\u00f3n elegante y vers\u00e1til. Si hay m\u00e1s detalles que te gustar\u00eda agregar o si tienes alguna pregunta adicional,<\/p>\n<p style=\"text-align: left;\"><strong>Aviso importante<\/strong><\/p>\n<p style=\"text-align: left;\">Todos nuestros productos de cuero est\u00e1n hechos a mano y su nueva bolsa de cuero puede estar sujeta a una variaci\u00f3n natural en tama\u00f1o y color.<br \/>\nPara los tama\u00f1os, permita 1-2 cm difiere debido a la medida manual.<br \/>\nLas im\u00e1genes son 100% reales.<br \/>\nDebido al monitor del ordenador y el brillo real de la toma y otras razones, habr\u00e1 una cierta diferencia de color.<\/p>\n<!-- AddThis Advanced Settings generic via filter on the_content --><!-- AddThis Share Buttons generic via filter on the_content -->","protected":false},"excerpt":{"rendered":"<h2>Bolso de cuero totalmente artesanal con flecos y trenzado en la parte frontal.<\/h2>\n<p>Estos bolsos nos van a ayudar a conjuntar a la perfecci\u00f3n todos nuestros outfits, consiguiendo as\u00ed un equilibrio \u00fanico con los complementos.\u00a0Esto har\u00e1 que tu look sea \u00fanico e irrepetible. Es un indispensable para casi cualquier Look Boho Chic. Bolsillos con cremalleras.<\/p>\n<p>Medidas 30cm de alto x 42 cm largo x 7cm. Forro interior de algod\u00f3n.<\/p>\n<h5><strong>\u00bfAlguna duda? Ponte en contacto con nosotros a trav\u00e9s del bot\u00f3n del chat directo por whatsApp y te resolveremos las dudas?<\/strong><\/h5>\n<p><!-- AddThis Advanced Settings generic via filter on get_the_excerpt --><!-- AddThis Share Buttons generic via filter on get_the_excerpt --><\/p>\n","protected":false},"featured_media":15624,"comment_status":"open","ping_status":"closed","template":"","meta":{"om_disable_all_campaigns":false,"_monsterinsights_skip_tracking":false,"_monsterinsights_sitenote_active":false,"_monsterinsights_sitenote_note":"","_monsterinsights_sitenote_category":0,"_uf_show_specific_survey":0,"_uf_disable_surveys":false},"product_brand":[1217],"product_cat":[240,40],"product_tag":[1054,301,877,736,737,266,303,299,305,315,255,824,823,727,905,744,745],"class_list":{"0":"post-15622","1":"product","2":"type-product","3":"status-publish","4":"has-post-thumbnail","6":"product_brand-ibags-belts","7":"product_cat-bolsos-bandoleras-de-cuero-artesanal","8":"product_cat-bolsos-de-hombro","9":"product_tag-animal","10":"product_tag-bandolera","11":"product_tag-bandoleras","12":"product_tag-boho","13":"product_tag-bohochic","14":"product_tag-bolso-bohemian-bolso-cuero-repujado-bolsos-cuero-retro-bolso-shopper-cuero-bolso-cuero-trenzado-bolso-cuero-troquelado","15":"product_tag-bolso-bohemian","16":"product_tag-bolso-cuero","17":"product_tag-bolso-cuero-artesanal","18":"product_tag-bolso-cuero-artesano","19":"product_tag-bolso-cuero-mujer","20":"product_tag-bolso-flecos","21":"product_tag-bolso-piel","22":"product_tag-bolsos-bandoleras-cuero","23":"product_tag-casual","24":"product_tag-estilo-bohochic","25":"product_tag-estilo-hippie","27":"first","28":"instock","29":"shipping-taxable","30":"purchasable","31":"product-type-simple","32":"add-to-wishlist-after_add_to_cart","33":"layout-style-1","34":"col-md-4 col-sm-4 col-xs-6","35":"col-lg-3","36":"product-has-gallery","37":"product-style-default"},"aioseo_notices":[],"_links":{"self":[{"href":"https:\/\/www.ibagsbelts.com\/tienda\/wp-json\/wp\/v2\/product\/15622","targetHints":{"allow":["GET"]}}],"collection":[{"href":"https:\/\/www.ibagsbelts.com\/tienda\/wp-json\/wp\/v2\/product"}],"about":[{"href":"https:\/\/www.ibagsbelts.com\/tienda\/wp-json\/wp\/v2\/types\/product"}],"replies":[{"embeddable":true,"href":"https:\/\/www.ibagsbelts.com\/tienda\/wp-json\/wp\/v2\/comments?post=15622"}],"wp:featuredmedia":[{"embeddable":true,"href":"https:\/\/www.ibagsbelts.com\/tienda\/wp-json\/wp\/v2\/media\/15624"}],"wp:attachment":[{"href":"https:\/\/www.ibagsbelts.com\/tienda\/wp-json\/wp\/v2\/media?parent=15622"}],"wp:term":[{"taxonomy":"product_brand","embeddable":true,"href":"https:\/\/www.ibagsbelts.com\/tienda\/wp-json\/wp\/v2\/product_brand?post=15622"},{"taxonomy":"product_cat","embeddable":true,"href":"https:\/\/www.ibagsbelts.com\/tienda\/wp-json\/wp\/v2\/product_cat?post=15622"},{"taxonomy":"product_tag","embeddable":true,"href":"https:\/\/www.ibagsbelts.com\/tienda\/wp-json\/wp\/v2\/product_tag?post=15622"}],"curies":[{"name":"wp","href":"https:\/\/api.w.org\/{rel}","templated":true}]}}