{"id":15805,"date":"2022-05-08T00:16:44","date_gmt":"2022-05-07T22:16:44","guid":{"rendered":"https:\/\/www.ibagsbelts.com\/tienda\/?post_type=product&#038;p=15805"},"modified":"2026-03-14T21:06:30","modified_gmt":"2026-03-14T20:06:30","slug":"bandolera-hecha-de-cuero-de-curtido-tradicional","status":"publish","type":"product","link":"https:\/\/www.ibagsbelts.com\/tienda\/producto\/bandolera-hecha-de-cuero-de-curtido-tradicional\/","title":{"rendered":"Bandolera hecha de cuero de curtido tradicional Eliza"},"content":{"rendered":"<p>\u00a1Destaca con estilo con esta encantadora bandolera de cuero de curtido tradicional! Con su dise\u00f1o inusual y desenfadado, esta bandolera con flecos puede elevar cualquier conjunto. Est\u00e1 dise\u00f1ada pensando en el uso diario, convirti\u00e9ndola en un accesorio indispensable para tu rutina diaria. Los detalles de tachas en la solapa, dispuestos de manera armoniosa, le dan un toque distintivo, mientras que la chapa central a\u00f1ade un toque de elegancia adicional.<\/p>\n<p>Fabricada con cuero vacuno de alta calidad, esta bandolera es duradera y resistente, garantizando su uso a largo plazo. Sus dimensiones de 18 cm de alto, 25 cm de largo y 10 cm de ancho proporcionan el espacio perfecto para llevar tus elementos esenciales de manera organizada y con estilo.<\/p>\n<p>Ya sea para un d\u00eda de trabajo o una salida informal, esta bandolera ser\u00e1 un complemento imprescindible en tu armario, agregando un toque de sofisticaci\u00f3n a cualquier conjunto<\/p>\n<p><strong>Aviso importante<\/strong><\/p>\n<p>Todos nuestros productos de cuero est\u00e1n hechos a mano y su nueva bolsa de cuero puede estar sujeta a una variaci\u00f3n natural en tama\u00f1o y color.<br \/>\nPara los tama\u00f1os, permita 1-2 cm difiere debido a la medida manual.<br \/>\nLas im\u00e1genes son 100% reales.<br \/>\nDebido al monitor del ordenador y el brillo real de la toma y otras razones, habr\u00e1 una cierta diferencia de color.<\/p>\n<!-- AddThis Advanced Settings generic via filter on the_content --><!-- AddThis Share Buttons generic via filter on the_content -->","protected":false},"excerpt":{"rendered":"<p>Fabricada con cuero vacuno de alta calidad, esta bandolera es duradera y resistente, garantizando su uso a largo plazo. Sus dimensiones de 18 cm de alto, 25 cm de largo y 10 cm de ancho proporcionan el espacio perfecto para llevar tus elementos esenciales de manera organizada y con estilo.<\/p>\n<p>Ya sea para un d\u00eda de trabajo o una salida informal, esta bandolera ser\u00e1 un complemento imprescindible en tu armario, agregando un toque de sofisticaci\u00f3n a cualquier conjunto<\/p>\n<div class=\"woocommerce-product-details__short-description\">\n<div class=\"woocommerce-product-details__short-description\">\n<h5><strong>\u00bfAlguna duda? Ponte en contacto con nosotros a trav\u00e9s del bot\u00f3n del chat directo por whatsApp y te resolveremos las dudas al instante!<\/strong><\/h5>\n<\/div>\n<\/div>\n<p><!-- AddThis Advanced Settings generic via filter on get_the_excerpt --><!-- AddThis Share Buttons generic via filter on get_the_excerpt --><\/p>\n","protected":false},"featured_media":15807,"comment_status":"open","ping_status":"closed","template":"","meta":{"om_disable_all_campaigns":false,"_monsterinsights_skip_tracking":false,"_monsterinsights_sitenote_active":false,"_monsterinsights_sitenote_note":"","_monsterinsights_sitenote_category":0,"_uf_show_specific_survey":0,"_uf_disable_surveys":false},"product_brand":[1217],"product_cat":[240],"product_tag":[1096,301,877,736,266,328,303,305,315,268,316,313,297,255,302,744],"class_list":{"0":"post-15805","1":"product","2":"type-product","3":"status-publish","4":"has-post-thumbnail","6":"product_brand-ibags-belts","7":"product_cat-bolsos-bandoleras-de-cuero-artesanal","8":"product_tag-artesania","9":"product_tag-bandolera","10":"product_tag-bandoleras","11":"product_tag-boho","12":"product_tag-bolso-bohemian-bolso-cuero-repujado-bolsos-cuero-retro-bolso-shopper-cuero-bolso-cuero-trenzado-bolso-cuero-troquelado","13":"product_tag-bolso-bandolera-cuero-marruecos","14":"product_tag-bolso-bohemian","15":"product_tag-bolso-cuero-artesanal","16":"product_tag-bolso-cuero-artesano","17":"product_tag-bolso-cuero-boho-bolso-cuero-con-tachuelas-bolsos-cuero-caballero-bolso-cuero-de-hombre-bolso-cuero-de-viaje-bolso-cuero-de-vaca-bolso-de-cuero-artesanal-bolso-de-cuero","18":"product_tag-bolso-cuero-con-tachuelas","19":"product_tag-bolso-cuero-hecho-a-mano","20":"product_tag-bolso-cuero-marroqui","21":"product_tag-bolso-cuero-mujer","22":"product_tag-bolsos-de-cuero","23":"product_tag-estilo-bohochic","25":"first","26":"outofstock","27":"sale","28":"shipping-taxable","29":"purchasable","30":"product-type-simple","31":"add-to-wishlist-after_add_to_cart","32":"layout-style-1","33":"col-md-4 col-sm-4 col-xs-6","34":"col-lg-3","35":"product-has-gallery","36":"product-style-default"},"aioseo_notices":[],"_links":{"self":[{"href":"https:\/\/www.ibagsbelts.com\/tienda\/wp-json\/wp\/v2\/product\/15805","targetHints":{"allow":["GET"]}}],"collection":[{"href":"https:\/\/www.ibagsbelts.com\/tienda\/wp-json\/wp\/v2\/product"}],"about":[{"href":"https:\/\/www.ibagsbelts.com\/tienda\/wp-json\/wp\/v2\/types\/product"}],"replies":[{"embeddable":true,"href":"https:\/\/www.ibagsbelts.com\/tienda\/wp-json\/wp\/v2\/comments?post=15805"}],"wp:featuredmedia":[{"embeddable":true,"href":"https:\/\/www.ibagsbelts.com\/tienda\/wp-json\/wp\/v2\/media\/15807"}],"wp:attachment":[{"href":"https:\/\/www.ibagsbelts.com\/tienda\/wp-json\/wp\/v2\/media?parent=15805"}],"wp:term":[{"taxonomy":"product_brand","embeddable":true,"href":"https:\/\/www.ibagsbelts.com\/tienda\/wp-json\/wp\/v2\/product_brand?post=15805"},{"taxonomy":"product_cat","embeddable":true,"href":"https:\/\/www.ibagsbelts.com\/tienda\/wp-json\/wp\/v2\/product_cat?post=15805"},{"taxonomy":"product_tag","embeddable":true,"href":"https:\/\/www.ibagsbelts.com\/tienda\/wp-json\/wp\/v2\/product_tag?post=15805"}],"curies":[{"name":"wp","href":"https:\/\/api.w.org\/{rel}","templated":true}]}}