{"id":15924,"date":"2022-05-12T11:08:58","date_gmt":"2022-05-12T09:08:58","guid":{"rendered":"https:\/\/www.ibagsbelts.com\/tienda\/?post_type=product&#038;p=15924"},"modified":"2026-03-14T20:58:39","modified_gmt":"2026-03-14T19:58:39","slug":"bolso-de-cuero-tejido-artesanal-natural-madrid","status":"publish","type":"product","link":"https:\/\/www.ibagsbelts.com\/tienda\/producto\/bolso-de-cuero-tejido-artesanal-natural-madrid\/","title":{"rendered":"Bolso de cuero tejido artesanal natural Madrid"},"content":{"rendered":"<p>Este bolso tiene caracter\u00edsticas encantadoras. Aqu\u00ed hay un resumen:<\/p>\n<ol>\n<li><strong>Dise\u00f1o Elegante:<\/strong>\n<ul>\n<li><strong>Asa R\u00edgida de Metal:<\/strong> Tallados artesanales que a\u00f1aden un toque sofisticado.<\/li>\n<li><strong>Posibilidad de Llevar a Mano o en el Hombro:<\/strong> Ofrece versatilidad en el estilo de uso.<\/li>\n<li><strong>Forro de Algod\u00f3n en el Interior:<\/strong> Agrega un toque suave y protege los contenidos.<\/li>\n<\/ul>\n<\/li>\n<li><strong>Practicidad y Organizaci\u00f3n:<\/strong>\n<ul>\n<li><strong>Cierre Superior de Cremallera:<\/strong> Proporciona seguridad y f\u00e1cil acceso al contenido.<\/li>\n<li><strong>Bolsillos Internos:<\/strong> Dise\u00f1ados para organizar tel\u00e9fono y monedas, facilitando la accesibilidad.<\/li>\n<\/ul>\n<\/li>\n<li><strong>Dimensiones Apropiadas:<\/strong>\n<ul>\n<li><strong>34 cm de Alto x 35 cm de Largo x 11 cm de Ancho:<\/strong> Ofrece un tama\u00f1o conveniente para llevar lo esencial.<\/li>\n<\/ul>\n<\/li>\n<li><strong>Detalles Finos:<\/strong>\n<ul>\n<li><strong>Tallados Artesanales en el Asa:<\/strong> A\u00f1aden detalles y elegancia al dise\u00f1o general.<\/li>\n<li>\u00a0<strong>Trenzado artesanal:<\/strong> Parte frontal trenzada<\/li>\n<\/ul>\n<\/li>\n<\/ol>\n<p>Este bolso parece ser una combinaci\u00f3n de estilo, funcionalidad y detalles bien elaborados. \u00bfHay algo espec\u00edfico sobre el bolso que te gustar\u00eda explorar m\u00e1s o alguna pregunta adicional que puedas tener?<\/p>\n<p style=\"text-align: left;\"><strong>Aviso importante<\/strong><\/p>\n<p>Todos nuestros productos de cuero est\u00e1n hechos a mano y su nueva bolsa de cuero puede estar sujeta a una variaci\u00f3n natural en tama\u00f1o y color.<br \/>\nPara los tama\u00f1os, permita 1-2 cm difiere debido a la medida manual.<br \/>\nLas im\u00e1genes son 100% reales.<br \/>\nDebido al monitor del ordenador y el brillo real de la toma y otras razones, habr\u00e1 una cierta diferencia de color.<\/p>\n<!-- AddThis Advanced Settings generic via filter on the_content --><!-- AddThis Share Buttons generic via filter on the_content -->","protected":false},"excerpt":{"rendered":"<h2>Precioso bolso trenzado artesanal con detalle en asa r\u00edgida de metal con finos tallados de forma artesanal la cual le da una elegancia muy sofistica.<\/h2>\n<h3>Se puede llevar en la mano o colgado del hombro con su correa ajustable,\u00a0en su interior con forro de algod\u00f3n.\u00a0Cierre superior de cremallera, con bolsillos interiores para tel\u00e9fono y monedas.<\/h3>\n<h4>Medidas 34 cm de alto x 35 cm largo x 11 cm ancho<\/h4>\n<div class=\"woocommerce-product-details__short-description\">\n<h5><strong>\u00bfAlguna duda? Ponte en contacto con nosotros a trav\u00e9s del bot\u00f3n del chat directo por whatsApp y te resolveremos las dudas al instante!<\/strong><\/h5>\n<\/div>\n<p><!-- AddThis Advanced Settings generic via filter on get_the_excerpt --><!-- AddThis Share Buttons generic via filter on get_the_excerpt --><\/p>\n","protected":false},"featured_media":15925,"comment_status":"open","ping_status":"closed","template":"","meta":{"om_disable_all_campaigns":false,"_monsterinsights_skip_tracking":false,"_monsterinsights_sitenote_active":false,"_monsterinsights_sitenote_note":"","_monsterinsights_sitenote_category":0,"_uf_show_specific_survey":0,"_uf_disable_surveys":false},"product_brand":[1217],"product_cat":[240,757],"product_tag":[301,877,266,303,305,268,255,298,784,302,281],"class_list":{"0":"post-15924","1":"product","2":"type-product","3":"status-publish","4":"has-post-thumbnail","6":"product_brand-ibags-belts","7":"product_cat-bolsos-bandoleras-de-cuero-artesanal","8":"product_cat-bolso-clutch","9":"product_tag-bandolera","10":"product_tag-bandoleras","11":"product_tag-bolso-bohemian-bolso-cuero-repujado-bolsos-cuero-retro-bolso-shopper-cuero-bolso-cuero-trenzado-bolso-cuero-troquelado","12":"product_tag-bolso-bohemian","13":"product_tag-bolso-cuero-artesanal","14":"product_tag-bolso-cuero-boho-bolso-cuero-con-tachuelas-bolsos-cuero-caballero-bolso-cuero-de-hombre-bolso-cuero-de-viaje-bolso-cuero-de-vaca-bolso-de-cuero-artesanal-bolso-de-cuero","15":"product_tag-bolso-cuero-mujer","16":"product_tag-bolso-cuero-natural","17":"product_tag-bolso-trenzados","18":"product_tag-bolsos-de-cuero","19":"product_tag-bolso-bohemian-bolso-cuero-para-hombre-bolso-cuero-repujado-bolsos-cuero-retro-bolso-shopper-cuero-bolso-cuero-trenzado-bolso-cuero-troquelado-bolso-cuero-vaca-bolso-cuero-viaje-hombre","21":"first","22":"instock","23":"shipping-taxable","24":"purchasable","25":"product-type-simple","26":"add-to-wishlist-after_add_to_cart","27":"layout-style-1","28":"col-md-4 col-sm-4 col-xs-6","29":"col-lg-3","30":"product-has-gallery","31":"product-style-default"},"aioseo_notices":[],"_links":{"self":[{"href":"https:\/\/www.ibagsbelts.com\/tienda\/wp-json\/wp\/v2\/product\/15924","targetHints":{"allow":["GET"]}}],"collection":[{"href":"https:\/\/www.ibagsbelts.com\/tienda\/wp-json\/wp\/v2\/product"}],"about":[{"href":"https:\/\/www.ibagsbelts.com\/tienda\/wp-json\/wp\/v2\/types\/product"}],"replies":[{"embeddable":true,"href":"https:\/\/www.ibagsbelts.com\/tienda\/wp-json\/wp\/v2\/comments?post=15924"}],"wp:featuredmedia":[{"embeddable":true,"href":"https:\/\/www.ibagsbelts.com\/tienda\/wp-json\/wp\/v2\/media\/15925"}],"wp:attachment":[{"href":"https:\/\/www.ibagsbelts.com\/tienda\/wp-json\/wp\/v2\/media?parent=15924"}],"wp:term":[{"taxonomy":"product_brand","embeddable":true,"href":"https:\/\/www.ibagsbelts.com\/tienda\/wp-json\/wp\/v2\/product_brand?post=15924"},{"taxonomy":"product_cat","embeddable":true,"href":"https:\/\/www.ibagsbelts.com\/tienda\/wp-json\/wp\/v2\/product_cat?post=15924"},{"taxonomy":"product_tag","embeddable":true,"href":"https:\/\/www.ibagsbelts.com\/tienda\/wp-json\/wp\/v2\/product_tag?post=15924"}],"curies":[{"name":"wp","href":"https:\/\/api.w.org\/{rel}","templated":true}]}}