{"id":15995,"date":"2022-05-15T17:01:41","date_gmt":"2022-05-15T15:01:41","guid":{"rendered":"https:\/\/www.ibagsbelts.com\/tienda\/?post_type=product&#038;p=15995"},"modified":"2026-03-14T20:50:27","modified_gmt":"2026-03-14T19:50:27","slug":"bolso-de-cuero-cruzado-para-mujer-estilo-ibiza-marron","status":"publish","type":"product","link":"https:\/\/www.ibagsbelts.com\/tienda\/producto\/bolso-de-cuero-cruzado-para-mujer-estilo-ibiza-marron\/","title":{"rendered":"Bolso cruzado de cuero marr\u00f3n para mujer estilo Ibiza"},"content":{"rendered":"<p style=\"text-align: left;\">Este Clutch convertible en bandolera es el accesorio perfecto para realzar tu estilo boho chic. Confeccionado con cuero de alta calidad, est\u00e1 decorado con elegantes tachuelas y flecos que a\u00f1aden un toque de estilo \u00fanico.<\/p>\n<p style=\"text-align: left;\">Vers\u00e1til y funcional, este bolso puede ser usado de m\u00faltiples formas: como bandolera, bolso de mano o cruzado, adapt\u00e1ndose a cualquier ocasi\u00f3n y look. Viene equipado con una correa cruzada ajustable de hasta 150 cm para mayor comodidad y versatilidad.<\/p>\n<p style=\"text-align: left;\">Con un bolsillo principal con cremallera, tendr\u00e1s un f\u00e1cil acceso a tus pertenencias, mientras que el bolsillo interior con cremallera te permite mantener tus llaves u otros objetos peque\u00f1os organizados y seguros.<\/p>\n<p style=\"text-align: left;\">Con su asa de hombro y correa crossbody, este bolso ofrece varias opciones de uso para satisfacer tus necesidades y preferencias. \u00a1No esperes m\u00e1s para a\u00f1adir este elegante y funcional Clutch a tu colecci\u00f3n!<\/p>\n<p style=\"text-align: left;\">Medidas: 32 cm de largo x 23 cm de alto. Ca\u00edda del fleco: 30 cm.<\/p>\n<p style=\"text-align: left;\">bolso de mano es un regalo perfecto para tu esposa, madre, novia en cumplea\u00f1os, Navidad, D\u00eda de San Valent\u00edn, aniversarios.<\/p>\n<p style=\"text-align: left;\"><strong>Aviso importante<\/strong><\/p>\n<p style=\"text-align: left;\">Todos nuestros productos de cuero est\u00e1n hechos a mano y su nueva bolsa de cuero puede estar sujeta a una variaci\u00f3n natural en tama\u00f1o y color.<br \/>\nPara los tama\u00f1os, permita 1-2 cm difiere debido a la medida manual.<br \/>\nLas im\u00e1genes son 100% reales.<br \/>\nDebido al monitor del ordenador y el brillo real de la toma y otras razones, habr\u00e1 una cierta diferencia de color.<\/p>\n<!-- AddThis Advanced Settings generic via filter on the_content --><!-- AddThis Share Buttons generic via filter on the_content -->","protected":false},"excerpt":{"rendered":"<p>Este Clutch y tambi\u00e9n bandolera con tachuelas y flecos de cuero.<\/p>\n<p>Se puede utilizar como un bolso bandolera, bolso de mano, bolso cruzado, etc. Para complementar tu outfit boho chic . Viene con una correa cruzada ajustable de hasta 150 cm. Un bolsillo principal con cremallera para un f\u00e1cil acceso. El bolsillo interior con cremallera hace que sea f\u00e1cil encontrar las llaves cuando las necesites.<br \/>\nEl bolso tiene asa de hombro, crossbody.\u00a0Medidas:\u00a0 32 cm largo \u00d7 23 cm.\u00a0 Ca\u00edda del fleco 30 cm.<\/p>\n<h5><strong>\u00bfAlguna duda? Ponte en contacto con nosotros a trav\u00e9s del bot\u00f3n del chat directo por whatsApp y te resolveremos las dudas al instante!<\/strong><\/h5>\n<p><!-- AddThis Advanced Settings generic via filter on get_the_excerpt --><!-- AddThis Share Buttons generic via filter on get_the_excerpt --><\/p>\n","protected":false},"featured_media":15998,"comment_status":"open","ping_status":"closed","template":"","meta":{"om_disable_all_campaigns":false,"_monsterinsights_skip_tracking":false,"_monsterinsights_sitenote_active":false,"_monsterinsights_sitenote_note":"","_monsterinsights_sitenote_category":0,"_uf_show_specific_survey":0,"_uf_disable_surveys":false},"product_brand":[1217],"product_cat":[240],"product_tag":[301,877,736,737,266,303,305,315,255,727,302,743,744,745,746,738],"class_list":{"0":"post-15995","1":"product","2":"type-product","3":"status-publish","4":"has-post-thumbnail","6":"product_brand-ibags-belts","7":"product_cat-bolsos-bandoleras-de-cuero-artesanal","8":"product_tag-bandolera","9":"product_tag-bandoleras","10":"product_tag-boho","11":"product_tag-bohochic","12":"product_tag-bolso-bohemian-bolso-cuero-repujado-bolsos-cuero-retro-bolso-shopper-cuero-bolso-cuero-trenzado-bolso-cuero-troquelado","13":"product_tag-bolso-bohemian","14":"product_tag-bolso-cuero-artesanal","15":"product_tag-bolso-cuero-artesano","16":"product_tag-bolso-cuero-mujer","17":"product_tag-bolsos-bandoleras-cuero","18":"product_tag-bolsos-de-cuero","19":"product_tag-estilo-boho","20":"product_tag-estilo-bohochic","21":"product_tag-estilo-hippie","22":"product_tag-estilo-hippiechic","23":"product_tag-hippie","25":"first","26":"outofstock","27":"shipping-taxable","28":"purchasable","29":"product-type-simple","30":"add-to-wishlist-after_add_to_cart","31":"layout-style-1","32":"col-md-4 col-sm-4 col-xs-6","33":"col-lg-3","34":"product-has-gallery","35":"product-style-default"},"aioseo_notices":[],"_links":{"self":[{"href":"https:\/\/www.ibagsbelts.com\/tienda\/wp-json\/wp\/v2\/product\/15995","targetHints":{"allow":["GET"]}}],"collection":[{"href":"https:\/\/www.ibagsbelts.com\/tienda\/wp-json\/wp\/v2\/product"}],"about":[{"href":"https:\/\/www.ibagsbelts.com\/tienda\/wp-json\/wp\/v2\/types\/product"}],"replies":[{"embeddable":true,"href":"https:\/\/www.ibagsbelts.com\/tienda\/wp-json\/wp\/v2\/comments?post=15995"}],"wp:featuredmedia":[{"embeddable":true,"href":"https:\/\/www.ibagsbelts.com\/tienda\/wp-json\/wp\/v2\/media\/15998"}],"wp:attachment":[{"href":"https:\/\/www.ibagsbelts.com\/tienda\/wp-json\/wp\/v2\/media?parent=15995"}],"wp:term":[{"taxonomy":"product_brand","embeddable":true,"href":"https:\/\/www.ibagsbelts.com\/tienda\/wp-json\/wp\/v2\/product_brand?post=15995"},{"taxonomy":"product_cat","embeddable":true,"href":"https:\/\/www.ibagsbelts.com\/tienda\/wp-json\/wp\/v2\/product_cat?post=15995"},{"taxonomy":"product_tag","embeddable":true,"href":"https:\/\/www.ibagsbelts.com\/tienda\/wp-json\/wp\/v2\/product_tag?post=15995"}],"curies":[{"name":"wp","href":"https:\/\/api.w.org\/{rel}","templated":true}]}}