{"id":17287,"date":"2022-08-02T20:11:36","date_gmt":"2022-08-02T18:11:36","guid":{"rendered":"https:\/\/www.ibagsbelts.com\/tienda\/?post_type=product&#038;p=17287"},"modified":"2026-03-14T20:31:05","modified_gmt":"2026-03-14T19:31:05","slug":"cinturon-de-piel-para-mujer-3-cm-de-ancho-piel-de-vacuno-color-camel","status":"publish","type":"product","link":"https:\/\/www.ibagsbelts.com\/tienda\/producto\/cinturon-de-piel-para-mujer-3-cm-de-ancho-piel-de-vacuno-color-camel\/","title":{"rendered":"Cintur\u00f3n de piel para mujer, 3 cm de ancho, piel de vacuno, color camel"},"content":{"rendered":"<p>El acabado de alta calidad del cintur\u00f3n cuero\u00a0 tambi\u00e9n se muestra en la doble costura a lo largo del cintur\u00f3n. Para la costura utilizamos un hilo resistente y refinado por mercerizaci\u00f3n. Gracias a la tapa de rosca, el cintur\u00f3n tambi\u00e9n se puede acortar individualmente. Sobre todo, esto es una ventaja frente a un remachado firme de los cierres, ya que es posible cambiar la longitud. El ajuste flexible de la cintura solo se puede ajustar mediante el sistema de tuerca y tornillo.<\/p>\n<p>Est\u00e1 hecho de cuero de vaca y con su tratamiento de curtido tradicional te garantiza que el producto tenga una larga vida.<\/p>\n<p>Ancho: aproximadamente 3 cm. Largo: contamos con medidas de hasta\u00a0 150 cm.<\/p>\n<p style=\"text-align: center;\"><strong>Aviso importante<\/strong><\/p>\n<p>Todos nuestros productos de cuero puede estar sujeta a una variaci\u00f3n natural en tama\u00f1o y color.<\/p>\n<p>Las pieles utilizadas han sido procesadas y curtidas en una de las curtidur\u00edas m\u00e1s antiguas utilizando t\u00e9cnicas centenarias para dar al cuero acabado un aspecto antiguo \/ vintage.<br \/>\nPara los tama\u00f1os, permita 1-2 cm difiere debido a la medida manual.<br \/>\nLas im\u00e1genes son 100% reales.<br \/>\nDebido al monitor del ordenador y el brillo real de la toma y otras razones, habr\u00e1 una cierta diferencia de color.<\/p>\n<!-- AddThis Advanced Settings generic via filter on the_content --><!-- AddThis Share Buttons generic via filter on the_content -->","protected":false},"excerpt":{"rendered":"<p>El acabado de alta calidad del cintur\u00f3n cuero\u00a0 tambi\u00e9n se muestra en la doble costura a lo largo del cintur\u00f3n. Gracias a la tapa de rosca, el cintur\u00f3n tambi\u00e9n se puede acortar individualmente. Sobre todo, esto es una ventaja frente a un remachado firme de los cierres, ya que es posible cambiar la longitud. El ajuste flexible de la cintura solo se puede ajustar mediante el sistema de tuerca y tornillo.<\/p>\n<p>Est\u00e1 hecho de cuero de vaca y con su tratamiento de curtido tradicional te garantiza que el producto tenga una larga vida.<\/p>\n<p>Ancho: aproximadamente 3 cm. Largo: contamos con medidas de hasta\u00a0 150 cm.<\/p>\n<h5><strong>\u00bfAlguna duda? Ponte en contacto con nosotros a trav\u00e9s del bot\u00f3n del chat directo por whatsA<\/strong><strong>pp y te resolveremos las dudas al instante!<\/strong><\/h5>\n<p><!-- AddThis Advanced Settings generic via filter on get_the_excerpt --><!-- AddThis Share Buttons generic via filter on get_the_excerpt --><\/p>\n","protected":false},"featured_media":17278,"comment_status":"open","ping_status":"closed","template":"","meta":{"om_disable_all_campaigns":false,"_monsterinsights_skip_tracking":false,"_monsterinsights_sitenote_active":false,"_monsterinsights_sitenote_note":"","_monsterinsights_sitenote_category":0,"_uf_show_specific_survey":0,"_uf_disable_surveys":false},"product_brand":[1217],"product_cat":[980],"product_tag":[1087,290,332,271,334,343,335,333,1089,1034,1088],"class_list":{"0":"post-17287","1":"product","2":"type-product","3":"status-publish","4":"has-post-thumbnail","6":"product_brand-ibags-belts","7":"product_cat-cinturones-lisos","8":"product_tag-cinto","9":"product_tag-cinturon","10":"product_tag-cinturon-cuero","11":"product_tag-cinturon-cuero-para-hombre-cinturones-cuero-repujado-cinturon-cuero-trenzado-troquelado-cuero-vaca","12":"product_tag-cinturon-cuero-marron","13":"product_tag-cinturon-cuero-moderno","14":"product_tag-cinturon-cuero-natural","15":"product_tag-cinturon-cuero-vaca","16":"product_tag-cinturon-piel","17":"product_tag-cinturones","18":"product_tag-correa","20":"first","21":"instock","22":"shipping-taxable","23":"purchasable","24":"product-type-variable","25":"add-to-wishlist-after_add_to_cart","26":"layout-style-1","27":"col-md-4 col-sm-4 col-xs-6","28":"col-lg-3","29":"product-has-gallery","30":"product-style-default"},"aioseo_notices":[],"_links":{"self":[{"href":"https:\/\/www.ibagsbelts.com\/tienda\/wp-json\/wp\/v2\/product\/17287","targetHints":{"allow":["GET"]}}],"collection":[{"href":"https:\/\/www.ibagsbelts.com\/tienda\/wp-json\/wp\/v2\/product"}],"about":[{"href":"https:\/\/www.ibagsbelts.com\/tienda\/wp-json\/wp\/v2\/types\/product"}],"replies":[{"embeddable":true,"href":"https:\/\/www.ibagsbelts.com\/tienda\/wp-json\/wp\/v2\/comments?post=17287"}],"wp:featuredmedia":[{"embeddable":true,"href":"https:\/\/www.ibagsbelts.com\/tienda\/wp-json\/wp\/v2\/media\/17278"}],"wp:attachment":[{"href":"https:\/\/www.ibagsbelts.com\/tienda\/wp-json\/wp\/v2\/media?parent=17287"}],"wp:term":[{"taxonomy":"product_brand","embeddable":true,"href":"https:\/\/www.ibagsbelts.com\/tienda\/wp-json\/wp\/v2\/product_brand?post=17287"},{"taxonomy":"product_cat","embeddable":true,"href":"https:\/\/www.ibagsbelts.com\/tienda\/wp-json\/wp\/v2\/product_cat?post=17287"},{"taxonomy":"product_tag","embeddable":true,"href":"https:\/\/www.ibagsbelts.com\/tienda\/wp-json\/wp\/v2\/product_tag?post=17287"}],"curies":[{"name":"wp","href":"https:\/\/api.w.org\/{rel}","templated":true}]}}