{"id":17291,"date":"2022-08-02T21:22:53","date_gmt":"2022-08-02T19:22:53","guid":{"rendered":"https:\/\/www.ibagsbelts.com\/tienda\/?post_type=product&#038;p=17291"},"modified":"2026-03-14T20:30:00","modified_gmt":"2026-03-14T19:30:00","slug":"cinturon-mujer-piel-con-agujeros-metalicos-negro","status":"publish","type":"product","link":"https:\/\/www.ibagsbelts.com\/tienda\/producto\/cinturon-mujer-piel-con-agujeros-metalicos-negro\/","title":{"rendered":"Cintur\u00f3n mujer piel con agujeros met\u00e1licos negro"},"content":{"rendered":"<p>Cintur\u00f3n de piel para mujer decorado con agujeros met\u00e1licos por todo el cintur\u00f3n, por lo que es f\u00e1cil de ajustar, lo puedes poner en la cintura o en la cadera. Muy combinable con vestidos, faldas y pantalones.<\/p>\n<p>Est\u00e1 hecho de cuero de vaca y con su tratamiento de curtido tradicional te garantiza que el producto tenga una larga vida.<\/p>\n<p>Ancho: aproximadamente 3 cm. Largo: contamos con medidas de hasta\u00a0 110 cm.<\/p>\n<p><label class=\"\" for=\"order_comments\">Notas del pedido\u00a0<span class=\"optional\">(opcional)\u2026.. poner la medida del cintur\u00f3n que usas en cent\u00edmetros\u2026\u2026<\/span><\/label><\/p>\n<div class=\"woocommerce-tabs wc-tabs-wrapper\">\n<div id=\"tab-description\" class=\"woocommerce-Tabs-panel woocommerce-Tabs-panel--description panel entry-content wc-tab\" role=\"tabpanel\" aria-labelledby=\"tab-title-description\">\n<div class=\"container\">\n<p><strong>Aviso importante<\/strong><\/p>\n<p>Todos nuestros productos de cuero puede estar sujeta a una variaci\u00f3n natural en tama\u00f1o y color.<\/p>\n<p>Las pieles utilizadas han sido procesadas y curtidas en una de las curtidur\u00edas m\u00e1s antiguas utilizando t\u00e9cnicas centenarias para dar al cuero acabado un aspecto antiguo \/ vintage.<br \/>\nPara los tama\u00f1os, permita 1-2 cm difiere debido a la medida manual.<br \/>\nLas im\u00e1genes son 100% reales.<br \/>\nDebido al monitor del ordenador y el brillo real de la toma y otras razones, habr\u00e1 una cierta diferencia de color.<\/p>\n<div class=\"at-below-post addthis_tool\" data-url=\"https:\/\/www.ibagsbelts.com\/tienda\/producto\/cinturon-de-piel-para-mujer-3-cm-de-ancho-piel-de-vacuno-color-camel\/\"><\/div>\n<\/div>\n<\/div>\n<\/div>\n<p>&nbsp;<\/p>\n<!-- AddThis Advanced Settings generic via filter on the_content --><!-- AddThis Share Buttons generic via filter on the_content -->","protected":false},"excerpt":{"rendered":"<p>Cintur\u00f3n de piel para mujer decorado con agujeros met\u00e1licos por todo el cintur\u00f3n, por lo que es f\u00e1cil de ajustar, lo puedes poner en la cintura o en la cadera. Muy combinable con vestidos, faldas y pantalones.<\/p>\n<p>Est\u00e1 hecho de cuero de vaca y con su tratamiento de curtido tradicional te garantiza que el producto tenga una larga vida.<\/p>\n<p>Ancho: aproximadamente 3 cm. Largo: contamos con medidas de hasta\u00a0 150 cm.<\/p>\n<p><label class=\"\" for=\"order_comments\">Notas del pedido\u00a0<span class=\"optional\">(opcional)\u2026.. poner la medida del cintur\u00f3n que usas en cent\u00edmetros.<\/span><\/label><\/p>\n<h5><strong>\u00bfAlguna duda? Ponte en contacto con nosotros a trav\u00e9s del bot\u00f3n del chat directo por whatsA<\/strong><strong>pp y te resolveremos las dudas al instante!<\/strong><\/h5>\n<p>&nbsp;<!-- AddThis Advanced Settings generic via filter on get_the_excerpt --><!-- AddThis Share Buttons generic via filter on get_the_excerpt --><\/p>\n","protected":false},"featured_media":17293,"comment_status":"open","ping_status":"closed","template":"","meta":{"om_disable_all_campaigns":false,"_monsterinsights_skip_tracking":false,"_monsterinsights_sitenote_active":false,"_monsterinsights_sitenote_note":"","_monsterinsights_sitenote_category":0,"_uf_show_specific_survey":0,"_uf_disable_surveys":false},"product_brand":[1217],"product_cat":[393],"product_tag":[1087,290,332,343,337,333,1089,1034],"class_list":{"0":"post-17291","1":"product","2":"type-product","3":"status-publish","4":"has-post-thumbnail","6":"product_brand-ibags-belts","7":"product_cat-cinturon-con-tachas","8":"product_tag-cinto","9":"product_tag-cinturon","10":"product_tag-cinturon-cuero","11":"product_tag-cinturon-cuero-moderno","12":"product_tag-cinturon-cuero-tachas","13":"product_tag-cinturon-cuero-vaca","14":"product_tag-cinturon-piel","15":"product_tag-cinturones","17":"first","18":"outofstock","19":"shipping-taxable","20":"purchasable","21":"product-type-simple","22":"add-to-wishlist-after_add_to_cart","23":"layout-style-1","24":"col-md-4 col-sm-4 col-xs-6","25":"col-lg-3","26":"product-has-gallery","27":"product-style-default"},"aioseo_notices":[],"_links":{"self":[{"href":"https:\/\/www.ibagsbelts.com\/tienda\/wp-json\/wp\/v2\/product\/17291","targetHints":{"allow":["GET"]}}],"collection":[{"href":"https:\/\/www.ibagsbelts.com\/tienda\/wp-json\/wp\/v2\/product"}],"about":[{"href":"https:\/\/www.ibagsbelts.com\/tienda\/wp-json\/wp\/v2\/types\/product"}],"replies":[{"embeddable":true,"href":"https:\/\/www.ibagsbelts.com\/tienda\/wp-json\/wp\/v2\/comments?post=17291"}],"wp:featuredmedia":[{"embeddable":true,"href":"https:\/\/www.ibagsbelts.com\/tienda\/wp-json\/wp\/v2\/media\/17293"}],"wp:attachment":[{"href":"https:\/\/www.ibagsbelts.com\/tienda\/wp-json\/wp\/v2\/media?parent=17291"}],"wp:term":[{"taxonomy":"product_brand","embeddable":true,"href":"https:\/\/www.ibagsbelts.com\/tienda\/wp-json\/wp\/v2\/product_brand?post=17291"},{"taxonomy":"product_cat","embeddable":true,"href":"https:\/\/www.ibagsbelts.com\/tienda\/wp-json\/wp\/v2\/product_cat?post=17291"},{"taxonomy":"product_tag","embeddable":true,"href":"https:\/\/www.ibagsbelts.com\/tienda\/wp-json\/wp\/v2\/product_tag?post=17291"}],"curies":[{"name":"wp","href":"https:\/\/api.w.org\/{rel}","templated":true}]}}