{"id":17304,"date":"2022-08-02T22:01:03","date_gmt":"2022-08-02T20:01:03","guid":{"rendered":"https:\/\/www.ibagsbelts.com\/tienda\/?post_type=product&#038;p=17304"},"modified":"2026-03-14T20:28:29","modified_gmt":"2026-03-14T19:28:29","slug":"mochila-antirrobo-de-cuero-mediana-caoba","status":"publish","type":"product","link":"https:\/\/www.ibagsbelts.com\/tienda\/producto\/mochila-antirrobo-de-cuero-mediana-caoba\/","title":{"rendered":"Mochila mediana antirrobo de cuero caoba Rose"},"content":{"rendered":"<p>Esta mochila fusiona un dise\u00f1o excepcional con practicidad y comodidad. Es el compa\u00f1ero perfecto para tu tiempo libre, aportando un toque deportivo y elegante mientras ofrece amplio espacio de almacenamiento para todas tus pertenencias. Ya sea para pasear por la ciudad, un viaje de fin de semana, un d\u00eda en la playa o una excursi\u00f3n, esta mochila es siempre digna de confianza.<\/p>\n<p>El compartimento interior es lo suficientemente espacioso para guardar una c\u00e1mara o un impermeable, y su revestimiento interior resistente est\u00e1 dise\u00f1ado con algod\u00f3n para mayor durabilidad. La correa ajustable garantiza comodidad y adaptabilidad a tus necesidades, y su dise\u00f1o simple se adapta a cualquier estilo. Esta mochila no solo es funcional sino tambi\u00e9n un accesorio de moda que elevar\u00e1 tus aventuras cotidianas. \u00a1Prep\u00e1rate para llevar contigo un toque de elegancia y practicidad!<\/p>\n<p style=\"text-align: left;\"><strong>Aviso importante<\/strong><\/p>\n<p style=\"text-align: left;\">Todos nuestros productos de cuero est\u00e1n hechos a mano y su nueva bolsa de cuero puede estar sujeta a una variaci\u00f3n natural en tama\u00f1o y color.<br \/>\nPara los tama\u00f1os, permita 1-2 cm difiere debido a la medida manual.<br \/>\nLas im\u00e1genes son 100% reales.<br \/>\nDebido al monitor del ordenador y el brillo real de la toma y otras razones, habr\u00e1 una cierta diferencia de color.<\/p>\n<!-- AddThis Advanced Settings generic via filter on the_content --><!-- AddThis Share Buttons generic via filter on the_content -->","protected":false},"excerpt":{"rendered":"<p style=\"text-align: left;\">Esta mochila combina un dise\u00f1o excepcional con la practicidad y comodidad.<\/p>\n<p style=\"text-align: left;\">La mochila es el compa\u00f1ero perfecto para tu tiempo libre.Deportivo y elegante, te ofrece espacio de almacenamiento para todas tus cosas. Ya sea para llevar en tu paseo por la ciudad, en un viaje de fin de semana, a la playa o para ir de excursi\u00f3n, siempre podr\u00e1s confiar en este accesorio.<\/p>\n<p style=\"text-align: left;\">El compartimento interior ofrece un mont\u00f3n de espacio para una c\u00e1mara o un impermeable. Adem\u00e1s, el interior est\u00e1 dise\u00f1ado con algod\u00f3n resistente. Tiene una c\u00f3moda correa que permite ajustarse a tus necesidades. El dise\u00f1o simple se adapta a cualquiera.<\/p>\n<p style=\"text-align: left;\">Medidas: \u00a0 \u00a0 25 cm largo \u00d7 40 cm alto \u00d7 14 cm.<\/p>\n<h5 style=\"text-align: center;\"><strong>\u00bfAlguna duda? Ponte en contacto con nosotros a trav\u00e9s del bot\u00f3n del chat directo por whatsApp y te resolveremos las dudas al instante!<\/strong><\/h5>\n<p><!-- AddThis Advanced Settings generic via filter on get_the_excerpt --><!-- AddThis Share Buttons generic via filter on get_the_excerpt --><\/p>\n","protected":false},"featured_media":17306,"comment_status":"open","ping_status":"closed","template":"","meta":{"om_disable_all_campaigns":false,"_monsterinsights_skip_tracking":false,"_monsterinsights_sitenote_active":false,"_monsterinsights_sitenote_note":"","_monsterinsights_sitenote_category":0,"_uf_show_specific_survey":0,"_uf_disable_surveys":false},"product_brand":[1217],"product_cat":[400],"product_tag":[275,322,310,311,352,347,349,325,304],"class_list":{"0":"post-17304","1":"product","2":"type-product","3":"status-publish","4":"has-post-thumbnail","6":"product_brand-ibags-belts","7":"product_cat-mochilas-medianas","8":"product_tag-mochila-de-cuero-para-hombre-bolso-de-cuero-para-mujer-bolso-de-cuero-hecho-a-mano-bolso-cuero-grabado-bolso-cuero-hombre-artesanal-bolso-cuero-hecho-a-mano-bolsos-cuero-y-kilim","9":"product_tag-mochila-clasica-marroqui","10":"product_tag-mochila-cuero","11":"product_tag-mochila-cuero-marroqui","12":"product_tag-mochila-dos-cremalleras-marroqui","13":"product_tag-mochila-hecho-a-mano","14":"product_tag-mochila-marruecos","15":"product_tag-mochilas","16":"product_tag-mochilas-cuero-con-cremalleras","18":"first","19":"instock","20":"shipping-taxable","21":"purchasable","22":"product-type-simple","23":"add-to-wishlist-after_add_to_cart","24":"layout-style-1","25":"col-md-4 col-sm-4 col-xs-6","26":"col-lg-3","27":"product-has-gallery","28":"product-style-default"},"aioseo_notices":[],"_links":{"self":[{"href":"https:\/\/www.ibagsbelts.com\/tienda\/wp-json\/wp\/v2\/product\/17304","targetHints":{"allow":["GET"]}}],"collection":[{"href":"https:\/\/www.ibagsbelts.com\/tienda\/wp-json\/wp\/v2\/product"}],"about":[{"href":"https:\/\/www.ibagsbelts.com\/tienda\/wp-json\/wp\/v2\/types\/product"}],"replies":[{"embeddable":true,"href":"https:\/\/www.ibagsbelts.com\/tienda\/wp-json\/wp\/v2\/comments?post=17304"}],"wp:featuredmedia":[{"embeddable":true,"href":"https:\/\/www.ibagsbelts.com\/tienda\/wp-json\/wp\/v2\/media\/17306"}],"wp:attachment":[{"href":"https:\/\/www.ibagsbelts.com\/tienda\/wp-json\/wp\/v2\/media?parent=17304"}],"wp:term":[{"taxonomy":"product_brand","embeddable":true,"href":"https:\/\/www.ibagsbelts.com\/tienda\/wp-json\/wp\/v2\/product_brand?post=17304"},{"taxonomy":"product_cat","embeddable":true,"href":"https:\/\/www.ibagsbelts.com\/tienda\/wp-json\/wp\/v2\/product_cat?post=17304"},{"taxonomy":"product_tag","embeddable":true,"href":"https:\/\/www.ibagsbelts.com\/tienda\/wp-json\/wp\/v2\/product_tag?post=17304"}],"curies":[{"name":"wp","href":"https:\/\/api.w.org\/{rel}","templated":true}]}}