{"id":17336,"date":"2022-08-03T17:28:49","date_gmt":"2022-08-03T15:28:49","guid":{"rendered":"https:\/\/www.ibagsbelts.com\/tienda\/?post_type=product&#038;p=17336"},"modified":"2026-03-14T20:27:14","modified_gmt":"2026-03-14T19:27:14","slug":"cinturon-rockero-de-cuero-con-tachuelas-color-negro","status":"publish","type":"product","link":"https:\/\/www.ibagsbelts.com\/tienda\/producto\/cinturon-rockero-de-cuero-con-tachuelas-color-negro\/","title":{"rendered":"Cintur\u00f3n rockero de Cuero con Tachuelas color Negro"},"content":{"rendered":"<p><span style=\"font-size: 1.4rem;\">Este cintur\u00f3n con tachuelas est\u00e1 hecho de cuero de vaca, que es suave al tacto y c\u00f3modo de llevar. El cabezal de la hebilla est\u00e1 hecho de metal, resistente a la corrosi\u00f3n, resistente y duradero.<\/span><\/p>\n<div id=\"featurebullets_feature_div\" class=\"celwidget\" data-feature-name=\"featurebullets\" data-csa-c-id=\"jy4ada-xcb2sb-7jg30r-mwh28s\" data-cel-widget=\"featurebullets_feature_div\">\n<div id=\"feature-bullets\" class=\"a-section a-spacing-medium a-spacing-top-small\">\n<p><span class=\"a-list-item\">Dise\u00f1o Rock Punk: este dise\u00f1o cl\u00e1sico de cintur\u00f3n incorpora elementos de remache, los remaches de plata brillante de 4 filas est\u00e1n incrustados en el cintur\u00f3n de forma firme y ordenada, lo que puede presentar un brillo bajo el sol o la luz diaria, lo que le brinda f\u00e1cilmente un aspecto punk rock en el tiempo libre. la vida.<\/span><\/p>\n<p><span class=\"a-list-item\">Cierre: Tornillo de hebilla<\/span><\/p>\n<p><span class=\"a-list-item\">Cintur\u00f3n que combina con todo: el cintur\u00f3n de cuero punk de moda es f\u00e1cil de combinar con varias prendas, como jeans, chaquetas, camisas, vestidos de cuero, etc., el color puro y los remaches cl\u00e1sicos hacen que el cintur\u00f3n sea deslumbrante y llamativo.<\/span><\/p>\n<p><span class=\"a-list-item\">Este cintur\u00f3n punk es adecuado para personas a las que les gustan los remaches y los elementos punk, es la opci\u00f3n ideal para bailarines, hombres y mujeres, entusiastas del rock, punk y hip hop, lo que puede ayudar a mostrar personalidad y un aspecto atractivo.<\/span><\/p>\n<p><span class=\"a-list-item\">El cintur\u00f3n moderno y retro est\u00e1 dise\u00f1ado con elementos de remaches punk, cuando usa este cintur\u00f3n, puede participar en cualquier ocasi\u00f3n que desee, incluida la vida diaria, el lugar de trabajo, fiestas, disfraces, cosplay g\u00f3tico y m\u00e1s.<\/span><\/p>\n<\/div>\n<\/div>\n<div id=\"provenanceCertifications_feature_div\" class=\"celwidget\" data-feature-name=\"provenanceCertifications\" data-csa-c-id=\"6lw94y-dffeng-cehofd-v6uiw6\" data-cel-widget=\"provenanceCertifications_feature_div\"><\/div>\n<div id=\"edpIngress_feature_div\" class=\"celwidget\" data-feature-name=\"edpIngress\" data-csa-c-id=\"emq09z-zfrymg-jxxdk7-b4kxsw\" data-cel-widget=\"edpIngress_feature_div\"><strong style=\"font-size: 1.4rem;\">Aviso importante<\/strong><\/div>\n<p>Todos nuestros productos de cuero puede estar sujeta a una variaci\u00f3n natural en tama\u00f1o y color.<\/p>\n<p>Las pieles utilizadas han sido procesadas y curtidas en una de las curtidoras m\u00e1s antiguas utilizando t\u00e9cnicas centenarias para dar al cuero acabado un aspecto antiguo \/ vintage.<br \/>\nPara los tama\u00f1os, permita 1-2 cm diferencia debido a la medida manual.<br \/>\nLas im\u00e1genes son 100% reales.<br \/>\nDebido al monitor del ordenador y el brillo real de la toma y otras razones, habr\u00e1 una cierta diferencia de color.<\/p>\n<!-- AddThis Advanced Settings generic via filter on the_content --><!-- AddThis Share Buttons generic via filter on the_content -->","protected":false},"excerpt":{"rendered":"<p>Este cintur\u00f3n con tachuelas est\u00e1 hecho de cuero de vaca, que es suave al tacto y c\u00f3modo de llevar. El cabezal de la hebilla est\u00e1 hecho de metal, resistente a la corrosi\u00f3n, resistente y duradero.<\/p>\n<div id=\"featurebullets_feature_div\" class=\"celwidget\" data-feature-name=\"featurebullets\" data-csa-c-id=\"jy4ada-xcb2sb-7jg30r-mwh28s\" data-cel-widget=\"featurebullets_feature_div\">\n<div id=\"feature-bullets\" class=\"a-section a-spacing-medium a-spacing-top-small\">\n<p><span class=\"a-list-item\">Dise\u00f1o Rock Punk: este dise\u00f1o cl\u00e1sico de cintur\u00f3n incorpora elementos de remache, los remaches de plata brillante de 4 filas est\u00e1n incrustados en el cintur\u00f3n de forma firme y ordenada, lo que puede presentar un brillo bajo el sol o la luz diaria, lo que le brinda f\u00e1cilmente un aspecto punk rock en el tiempo libre.\u00a0<\/span><\/p>\n<p><span class=\"a-list-item\">El cintur\u00f3n para hombre o mujer puede ajustarse a cinturas de menos de 150 cm (m\u00e1ximo), y es ajustable (puede cambiar la longitud con unas tijeras).<\/span><\/p>\n<p><span class=\"a-list-item\">Tama\u00f1os de cinturones de cuero ancho (4 cm).\u00a0<\/span><span class=\"a-list-item\">Cierre con hebilla, cintur\u00f3n\u00a0<\/span><span class=\"a-list-item\">cuero genuino (cintur\u00f3n) + aleaci\u00f3n (hebilla).<\/span><\/p>\n<p><span class=\"a-list-item\">\u00a0\u00a1la hebilla f\u00e1cil de quitar le permite cortar el cintur\u00f3n a su tama\u00f1o ideal!.<\/span><\/p>\n<\/div>\n<\/div>\n<h5><strong>\u00bfAlguna duda? Ponte en contacto con nosotros a trav\u00e9s del bot\u00f3n del chat directo por whatsApp y te resolveremos las dudas al instante!<\/strong><\/h5>\n<p><!-- AddThis Advanced Settings generic via filter on get_the_excerpt --><!-- AddThis Share Buttons generic via filter on get_the_excerpt --><\/p>\n","protected":false},"featured_media":35928,"comment_status":"open","ping_status":"closed","template":"","meta":{"om_disable_all_campaigns":false,"_monsterinsights_skip_tracking":false,"_monsterinsights_sitenote_active":false,"_monsterinsights_sitenote_note":"","_monsterinsights_sitenote_category":0,"_uf_show_specific_survey":0,"_uf_disable_surveys":false},"product_brand":[1217],"product_cat":[393],"product_tag":[1087,290,332,264,271,337,1089,1034,1088],"class_list":{"0":"post-17336","1":"product","2":"type-product","3":"status-publish","4":"has-post-thumbnail","6":"product_brand-ibags-belts","7":"product_cat-cinturon-con-tachas","8":"product_tag-cinto","9":"product_tag-cinturon","10":"product_tag-cinturon-cuero","11":"product_tag-cinturon-cuero-de-vaca-cuero-de-cuero-cinturon-de-cuero-chapa","12":"product_tag-cinturon-cuero-para-hombre-cinturones-cuero-repujado-cinturon-cuero-trenzado-troquelado-cuero-vaca","13":"product_tag-cinturon-cuero-tachas","14":"product_tag-cinturon-piel","15":"product_tag-cinturones","16":"product_tag-correa","18":"first","19":"outofstock","20":"shipping-taxable","21":"product-type-variable","22":"add-to-wishlist-after_add_to_cart","23":"layout-style-1","24":"col-md-4 col-sm-4 col-xs-6","25":"col-lg-3","26":"product-has-gallery","27":"product-style-default"},"aioseo_notices":[],"_links":{"self":[{"href":"https:\/\/www.ibagsbelts.com\/tienda\/wp-json\/wp\/v2\/product\/17336","targetHints":{"allow":["GET"]}}],"collection":[{"href":"https:\/\/www.ibagsbelts.com\/tienda\/wp-json\/wp\/v2\/product"}],"about":[{"href":"https:\/\/www.ibagsbelts.com\/tienda\/wp-json\/wp\/v2\/types\/product"}],"replies":[{"embeddable":true,"href":"https:\/\/www.ibagsbelts.com\/tienda\/wp-json\/wp\/v2\/comments?post=17336"}],"wp:featuredmedia":[{"embeddable":true,"href":"https:\/\/www.ibagsbelts.com\/tienda\/wp-json\/wp\/v2\/media\/35928"}],"wp:attachment":[{"href":"https:\/\/www.ibagsbelts.com\/tienda\/wp-json\/wp\/v2\/media?parent=17336"}],"wp:term":[{"taxonomy":"product_brand","embeddable":true,"href":"https:\/\/www.ibagsbelts.com\/tienda\/wp-json\/wp\/v2\/product_brand?post=17336"},{"taxonomy":"product_cat","embeddable":true,"href":"https:\/\/www.ibagsbelts.com\/tienda\/wp-json\/wp\/v2\/product_cat?post=17336"},{"taxonomy":"product_tag","embeddable":true,"href":"https:\/\/www.ibagsbelts.com\/tienda\/wp-json\/wp\/v2\/product_tag?post=17336"}],"curies":[{"name":"wp","href":"https:\/\/api.w.org\/{rel}","templated":true}]}}