{"id":17356,"date":"2022-08-03T20:46:53","date_gmt":"2022-08-03T18:46:53","guid":{"rendered":"https:\/\/www.ibagsbelts.com\/tienda\/?post_type=product&#038;p=17356"},"modified":"2026-03-14T20:26:24","modified_gmt":"2026-03-14T19:26:24","slug":"mochila-de-cuero-con-sol-artesanal","status":"publish","type":"product","link":"https:\/\/www.ibagsbelts.com\/tienda\/producto\/mochila-de-cuero-con-sol-artesanal\/","title":{"rendered":"Mochila de cuero con sol artesanal Stanley"},"content":{"rendered":"<p style=\"text-align: left;\">\u00a1Descubre nuestra impresionante mochila de cuero SOL, dise\u00f1ada para alegrar tus d\u00edas con su radiante dise\u00f1o artesanal! Fabricada completamente en cuero y forrada interiormente para garantizar calidad y durabilidad, esta mochila es la elecci\u00f3n perfecta para cualquier ocasi\u00f3n.<\/p>\n<p style=\"text-align: left;\">Inspirada en el sol, cada detalle de esta mochila ha sido cuidadosamente elaborado a mano, desde sus peque\u00f1os rayos hasta su dise\u00f1o armonioso que crea una obra de arte \u00fanica.<\/p>\n<p style=\"text-align: left;\">Con tres bolsillos, incluyendo dos frontales y uno trasero oculto, esta mochila ofrece un amplio espacio para guardar tus pertenencias de forma segura mientras te desplazas. Ya sea para ir de excursi\u00f3n, para el d\u00eda a d\u00eda como sustituci\u00f3n del bolso, o para llevarla a la universidad, esta mochila es vers\u00e1til y pr\u00e1ctica.<\/p>\n<p style=\"text-align: left;\">Fabricada artesanalmente y con colores obtenidos a base de tintes naturales, esta mochila no solo es funcional, sino que tambi\u00e9n es respetuosa con el medio ambiente. \u00a1Hazte con ella y deslumbra con estilo y originalidad dondequiera que vayas!<\/p>\n<p style=\"text-align: left;\"><strong>Aviso importante<\/strong><\/p>\n<p style=\"text-align: left;\">Todos nuestros productos de cuero est\u00e1n hechos a mano y su nueva bolsa de cuero puede estar sujeta a una variaci\u00f3n natural en tama\u00f1o y color.<br \/>\nPara los tama\u00f1os, permita 1-2 cm difiere debido a la medida manual.<br \/>\nLas im\u00e1genes son 100% reales.<br \/>\nDebido al monitor del ordenador y el brillo real de la toma y otras razones, habr\u00e1 una cierta diferencia de color.<\/p>\n<!-- AddThis Advanced Settings generic via filter on the_content --><!-- AddThis Share Buttons generic via filter on the_content -->","protected":false},"excerpt":{"rendered":"<p>Mochila realizada 100% en cuero, forrada interiormente que le aporta calidad y durabilidad.<\/p>\n<p>Perfecta para ir de excursi\u00f3n o usarla en el d\u00eda a d\u00eda como sustituci\u00f3n del bolso, o para usarla en la universidad.<br \/>\nTiene 4 bolsillos, 3 frontales y un bolsillo en la parte trasera oculto para guardar cosas valiosas.<\/p>\n<p>Fabricada a mano y con colores realizados a base de tintes Naturales.<\/p>\n<p>Medidas 38 cm x 28 cm X 8 cm<\/p>\n<h5><strong>\u00bfAlguna duda? Ponte en contacto con nosotros a trav\u00e9s del bot\u00f3n del chat directo por whatsApp y te resolveremos las dudas al instante!<\/strong><\/h5>\n<p>&nbsp;<!-- AddThis Advanced Settings generic via filter on get_the_excerpt --><!-- AddThis Share Buttons generic via filter on get_the_excerpt --><\/p>\n","protected":false},"featured_media":17360,"comment_status":"open","ping_status":"closed","template":"","meta":{"om_disable_all_campaigns":false,"_monsterinsights_skip_tracking":false,"_monsterinsights_sitenote_active":false,"_monsterinsights_sitenote_note":"","_monsterinsights_sitenote_category":0,"_uf_show_specific_survey":0,"_uf_disable_surveys":false},"product_brand":[1217],"product_cat":[400],"product_tag":[275,322,310,311,269,352,347,349,325,304],"class_list":{"0":"post-17356","1":"product","2":"type-product","3":"status-publish","4":"has-post-thumbnail","6":"product_brand-ibags-belts","7":"product_cat-mochilas-medianas","8":"product_tag-mochila-de-cuero-para-hombre-bolso-de-cuero-para-mujer-bolso-de-cuero-hecho-a-mano-bolso-cuero-grabado-bolso-cuero-hombre-artesanal-bolso-cuero-hecho-a-mano-bolsos-cuero-y-kilim","9":"product_tag-mochila-clasica-marroqui","10":"product_tag-mochila-cuero","11":"product_tag-mochila-cuero-marroqui","12":"product_tag-bolso-de-cuero-para-hombre-bolso-de-cuero-para-mujer-bolso-de-cuero-hecho-a-mano-bolso-cuero-grabado-bolso-cuero-hombre-artesanal-bolso-cuero-hecho-a-mano-bolsos-cuero-y-kilim-bolso-cuero-mochila","13":"product_tag-mochila-dos-cremalleras-marroqui","14":"product_tag-mochila-hecho-a-mano","15":"product_tag-mochila-marruecos","16":"product_tag-mochilas","17":"product_tag-mochilas-cuero-con-cremalleras","19":"first","20":"instock","21":"shipping-taxable","22":"purchasable","23":"product-type-variable","24":"add-to-wishlist-after_add_to_cart","25":"layout-style-1","26":"col-md-4 col-sm-4 col-xs-6","27":"col-lg-3","28":"product-has-gallery","29":"product-style-default"},"aioseo_notices":[],"_links":{"self":[{"href":"https:\/\/www.ibagsbelts.com\/tienda\/wp-json\/wp\/v2\/product\/17356","targetHints":{"allow":["GET"]}}],"collection":[{"href":"https:\/\/www.ibagsbelts.com\/tienda\/wp-json\/wp\/v2\/product"}],"about":[{"href":"https:\/\/www.ibagsbelts.com\/tienda\/wp-json\/wp\/v2\/types\/product"}],"replies":[{"embeddable":true,"href":"https:\/\/www.ibagsbelts.com\/tienda\/wp-json\/wp\/v2\/comments?post=17356"}],"wp:featuredmedia":[{"embeddable":true,"href":"https:\/\/www.ibagsbelts.com\/tienda\/wp-json\/wp\/v2\/media\/17360"}],"wp:attachment":[{"href":"https:\/\/www.ibagsbelts.com\/tienda\/wp-json\/wp\/v2\/media?parent=17356"}],"wp:term":[{"taxonomy":"product_brand","embeddable":true,"href":"https:\/\/www.ibagsbelts.com\/tienda\/wp-json\/wp\/v2\/product_brand?post=17356"},{"taxonomy":"product_cat","embeddable":true,"href":"https:\/\/www.ibagsbelts.com\/tienda\/wp-json\/wp\/v2\/product_cat?post=17356"},{"taxonomy":"product_tag","embeddable":true,"href":"https:\/\/www.ibagsbelts.com\/tienda\/wp-json\/wp\/v2\/product_tag?post=17356"}],"curies":[{"name":"wp","href":"https:\/\/api.w.org\/{rel}","templated":true}]}}