{"id":17539,"date":"2022-08-11T19:31:57","date_gmt":"2022-08-11T17:31:57","guid":{"rendered":"https:\/\/www.ibagsbelts.com\/tienda\/?post_type=product&#038;p=17539"},"modified":"2026-03-14T20:23:19","modified_gmt":"2026-03-14T19:23:19","slug":"cinturon-de-cuero-con-pelo-y-tachas-4-cm","status":"publish","type":"product","link":"https:\/\/www.ibagsbelts.com\/tienda\/producto\/cinturon-de-cuero-con-pelo-y-tachas-4-cm\/","title":{"rendered":"Cintur\u00f3n de cuero con pelo y tachas 4 cm"},"content":{"rendered":"<p>Este magn\u00edfico cintur\u00f3n ancho de 4 cm con cuero y pelo de vaca y las tachas color plata que le dan ese toque ca\u00f1ero que buscas en un complemento.<br \/>\nPuedes llevarlo ajustado a la cintura o suelto sobre la cadera, su hebilla de fabricaci\u00f3n artesanal con aleaci\u00f3n de metales te dan ese toque bohemio.<\/p>\n<p>Es el cintur\u00f3n que necesitas para completar tu outfit.<br \/>\nMEDIDAS APROX\u00a0 <span style=\"font-size: 1.4rem;\">85 cm hasta 115 cm de largo\u00a0<\/span><\/p>\n<p style=\"text-align: center;\"><strong>Aviso importante<\/strong><\/p>\n<p>Todos nuestros productos de cuero puede estar sujeta a una variaci\u00f3n natural en tama\u00f1o y color.<\/p>\n<p>Las pieles utilizadas han sido procesadas y curtidas en una de las curtidoras m\u00e1s antiguas utilizando t\u00e9cnicas centenarias para dar al cuero acabado un aspecto antiguo \/ vintage.<br \/>\nPara los tama\u00f1os, permita 1-2 cm diferencia debido a la medida manual.<br \/>\nLas im\u00e1genes son 100% reales.<br \/>\nDebido al monitor del ordenador y el brillo real de la toma y otras razones, habr\u00e1 una cierta diferencia de color.<\/p>\n<!-- AddThis Advanced Settings generic via filter on the_content --><!-- AddThis Share Buttons generic via filter on the_content -->","protected":false},"excerpt":{"rendered":"<p>Este magn\u00edfico cintur\u00f3n ancho de 4 cm con cuero y pelo de vaca y las tachas color plata que le dan ese toque ca\u00f1ero que buscas en un complemento.<br \/>\nPuedes llevarlo ajustado a la cintura o suelto sobre la cadera, su hebilla de fabricaci\u00f3n artesanal con aleaci\u00f3n de metales te dan ese toque bohemio.<\/p>\n<p>Es el cintur\u00f3n 100% CUERO que necesitas para completar tu outfit.<br \/>\nMEDIDAS APROX\u00a0 <span style=\"font-size: 1.4rem;\">85 cm hasta 115 cm de largo.<\/span><\/p>\n<h5><strong>\u00bfAlguna duda? Ponte en contacto con nosotros a trav\u00e9s del bot\u00f3n del chat directo por whatsApp y te resolveremos las dudas al instante!<\/strong><\/h5>\n<p><!-- AddThis Advanced Settings generic via filter on get_the_excerpt --><!-- AddThis Share Buttons generic via filter on get_the_excerpt --><\/p>\n","protected":false},"featured_media":17540,"comment_status":"open","ping_status":"closed","template":"","meta":{"om_disable_all_campaigns":false,"_monsterinsights_skip_tracking":false,"_monsterinsights_sitenote_active":false,"_monsterinsights_sitenote_note":"","_monsterinsights_sitenote_category":0,"_uf_show_specific_survey":0,"_uf_disable_surveys":false},"product_brand":[1217],"product_cat":[393,395],"product_tag":[1087,290,332,340,341,343,333,1034,1088],"class_list":{"0":"post-17539","1":"product","2":"type-product","3":"status-publish","4":"has-post-thumbnail","6":"product_brand-ibags-belts","7":"product_cat-cinturon-con-tachas","8":"product_cat-cinturones-de-pelo","9":"product_tag-cinto","10":"product_tag-cinturon","11":"product_tag-cinturon-cuero","12":"product_tag-cinturon-cuero-ancho-bohemian","13":"product_tag-cinturon-cuero-boho-chic","14":"product_tag-cinturon-cuero-moderno","15":"product_tag-cinturon-cuero-vaca","16":"product_tag-cinturones","17":"product_tag-correa","19":"first","20":"outofstock","21":"shipping-taxable","22":"purchasable","23":"product-type-simple","24":"add-to-wishlist-after_add_to_cart","25":"layout-style-1","26":"col-md-4 col-sm-4 col-xs-6","27":"col-lg-3","28":"product-has-gallery","29":"product-style-default"},"aioseo_notices":[],"_links":{"self":[{"href":"https:\/\/www.ibagsbelts.com\/tienda\/wp-json\/wp\/v2\/product\/17539","targetHints":{"allow":["GET"]}}],"collection":[{"href":"https:\/\/www.ibagsbelts.com\/tienda\/wp-json\/wp\/v2\/product"}],"about":[{"href":"https:\/\/www.ibagsbelts.com\/tienda\/wp-json\/wp\/v2\/types\/product"}],"replies":[{"embeddable":true,"href":"https:\/\/www.ibagsbelts.com\/tienda\/wp-json\/wp\/v2\/comments?post=17539"}],"wp:featuredmedia":[{"embeddable":true,"href":"https:\/\/www.ibagsbelts.com\/tienda\/wp-json\/wp\/v2\/media\/17540"}],"wp:attachment":[{"href":"https:\/\/www.ibagsbelts.com\/tienda\/wp-json\/wp\/v2\/media?parent=17539"}],"wp:term":[{"taxonomy":"product_brand","embeddable":true,"href":"https:\/\/www.ibagsbelts.com\/tienda\/wp-json\/wp\/v2\/product_brand?post=17539"},{"taxonomy":"product_cat","embeddable":true,"href":"https:\/\/www.ibagsbelts.com\/tienda\/wp-json\/wp\/v2\/product_cat?post=17539"},{"taxonomy":"product_tag","embeddable":true,"href":"https:\/\/www.ibagsbelts.com\/tienda\/wp-json\/wp\/v2\/product_tag?post=17539"}],"curies":[{"name":"wp","href":"https:\/\/api.w.org\/{rel}","templated":true}]}}