{"id":17751,"date":"2022-08-25T11:28:10","date_gmt":"2022-08-25T09:28:10","guid":{"rendered":"https:\/\/www.ibagsbelts.com\/tienda\/?post_type=product&#038;p=17751"},"modified":"2026-03-14T20:21:40","modified_gmt":"2026-03-14T19:21:40","slug":"anillo-boho-tibetano-dorado-con-piedra-turquesa-y-rojo","status":"publish","type":"product","link":"https:\/\/www.ibagsbelts.com\/tienda\/producto\/anillo-boho-tibetano-dorado-con-piedra-turquesa-y-rojo\/","title":{"rendered":"Anillo boho Tibetano dorado con piedra turquesa y rojo"},"content":{"rendered":"<p>Maxi anillo bohemio de lat\u00f3n estilo tibetano en tono dorado envejecido, con forma ovalada terminada\u00a0 en pico y piedrecitas de colores turquesas y rojas incrustadas.<\/p>\n<p>Hecho a mano en Nepal, nacido de verdaderos artesanos que ponen todo su amor en cada pieza, haci\u00e9ndola \u00fanica e irrepetible.<\/p>\n<p>TALLA \u00daNICA, ancho adaptable a diferentes tallas.<\/p>\n<p style=\"text-align: center;\"><strong>Aviso importante<\/strong><\/p>\n<p>(Ojo, ten en cuenta que los PRODUCTOS FABRICADOS DE MANERA ARTESANAL pueden traer ciertos desperfectos propios de su elaboraci\u00f3n. Una imperfecci\u00f3n que los embellece a\u00fan m\u00e1s por su autenticidad). Formas y colores de Oriente que llenan el alma y enamoran los sentidos.<\/p>\n<!-- AddThis Advanced Settings generic via filter on the_content --><!-- AddThis Share Buttons generic via filter on the_content -->","protected":false},"excerpt":{"rendered":"<p>Maxi anillo bohemio de lat\u00f3n estilo tibetano en tono dorado envejecido, con forma ovalada terminada en pico y piedrecitas de colores turquesas y rojas incrustadas.<\/p>\n<p>Hecho a mano en Nepal, nacido de verdaderos artesanos que ponen todo su amor en cada pieza, haci\u00e9ndola \u00fanica e irrepetible.<\/p>\n<p>TALLA \u00daNICA, ancho adaptable a diferentes tallas.<\/p>\n<div class=\"woocommerce-product-details__short-description\">\n<div class=\"woocommerce-product-details__short-description\">\n<h5><strong>\u00bfAlguna duda? Ponte en contacto con nosotros a trav\u00e9s del bot\u00f3n del chat directo por whatsApp y te resolveremos las dudas al instante!<\/strong><\/h5>\n<\/div>\n<\/div>\n<p><!-- AddThis Advanced Settings generic via filter on get_the_excerpt --><!-- AddThis Share Buttons generic via filter on get_the_excerpt --><\/p>\n","protected":false},"featured_media":17752,"comment_status":"open","ping_status":"closed","template":"","meta":{"om_disable_all_campaigns":false,"_monsterinsights_skip_tracking":false,"_monsterinsights_sitenote_active":false,"_monsterinsights_sitenote_note":"","_monsterinsights_sitenote_category":0,"_uf_show_specific_survey":0,"_uf_disable_surveys":false},"product_brand":[1217],"product_cat":[952,962],"product_tag":[1091,1092,743,744,745,746,738],"class_list":{"0":"post-17751","1":"product","2":"type-product","3":"status-publish","4":"has-post-thumbnail","6":"product_brand-ibags-belts","7":"product_cat-anillos","8":"product_cat-bisuteria","9":"product_tag-anillo","10":"product_tag-bisuteria","11":"product_tag-estilo-boho","12":"product_tag-estilo-bohochic","13":"product_tag-estilo-hippie","14":"product_tag-estilo-hippiechic","15":"product_tag-hippie","17":"first","18":"instock","19":"shipping-taxable","20":"purchasable","21":"product-type-simple","22":"add-to-wishlist-after_add_to_cart","23":"layout-style-1","24":"col-md-4 col-sm-4 col-xs-6","25":"col-lg-3","26":"product-style-default"},"aioseo_notices":[],"_links":{"self":[{"href":"https:\/\/www.ibagsbelts.com\/tienda\/wp-json\/wp\/v2\/product\/17751","targetHints":{"allow":["GET"]}}],"collection":[{"href":"https:\/\/www.ibagsbelts.com\/tienda\/wp-json\/wp\/v2\/product"}],"about":[{"href":"https:\/\/www.ibagsbelts.com\/tienda\/wp-json\/wp\/v2\/types\/product"}],"replies":[{"embeddable":true,"href":"https:\/\/www.ibagsbelts.com\/tienda\/wp-json\/wp\/v2\/comments?post=17751"}],"wp:featuredmedia":[{"embeddable":true,"href":"https:\/\/www.ibagsbelts.com\/tienda\/wp-json\/wp\/v2\/media\/17752"}],"wp:attachment":[{"href":"https:\/\/www.ibagsbelts.com\/tienda\/wp-json\/wp\/v2\/media?parent=17751"}],"wp:term":[{"taxonomy":"product_brand","embeddable":true,"href":"https:\/\/www.ibagsbelts.com\/tienda\/wp-json\/wp\/v2\/product_brand?post=17751"},{"taxonomy":"product_cat","embeddable":true,"href":"https:\/\/www.ibagsbelts.com\/tienda\/wp-json\/wp\/v2\/product_cat?post=17751"},{"taxonomy":"product_tag","embeddable":true,"href":"https:\/\/www.ibagsbelts.com\/tienda\/wp-json\/wp\/v2\/product_tag?post=17751"}],"curies":[{"name":"wp","href":"https:\/\/api.w.org\/{rel}","templated":true}]}}