{"id":17897,"date":"2022-08-28T00:05:12","date_gmt":"2022-08-27T22:05:12","guid":{"rendered":"https:\/\/www.ibagsbelts.com\/tienda\/?post_type=product&#038;p=17897"},"modified":"2026-03-14T20:10:46","modified_gmt":"2026-03-14T19:10:46","slug":"cabeza-de-animal-tejida-gacela","status":"publish","type":"product","link":"https:\/\/www.ibagsbelts.com\/tienda\/producto\/cabeza-de-animal-tejida-gacela\/","title":{"rendered":"Cabeza de animal esparto tejida, gacela"},"content":{"rendered":"<p style=\"text-align: left;\">\u00a1Dale a tu hogar un toque ex\u00f3tico y \u00fanico con nuestra cabeza de gacela tejida a mano en Marruecos! Cada una de estas piezas est\u00e1 cuidadosamente elaborada por h\u00e1biles artesanos utilizando fibra vegetal natural, lo que le confiere un encanto aut\u00e9ntico y r\u00fastico.<\/p>\n<p style=\"text-align: left;\">Estas cabezas de animales montadas en la pared son una opci\u00f3n peculiar y original para la decoraci\u00f3n de tu hogar. Ya sea que las cuelgues juntas en un grupo para crear un impactante mural o que optes por exhibirlas como piezas individuales, seguramente agregar\u00e1n un toque de estilo y personalidad a cualquier espacio.<\/p>\n<p style=\"text-align: left;\">Disponible en dos tama\u00f1os, tanto la versi\u00f3n mediana como la peque\u00f1a capturan la esencia de la artesan\u00eda marroqu\u00ed y el encanto del estilo bohemio. Con dimensiones aproximadas de 40 cm de alto x 26 cm de ancho x 25 cm de profundidad para la versi\u00f3n mediana, y 30 cm de alto x 22 cm de ancho x 20 cm de profundidad para la versi\u00f3n peque\u00f1a, estas cabezas de gacela son una excelente manera de incorporar un toque de Marruecos a tu hogar.<\/p>\n<p style=\"text-align: left;\">En IBAGS BELTS, nos comprometemos a ofrecerte una experiencia de compra excepcional, con entrega r\u00e1pida, comunicaci\u00f3n fluida y una calidad impecable en cada producto que ofrecemos. Tu satisfacci\u00f3n es nuestra prioridad.<\/p>\n<p style=\"text-align: left;\"><strong>Aviso importante<\/strong><\/p>\n<p style=\"text-align: left;\">Todos nuestros productos est\u00e1n hechos a mano y su nuevo art\u00edculo puede estar sujeta a una variaci\u00f3n natural en tama\u00f1o y color.<br \/>\nPara los tama\u00f1os, permita 1-2 cm difiere debido a la medida manual.<br \/>\nLas im\u00e1genes son 100% reales.<br \/>\nDebido al monitor del ordenador y el brillo real de la toma y otras razones, habr\u00e1 una cierta diferencia de color<\/p>\n<!-- AddThis Advanced Settings generic via filter on the_content --><!-- AddThis Share Buttons generic via filter on the_content -->","protected":false},"excerpt":{"rendered":"<p>Nuestra cabeza de gacela tejida est\u00e1 tejida a mano por artesanos en Marruecos utilizando fibra vegetal natural.<\/p>\n<p>Estas cabezas de animales montadas en la pared son una\u00a0\u00a0versi\u00f3n peculiar de la decoraci\u00f3n de pared tradicional y se ven geniales colgadas juntas en un grupo o como una pieza de declaraci\u00f3n individual.<\/p>\n<p>Hecho a mano en Marruecos. Hierba Esparto<\/p>\n<p><strong>Mediana<\/strong> 40 cm de alto x 26 cm de ancho x 25 cm de profundidad.<\/p>\n<p><strong>Peque\u00f1a\u00a0<\/strong> 30 cm de alto x 22 cm de ancho x 20 cm. Todos los tama\u00f1os son aproximados.<\/p>\n<p><span class=\"a-list-item\">Su satisfacci\u00f3n es muy importante para nosotros en IBAGS BELTS, por lo que garantizamos una entrega r\u00e1pida, una comunicaci\u00f3n sin problemas y una calidad perfecta.\u00a0<\/span><\/p>\n<div class=\"woocommerce-product-details__short-description\">\n<div class=\"woocommerce-product-details__short-description\">\n<h5><b>\u00bfAlguna duda? Ponte en contacto con nosotros a trav\u00e9s del bot\u00f3n del chat directo por WhatsApp y te resolveremos las dudas al instante!<\/b><\/h5>\n<\/div>\n<\/div>\n<p><!-- AddThis Advanced Settings generic via filter on get_the_excerpt --><!-- AddThis Share Buttons generic via filter on get_the_excerpt --><\/p>\n","protected":false},"featured_media":17900,"comment_status":"open","ping_status":"closed","template":"","meta":{"om_disable_all_campaigns":false,"_monsterinsights_skip_tracking":false,"_monsterinsights_sitenote_active":false,"_monsterinsights_sitenote_note":"","_monsterinsights_sitenote_category":0,"_uf_show_specific_survey":0,"_uf_disable_surveys":false},"product_brand":[1217],"product_cat":[1296],"product_tag":[1096,1095,1097,743,744],"class_list":{"0":"post-17897","1":"product","2":"type-product","3":"status-publish","4":"has-post-thumbnail","6":"product_brand-ibags-belts","7":"product_cat-figuras-esparto","8":"product_tag-artesania","9":"product_tag-decoracion","10":"product_tag-esparto","11":"product_tag-estilo-boho","12":"product_tag-estilo-bohochic","14":"first","15":"instock","16":"shipping-taxable","17":"purchasable","18":"product-type-variable","19":"add-to-wishlist-after_add_to_cart","20":"layout-style-1","21":"col-md-4 col-sm-4 col-xs-6","22":"col-lg-3","23":"product-has-gallery","24":"product-style-default"},"aioseo_notices":[],"_links":{"self":[{"href":"https:\/\/www.ibagsbelts.com\/tienda\/wp-json\/wp\/v2\/product\/17897","targetHints":{"allow":["GET"]}}],"collection":[{"href":"https:\/\/www.ibagsbelts.com\/tienda\/wp-json\/wp\/v2\/product"}],"about":[{"href":"https:\/\/www.ibagsbelts.com\/tienda\/wp-json\/wp\/v2\/types\/product"}],"replies":[{"embeddable":true,"href":"https:\/\/www.ibagsbelts.com\/tienda\/wp-json\/wp\/v2\/comments?post=17897"}],"wp:featuredmedia":[{"embeddable":true,"href":"https:\/\/www.ibagsbelts.com\/tienda\/wp-json\/wp\/v2\/media\/17900"}],"wp:attachment":[{"href":"https:\/\/www.ibagsbelts.com\/tienda\/wp-json\/wp\/v2\/media?parent=17897"}],"wp:term":[{"taxonomy":"product_brand","embeddable":true,"href":"https:\/\/www.ibagsbelts.com\/tienda\/wp-json\/wp\/v2\/product_brand?post=17897"},{"taxonomy":"product_cat","embeddable":true,"href":"https:\/\/www.ibagsbelts.com\/tienda\/wp-json\/wp\/v2\/product_cat?post=17897"},{"taxonomy":"product_tag","embeddable":true,"href":"https:\/\/www.ibagsbelts.com\/tienda\/wp-json\/wp\/v2\/product_tag?post=17897"}],"curies":[{"name":"wp","href":"https:\/\/api.w.org\/{rel}","templated":true}]}}