{"id":18018,"date":"2022-09-01T20:20:58","date_gmt":"2022-09-01T18:20:58","guid":{"rendered":"https:\/\/www.ibagsbelts.com\/tienda\/?post_type=product&#038;p=18018"},"modified":"2026-03-14T20:07:13","modified_gmt":"2026-03-14T19:07:13","slug":"pendientes-boho-etnicos-artesanales","status":"publish","type":"product","link":"https:\/\/www.ibagsbelts.com\/tienda\/producto\/pendientes-boho-etnicos-artesanales\/","title":{"rendered":"Pendientes boho \u00e9tnicos  artesanales"},"content":{"rendered":"<p style=\"text-align: left;\">Pendientes hechos a mano tejido en macram\u00e9 y abalorios de lat\u00f3n hecho a mano 6 cm aprox.<br \/>\nGancho de alpaca.<\/p>\n<p style=\"text-align: left;\">Fabricados en\u00a0<strong>Bali<\/strong>, Indonesia, elaborada principalmente por mujeres que durante su tiempo libre dedican horas a elaborar cada una de estas piezas \u00fanicas.<\/p>\n<p style=\"text-align: left;\"><strong>Aviso importante<\/strong><\/p>\n<p style=\"text-align: left;\">(Ojo, ten en cuenta que los PRODUCTOS FABRICADOS DE MANERA ARTESANAL pueden traer ciertos desperfectos propios de su elaboraci\u00f3n. Una imperfecci\u00f3n que los embellece a\u00fan m\u00e1s por su autenticidad). Formas y colores de Oriente que llenan el alma y enamoran los sentidos.<\/p>\n<p>&nbsp;<\/p>\n<!-- AddThis Advanced Settings generic via filter on the_content --><!-- AddThis Share Buttons generic via filter on the_content -->","protected":false},"excerpt":{"rendered":"<h5 style=\"text-align: center;\">Pendientes hechos a mano tejido en macram\u00e9 y abalorios de lat\u00f3n hecho a mano 6 cm aprox.<br \/>\nGancho de alpaca.<\/h5>\n<h5 style=\"text-align: center;\">Fabricados en\u00a0<strong>Bali<\/strong>, Indonesia, elaborada principalmente por mujeres que durante su tiempo libre dedican horas a elaborar cada una de estas piezas \u00fanicas.<\/h5>\n<div class=\"woocommerce-product-details__short-description\">\n<div class=\"woocommerce-product-details__short-description\">\n<div class=\"woocommerce-product-details__short-description\">\n<div class=\"woocommerce-product-details__short-description\">\n<h4><strong>\u00bfAlguna duda? Ponte en contacto con nosotros a trav\u00e9s del bot\u00f3n del chat directo por whatsApp y te resolveremos las dudas al instante!<\/strong><\/h4>\n<\/div>\n<\/div>\n<\/div>\n<\/div>\n<p><!-- AddThis Advanced Settings generic via filter on get_the_excerpt --><!-- AddThis Share Buttons generic via filter on get_the_excerpt --><\/p>\n","protected":false},"featured_media":18053,"comment_status":"open","ping_status":"closed","template":"","meta":{"om_disable_all_campaigns":false,"_monsterinsights_skip_tracking":false,"_monsterinsights_sitenote_active":false,"_monsterinsights_sitenote_note":"","_monsterinsights_sitenote_category":0,"_uf_show_specific_survey":0,"_uf_disable_surveys":false},"product_brand":[1217],"product_cat":[962,954],"product_tag":[736,737,753,751,792],"class_list":{"0":"post-18018","1":"product","2":"type-product","3":"status-publish","4":"has-post-thumbnail","6":"product_brand-ibags-belts","7":"product_cat-bisuteria","8":"product_cat-pendientes","9":"product_tag-boho","10":"product_tag-bohochic","11":"product_tag-complementos-de-cuero","12":"product_tag-moda","13":"product_tag-pendientes","15":"first","16":"instock","17":"shipping-taxable","18":"purchasable","19":"product-type-variable","20":"add-to-wishlist-after_add_to_cart","21":"layout-style-1","22":"col-md-4 col-sm-4 col-xs-6","23":"col-lg-3","24":"product-has-gallery","25":"product-style-default"},"aioseo_notices":[],"_links":{"self":[{"href":"https:\/\/www.ibagsbelts.com\/tienda\/wp-json\/wp\/v2\/product\/18018","targetHints":{"allow":["GET"]}}],"collection":[{"href":"https:\/\/www.ibagsbelts.com\/tienda\/wp-json\/wp\/v2\/product"}],"about":[{"href":"https:\/\/www.ibagsbelts.com\/tienda\/wp-json\/wp\/v2\/types\/product"}],"replies":[{"embeddable":true,"href":"https:\/\/www.ibagsbelts.com\/tienda\/wp-json\/wp\/v2\/comments?post=18018"}],"wp:featuredmedia":[{"embeddable":true,"href":"https:\/\/www.ibagsbelts.com\/tienda\/wp-json\/wp\/v2\/media\/18053"}],"wp:attachment":[{"href":"https:\/\/www.ibagsbelts.com\/tienda\/wp-json\/wp\/v2\/media?parent=18018"}],"wp:term":[{"taxonomy":"product_brand","embeddable":true,"href":"https:\/\/www.ibagsbelts.com\/tienda\/wp-json\/wp\/v2\/product_brand?post=18018"},{"taxonomy":"product_cat","embeddable":true,"href":"https:\/\/www.ibagsbelts.com\/tienda\/wp-json\/wp\/v2\/product_cat?post=18018"},{"taxonomy":"product_tag","embeddable":true,"href":"https:\/\/www.ibagsbelts.com\/tienda\/wp-json\/wp\/v2\/product_tag?post=18018"}],"curies":[{"name":"wp","href":"https:\/\/api.w.org\/{rel}","templated":true}]}}