{"id":18741,"date":"2022-10-02T00:29:53","date_gmt":"2022-10-01T22:29:53","guid":{"rendered":"https:\/\/www.ibagsbelts.com\/tienda\/?post_type=product&#038;p=18741"},"modified":"2026-03-14T19:57:48","modified_gmt":"2026-03-14T18:57:48","slug":"bolso-bandolera-mediano-de-piel-lavada-negro-cabrera","status":"publish","type":"product","link":"https:\/\/www.ibagsbelts.com\/tienda\/producto\/bolso-bandolera-mediano-de-piel-lavada-negro-cabrera\/","title":{"rendered":"Bolso bandolera negro mediano de piel lavada Cabrera"},"content":{"rendered":"<p style=\"text-align: left;\">\u00a1Prep\u00e1rate para deslumbrar tanto de d\u00eda como de noche con nuestro incre\u00edble bolso de piel italiana! Confeccionado con exquisita piel envejecida y adornado con detalles de tachuelas de lat\u00f3n envejecido, este bolso es una declaraci\u00f3n de estilo y elegancia.<\/p>\n<p style=\"text-align: left;\">Dise\u00f1ado para mantenerte organizado en todo momento, este bolso cuenta con m\u00faltiples bolsillos y secciones interiores. El cierre de bot\u00f3n magn\u00e9tico en la solapa superior garantiza la seguridad de tus pertenencias, mientras que el bolsillo interior con cremallera te ofrece un espacio adicional para guardar tus objetos de valor.<\/p>\n<p style=\"text-align: left;\">Para mayor comodidad, este bolso viene equipado con una correa de cuero suave ajustable y una correa de hombro extra\u00edble, lo que te permite llevarlo como messenger o crossbody seg\u00fan tus preferencias.<\/p>\n<p style=\"text-align: left;\">Con dos compartimentos interiores, uno con cierre de bot\u00f3n con solapa y otro con bolsillo interior con cremallera, tendr\u00e1s espacio m\u00e1s que suficiente para organizar tus pertenencias de forma eficiente.<\/p>\n<p style=\"text-align: left;\">Ya sea que lo lleves durante el d\u00eda para tus actividades cotidianas o por la noche para una salida elegante, este bolso de piel italiana te garantiza un estilo impecable en cualquier ocasi\u00f3n.<\/p>\n<p style=\"text-align: left;\">Medidas: 30 cm de largo, 7 cm de ancho, 28 cm de alto. Con este bolso, estar\u00e1s listo para enfrentar el d\u00eda con estilo y sofisticaci\u00f3n.<\/p>\n<p style=\"text-align: left;\"><strong>Aviso importante<\/strong><\/p>\n<p style=\"text-align: left;\">Todos nuestros productos de cuero est\u00e1n hechos a mano y su nueva bolsa de cuero puede estar sujeta a una variaci\u00f3n natural en tama\u00f1o y color.<br \/>\nPara los tama\u00f1os, permita 1-2 cm difiere debido a la medida manual.<br \/>\nLas im\u00e1genes son 100% reales.<br \/>\nDebido al monitor del ordenador y el brillo real de la toma y otras razones, habr\u00e1 una cierta diferencia de color.<\/p>\n<!-- AddThis Advanced Settings generic via filter on the_content --><!-- AddThis Share Buttons generic via filter on the_content -->","protected":false},"excerpt":{"rendered":"<p>Bolso de piel Italiana para del d\u00eda y la noche con nuestro impresionante bolso y bandolera de piel envejecida. Con detalles de tachuelas de lat\u00f3n envejecido en el cierre de la solapa superior y muchos bolsillos y secciones interiores para mantenerte organizado.<\/p>\n<p>Correa de cuero suave ajustable y correa de hombro extra\u00edble. <span style=\"font-size: 1.4rem;\">Cierre de bot\u00f3n magn\u00e9tico con solapa superior con bolsillo interior con cremallera.\u00a0<\/span>Dos compartimentos interiores, uno con cierre de bot\u00f3n con solapa y bolsillo interior con cremallera<\/p>\n<p>Medidas: 30 cm \u00d7 7 cm \u00d7 28 cm<\/p>\n<h5><strong>\u00bfAlguna duda? Ponte en contacto con nosotros a trav\u00e9s del bot\u00f3n del chat directo por whats<\/strong><strong>App y te resolveremos las dudas al instante!<\/strong><\/h5>\n<p><!-- AddThis Advanced Settings generic via filter on get_the_excerpt --><!-- AddThis Share Buttons generic via filter on get_the_excerpt --><\/p>\n","protected":false},"featured_media":18746,"comment_status":"open","ping_status":"closed","template":"","meta":{"om_disable_all_campaigns":false,"_monsterinsights_skip_tracking":false,"_monsterinsights_sitenote_active":false,"_monsterinsights_sitenote_note":"","_monsterinsights_sitenote_category":0,"_uf_show_specific_survey":0,"_uf_disable_surveys":false},"product_brand":[1217],"product_cat":[240,1035,40],"product_tag":[301,877,266,313,255,823,1036,302,281],"class_list":{"0":"post-18741","1":"product","2":"type-product","3":"status-publish","4":"has-post-thumbnail","6":"product_brand-ibags-belts","7":"product_cat-bolsos-bandoleras-de-cuero-artesanal","8":"product_cat-bolso-de-cuero-italiano","9":"product_cat-bolsos-de-hombro","10":"product_tag-bandolera","11":"product_tag-bandoleras","12":"product_tag-bolso-bohemian-bolso-cuero-repujado-bolsos-cuero-retro-bolso-shopper-cuero-bolso-cuero-trenzado-bolso-cuero-troquelado","13":"product_tag-bolso-cuero-hecho-a-mano","14":"product_tag-bolso-cuero-mujer","15":"product_tag-bolso-piel","16":"product_tag-bolso-piel-italiano","17":"product_tag-bolsos-de-cuero","18":"product_tag-bolso-bohemian-bolso-cuero-para-hombre-bolso-cuero-repujado-bolsos-cuero-retro-bolso-shopper-cuero-bolso-cuero-trenzado-bolso-cuero-troquelado-bolso-cuero-vaca-bolso-cuero-viaje-hombre","20":"first","21":"instock","22":"shipping-taxable","23":"purchasable","24":"product-type-simple","25":"add-to-wishlist-after_add_to_cart","26":"layout-style-1","27":"col-md-4 col-sm-4 col-xs-6","28":"col-lg-3","29":"product-has-gallery","30":"product-style-default"},"aioseo_notices":[],"_links":{"self":[{"href":"https:\/\/www.ibagsbelts.com\/tienda\/wp-json\/wp\/v2\/product\/18741","targetHints":{"allow":["GET"]}}],"collection":[{"href":"https:\/\/www.ibagsbelts.com\/tienda\/wp-json\/wp\/v2\/product"}],"about":[{"href":"https:\/\/www.ibagsbelts.com\/tienda\/wp-json\/wp\/v2\/types\/product"}],"replies":[{"embeddable":true,"href":"https:\/\/www.ibagsbelts.com\/tienda\/wp-json\/wp\/v2\/comments?post=18741"}],"wp:featuredmedia":[{"embeddable":true,"href":"https:\/\/www.ibagsbelts.com\/tienda\/wp-json\/wp\/v2\/media\/18746"}],"wp:attachment":[{"href":"https:\/\/www.ibagsbelts.com\/tienda\/wp-json\/wp\/v2\/media?parent=18741"}],"wp:term":[{"taxonomy":"product_brand","embeddable":true,"href":"https:\/\/www.ibagsbelts.com\/tienda\/wp-json\/wp\/v2\/product_brand?post=18741"},{"taxonomy":"product_cat","embeddable":true,"href":"https:\/\/www.ibagsbelts.com\/tienda\/wp-json\/wp\/v2\/product_cat?post=18741"},{"taxonomy":"product_tag","embeddable":true,"href":"https:\/\/www.ibagsbelts.com\/tienda\/wp-json\/wp\/v2\/product_tag?post=18741"}],"curies":[{"name":"wp","href":"https:\/\/api.w.org\/{rel}","templated":true}]}}