{"id":19005,"date":"2022-10-04T00:44:28","date_gmt":"2022-10-03T22:44:28","guid":{"rendered":"https:\/\/www.ibagsbelts.com\/tienda\/?post_type=product&#038;p=19005"},"modified":"2026-03-14T19:36:17","modified_gmt":"2026-03-14T18:36:17","slug":"bolso-bandolera-en-piel-lavada-trenzada-negro","status":"publish","type":"product","link":"https:\/\/www.ibagsbelts.com\/tienda\/producto\/bolso-bandolera-en-piel-lavada-trenzada-negro\/","title":{"rendered":"Bolso bandolera en piel lavada trenzada negro Anne"},"content":{"rendered":"<div class=\"flex-1 overflow-hidden\">\n<div class=\"react-scroll-to-bottom--css-iehnn-79elbk h-full\">\n<div class=\"react-scroll-to-bottom--css-iehnn-1n7m0yu\">\n<div class=\"flex flex-col text-sm pb-9\">\n<div class=\"w-full text-token-text-primary\" data-testid=\"conversation-turn-668\">\n<div class=\"px-4 py-2 justify-center text-base md:gap-6 m-auto\">\n<div class=\"flex flex-1 text-base mx-auto gap-3 md:px-5 lg:px-1 xl:px-5 md:max-w-3xl lg:max-w-[40rem] xl:max-w-[48rem] group final-completion\">\n<div class=\"relative flex w-full flex-col agent-turn\">\n<div class=\"flex-col gap-1 md:gap-3\">\n<div class=\"flex flex-grow flex-col max-w-full\">\n<div class=\"min-h-[20px] text-message flex flex-col items-start gap-3 whitespace-pre-wrap break-words [.text-message+&amp;]:mt-5 overflow-x-auto\" data-message-author-role=\"assistant\" data-message-id=\"a0ad9519-8cbb-4dc6-8b6d-a837fab33baf\">\n<div class=\"markdown prose w-full break-words dark:prose-invert light\">\n<p style=\"text-align: left;\">Descubre la elegancia y versatilidad de nuestra bandolera de piel italiana, un accesorio imprescindible que te acompa\u00f1ar\u00e1 del d\u00eda a la noche con estilo.<\/p>\n<p style=\"text-align: left;\">Elaborada con piel trenzada envejecida de la m\u00e1s alta calidad, esta bandolera destaca por su cierre con hebilla en la parte central de la solapa, que a\u00f1ade un toque de sofisticaci\u00f3n y originalidad a su dise\u00f1o.<\/p>\n<p style=\"text-align: left;\">Con su correa de cuero suave ajustable, puedes llevarla c\u00f3modamente como bandolera, ajust\u00e1ndola a la altura que prefieras y quit\u00e1ndola seg\u00fan tu necesidad. Adem\u00e1s, cuenta con bolsillos y secciones interiores que te ayudar\u00e1n a mantener tus pertenencias organizadas en todo momento.<\/p>\n<p style=\"text-align: left;\">El interior de tela incluye un pr\u00e1ctico bolsillo con cremallera, ideal para guardar tus objetos m\u00e1s peque\u00f1os de forma segura.<\/p>\n<p style=\"text-align: left;\">Con medidas de 26 cm de largo, 8 cm de ancho y 18 cm de alto, esta bandolera es perfecta para llevar tus imprescindibles del d\u00eda a d\u00eda o para a\u00f1adir un toque de estilo a tus looks m\u00e1s elegantes.<\/p>\n<\/div>\n<\/div>\n<\/div>\n<\/div>\n<\/div>\n<\/div>\n<\/div>\n<\/div>\n<\/div>\n<\/div>\n<\/div>\n<\/div>\n<p style=\"text-align: left;\"><strong>Aviso importante<\/strong><\/p>\n<p style=\"text-align: left;\">Todos nuestros productos de cuero est\u00e1n hechos a mano y su nueva bolsa de cuero puede estar sujeta a una variaci\u00f3n natural en tama\u00f1o y color.<br \/>\nPara los tama\u00f1os, permita 1-2 cm difiere debido a la medida manual.<br \/>\nLas im\u00e1genes son 100% reales.<br \/>\nDebido al monitor del ordenador y el brillo real de la toma y otras razones, habr\u00e1 una cierta diferencia de color.<\/p>\n<!-- AddThis Advanced Settings generic via filter on the_content --><!-- AddThis Share Buttons generic via filter on the_content -->","protected":false},"excerpt":{"rendered":"<p>Bandolera de piel Italiana para el d\u00eda y noche con nuestro impresionante bandolera de piel trenzada envejecida. Con cierre con hebilla parte central en la solapa. Bolsillo y secciones interiores para mantenerte organizado.<\/p>\n<p>Correa de cuero suave ajustable de quita y poner. C<span style=\"font-size: 1.4rem;\">remallera interna. Interior de tela con bolsillo con cremallera.<\/span><\/p>\n<p>Bags, Messenger y Crossbody.\u00a0Medidas: largo 26cm x 8cm x alto 18cm.<\/p>\n<div class=\"flex-1 overflow-hidden\">\n<div class=\"react-scroll-to-bottom--css-iehnn-79elbk h-full\">\n<div class=\"react-scroll-to-bottom--css-iehnn-1n7m0yu\">\n<div class=\"flex flex-col text-sm pb-9\">\n<div class=\"w-full text-token-text-primary\" data-testid=\"conversation-turn-668\">\n<div class=\"px-4 py-2 justify-center text-base md:gap-6 m-auto\">\n<div class=\"flex flex-1 text-base mx-auto gap-3 md:px-5 lg:px-1 xl:px-5 md:max-w-3xl lg:max-w-[40rem] xl:max-w-[48rem] group final-completion\">\n<div class=\"relative flex w-full flex-col agent-turn\">\n<div class=\"flex-col gap-1 md:gap-3\">\n<div class=\"flex flex-grow flex-col max-w-full\">\n<div class=\"min-h-[20px] text-message flex flex-col items-start gap-3 whitespace-pre-wrap break-words [.text-message+&amp;]:mt-5 overflow-x-auto\" data-message-author-role=\"assistant\" data-message-id=\"a0ad9519-8cbb-4dc6-8b6d-a837fab33baf\">\n<div class=\"markdown prose w-full break-words dark:prose-invert light\">\n<p><strong>\u00bfTienes alguna pregunta? \u00a1No dudes en ponerte en contacto con nosotros a trav\u00e9s del chat directo por WhatsApp y te ayudaremos encantados!<\/strong><\/p>\n<\/div>\n<\/div>\n<\/div>\n<\/div>\n<\/div>\n<\/div>\n<\/div>\n<\/div>\n<\/div>\n<\/div>\n<\/div>\n<\/div>\n<p><!-- AddThis Advanced Settings generic via filter on get_the_excerpt --><!-- AddThis Share Buttons generic via filter on get_the_excerpt --><\/p>\n","protected":false},"featured_media":19007,"comment_status":"open","ping_status":"closed","template":"","meta":{"om_disable_all_campaigns":false,"_monsterinsights_skip_tracking":false,"_monsterinsights_sitenote_active":false,"_monsterinsights_sitenote_note":"","_monsterinsights_sitenote_category":0,"_uf_show_specific_survey":0,"_uf_disable_surveys":false},"product_brand":[1217],"product_cat":[240,1035],"product_tag":[301,877,266,305,315,313,255,823,1036,302,744],"class_list":{"0":"post-19005","1":"product","2":"type-product","3":"status-publish","4":"has-post-thumbnail","6":"product_brand-ibags-belts","7":"product_cat-bolsos-bandoleras-de-cuero-artesanal","8":"product_cat-bolso-de-cuero-italiano","9":"product_tag-bandolera","10":"product_tag-bandoleras","11":"product_tag-bolso-bohemian-bolso-cuero-repujado-bolsos-cuero-retro-bolso-shopper-cuero-bolso-cuero-trenzado-bolso-cuero-troquelado","12":"product_tag-bolso-cuero-artesanal","13":"product_tag-bolso-cuero-artesano","14":"product_tag-bolso-cuero-hecho-a-mano","15":"product_tag-bolso-cuero-mujer","16":"product_tag-bolso-piel","17":"product_tag-bolso-piel-italiano","18":"product_tag-bolsos-de-cuero","19":"product_tag-estilo-bohochic","21":"first","22":"instock","23":"shipping-taxable","24":"purchasable","25":"product-type-simple","26":"add-to-wishlist-after_add_to_cart","27":"layout-style-1","28":"col-md-4 col-sm-4 col-xs-6","29":"col-lg-3","30":"product-has-gallery","31":"product-style-default"},"aioseo_notices":[],"_links":{"self":[{"href":"https:\/\/www.ibagsbelts.com\/tienda\/wp-json\/wp\/v2\/product\/19005","targetHints":{"allow":["GET"]}}],"collection":[{"href":"https:\/\/www.ibagsbelts.com\/tienda\/wp-json\/wp\/v2\/product"}],"about":[{"href":"https:\/\/www.ibagsbelts.com\/tienda\/wp-json\/wp\/v2\/types\/product"}],"replies":[{"embeddable":true,"href":"https:\/\/www.ibagsbelts.com\/tienda\/wp-json\/wp\/v2\/comments?post=19005"}],"wp:featuredmedia":[{"embeddable":true,"href":"https:\/\/www.ibagsbelts.com\/tienda\/wp-json\/wp\/v2\/media\/19007"}],"wp:attachment":[{"href":"https:\/\/www.ibagsbelts.com\/tienda\/wp-json\/wp\/v2\/media?parent=19005"}],"wp:term":[{"taxonomy":"product_brand","embeddable":true,"href":"https:\/\/www.ibagsbelts.com\/tienda\/wp-json\/wp\/v2\/product_brand?post=19005"},{"taxonomy":"product_cat","embeddable":true,"href":"https:\/\/www.ibagsbelts.com\/tienda\/wp-json\/wp\/v2\/product_cat?post=19005"},{"taxonomy":"product_tag","embeddable":true,"href":"https:\/\/www.ibagsbelts.com\/tienda\/wp-json\/wp\/v2\/product_tag?post=19005"}],"curies":[{"name":"wp","href":"https:\/\/api.w.org\/{rel}","templated":true}]}}