{"id":19736,"date":"2022-10-21T19:55:15","date_gmt":"2022-10-21T17:55:15","guid":{"rendered":"https:\/\/www.ibagsbelts.com\/tienda\/?post_type=product&#038;p=19736"},"modified":"2026-03-14T19:32:22","modified_gmt":"2026-03-14T18:32:22","slug":"cartera-billetera-con-tachas-de-piel-lavada-en-gris","status":"publish","type":"product","link":"https:\/\/www.ibagsbelts.com\/tienda\/producto\/cartera-billetera-con-tachas-de-piel-lavada-en-gris\/","title":{"rendered":"Cartera billetera con tachas de piel lavada en gris Taylor"},"content":{"rendered":"<p>Fabricada a mano en suave cuero italiano vintage con detalles de tachuelas de lat\u00f3n envejecido, nuestra nueva cartera, billetera, tarjetero es lo suficientemente espaciosa para su tel\u00e9fono celular y tiene una correa de cuero para la mu\u00f1eca que sirve como bolso de mano para una salida nocturna.<\/p>\n<p>Cierre de cremallera, 12 bolsillos para tarjetas. Bolsillo de piel con cremallera con interior de ante en el centro para cambio, etc.<\/p>\n<p>Correa de mu\u00f1eca de cuero. Detalles de tachuelas de lat\u00f3n envejecido<\/p>\n<p>Cuero:\u00a0\u00a0cuero italiano\u00a0lavado<\/p>\n<p>Medidas\u00a0 20 cm x 10cm x 4cm<\/p>\n<p style=\"text-align: center;\"><strong>Aviso importante<\/strong><\/p>\n<p>Todos nuestros productos de cuero est\u00e1n hechos a mano y su nueva bolsa de cuero puede estar sujeta a una variaci\u00f3n natural en tama\u00f1o y color.<br \/>\nPara los tama\u00f1os, permita 1-2 cm difiere debido a la medida manual.<br \/>\nLas im\u00e1genes son 100% reales.<br \/>\nDebido al monitor del ordenador y el brillo real de la toma y otras razones, habr\u00e1 una cierta diferencia de color.<\/p>\n<!-- AddThis Advanced Settings generic via filter on the_content --><!-- AddThis Share Buttons generic via filter on the_content -->","protected":false},"excerpt":{"rendered":"<p>Fabricada a mano en suave cuero italiano vintage con detalles de tachuelas de lat\u00f3n envejecido, nuestra nueva cartera, billetera, tarjetero es lo suficientemente espaciosa para su tel\u00e9fono celular y tiene una correa de cuero para la mu\u00f1eca que sirve como bolso de mano para una salida nocturna.<\/p>\n<p>Cierre de cremallera, 12 bolsillos para tarjetas. Bolsillo de piel con cremallera con interior de ante en el centro para cambio, etc.<\/p>\n<p>Correa de mu\u00f1eca de cuero. Detalles de tachuelas de lat\u00f3n envejecido<\/p>\n<p>Cuero:\u00a0\u00a0cuero italiano\u00a0lavado<\/p>\n<p>Medidas\u00a0 23.5 cm x 12cm x 4cm<\/p>\n<h5><b>\u00bfAlguna duda? Ponte en contacto con nosotros a trav\u00e9s del bot\u00f3n del chat directo por WhatsApp y te resolveremos las dudas al instante!<\/b><\/h5>\n<p><!-- AddThis Advanced Settings generic via filter on get_the_excerpt --><!-- AddThis Share Buttons generic via filter on get_the_excerpt --><\/p>\n","protected":false},"featured_media":19737,"comment_status":"open","ping_status":"closed","template":"","meta":{"om_disable_all_campaigns":false,"_monsterinsights_skip_tracking":false,"_monsterinsights_sitenote_active":false,"_monsterinsights_sitenote_note":"","_monsterinsights_sitenote_category":0,"_uf_show_specific_survey":0,"_uf_disable_surveys":false},"product_brand":[1217],"product_cat":[1301,1035,1299,1302,1303],"product_tag":[881,823,1036,885,749,746,873,1038,1037],"class_list":{"0":"post-19736","1":"product","2":"type-product","3":"status-publish","4":"has-post-thumbnail","6":"product_brand-ibags-belts","7":"product_cat-billeteras","8":"product_cat-bolso-de-cuero-italiano","9":"product_cat-carteras","10":"product_cat-monederos-largos","11":"product_cat-tarjeteros","12":"product_tag-billetero","13":"product_tag-bolso-piel","14":"product_tag-bolso-piel-italiano","15":"product_tag-cartera","16":"product_tag-clutch","17":"product_tag-estilo-hippiechic","18":"product_tag-monedero","19":"product_tag-piel-lavada","20":"product_tag-tarjetero","22":"first","23":"outofstock","24":"sale","25":"shipping-taxable","26":"purchasable","27":"product-type-simple","28":"add-to-wishlist-after_add_to_cart","29":"layout-style-1","30":"col-md-4 col-sm-4 col-xs-6","31":"col-lg-3","32":"product-has-gallery","33":"product-style-default"},"aioseo_notices":[],"_links":{"self":[{"href":"https:\/\/www.ibagsbelts.com\/tienda\/wp-json\/wp\/v2\/product\/19736","targetHints":{"allow":["GET"]}}],"collection":[{"href":"https:\/\/www.ibagsbelts.com\/tienda\/wp-json\/wp\/v2\/product"}],"about":[{"href":"https:\/\/www.ibagsbelts.com\/tienda\/wp-json\/wp\/v2\/types\/product"}],"replies":[{"embeddable":true,"href":"https:\/\/www.ibagsbelts.com\/tienda\/wp-json\/wp\/v2\/comments?post=19736"}],"wp:featuredmedia":[{"embeddable":true,"href":"https:\/\/www.ibagsbelts.com\/tienda\/wp-json\/wp\/v2\/media\/19737"}],"wp:attachment":[{"href":"https:\/\/www.ibagsbelts.com\/tienda\/wp-json\/wp\/v2\/media?parent=19736"}],"wp:term":[{"taxonomy":"product_brand","embeddable":true,"href":"https:\/\/www.ibagsbelts.com\/tienda\/wp-json\/wp\/v2\/product_brand?post=19736"},{"taxonomy":"product_cat","embeddable":true,"href":"https:\/\/www.ibagsbelts.com\/tienda\/wp-json\/wp\/v2\/product_cat?post=19736"},{"taxonomy":"product_tag","embeddable":true,"href":"https:\/\/www.ibagsbelts.com\/tienda\/wp-json\/wp\/v2\/product_tag?post=19736"}],"curies":[{"name":"wp","href":"https:\/\/api.w.org\/{rel}","templated":true}]}}