{"id":19771,"date":"2022-10-22T15:51:33","date_gmt":"2022-10-22T13:51:33","guid":{"rendered":"https:\/\/www.ibagsbelts.com\/tienda\/?post_type=product&#038;p=19771"},"modified":"2026-03-14T19:30:08","modified_gmt":"2026-03-14T18:30:08","slug":"pernera-rinonera-para-moto-de-cuero-marron","status":"publish","type":"product","link":"https:\/\/www.ibagsbelts.com\/tienda\/producto\/pernera-rinonera-para-moto-de-cuero-marron\/","title":{"rendered":"Pernera ri\u00f1onera para moto de cuero marr\u00f3n"},"content":{"rendered":"<p style=\"text-align: left;\">Descubre la funcionalidad y el estilo de nuestra ri\u00f1onera de cuero artesanal en color camel, un accesorio unisex ideal para los amantes de las motos y los festivales. Fabricada con cuero de alta calidad, esta ri\u00f1onera ofrece durabilidad y un aspecto elegante que complementar\u00e1 cualquier conjunto.<\/p>\n<p style=\"text-align: left;\">Con un dise\u00f1o pr\u00e1ctico y vers\u00e1til, esta ri\u00f1onera se sujeta c\u00f3modamente a la cintura con una hebilla y tambi\u00e9n puede fijarse a la pierna para mayor seguridad mientras conduces. Perfecta para moteros y moteras, te permite llevar lo esencial contigo mientras disfrutas de tus aventuras en la carretera.<\/p>\n<p style=\"text-align: left;\">Adem\u00e1s, esta ri\u00f1onera es la compa\u00f1era ideal para los festivales, brind\u00e1ndote la libertad y comodidad que necesitas para disfrutar de d\u00edas inolvidables. Con espacio suficiente para tu billetera, smartphone, llaves y otros elementos esenciales, estar\u00e1s listo para vivir experiencias inolvidables sin preocupaciones.<\/p>\n<p style=\"text-align: left;\">Explora nuestra secci\u00f3n y encuentra la ri\u00f1onera perfecta que se adapte a tu estilo y necesidades. \u00a1No te pierdas la oportunidad de agregar este accesorio imprescindible a tu colecci\u00f3n y disfrutar de la m\u00e1xima comodidad y estilo en tus aventuras!<\/p>\n<h5 style=\"text-align: left;\"><strong>Aviso importante<\/strong><\/h5>\n<p>Todos nuestros productos de cuero est\u00e1n hechos a mano y su nueva bolsa de cuero puede estar sujeta a una variaci\u00f3n natural en tama\u00f1o y color.<br \/>\nPara los tama\u00f1os, permita 1-2 cm difiere debido a la medida manual.<br \/>\nLas im\u00e1genes son 100% reales.<br \/>\nDebido al monitor del ordenador y el brillo real de la toma y otras razones, habr\u00e1 una cierta diferencia de color.<\/p>\n<h5><\/h5>\n<!-- AddThis Advanced Settings generic via filter on the_content --><!-- AddThis Share Buttons generic via filter on the_content -->","protected":false},"excerpt":{"rendered":"<p>Ri\u00f1onera de cuero artesanal en color marr\u00f3n.<\/p>\n<p>Unisex ideal para ir en moto en cualquier estaci\u00f3n del a\u00f1o. Ri\u00f1onera para moteros y moteras.\u00a0Esta se sujeta a la cintura y a la pierna para que quede bien segura.\u00a0Si te gusta ir de festivales la ri\u00f1onera es la mejor aliada ya que te brinda lo que est\u00e1s buscando libertad, seguridad y comodidad.<br \/>\nEn ella puedes llevar lo b\u00e1sico como tu billetera , smartphone , tus llaves y a disfrutar de d\u00edas inolvidables.<\/p>\n<p>Medidas: 28 cm de alto x 17 cm largo x\u00a0 4 cm ancho<\/p>\n<p>NO TE PUEDE FALTAR MIRA EN NUESTRA SECCI\u00d3N Y SEGURO QUE ENCONTRAR\u00c1S TU FAVORITA.<\/p>\n<h5><strong>\u00bfAlguna duda? Ponte en contacto con nosotros a trav\u00e9s del bot\u00f3n del chat directo por whatsapp y te resolveremos las dudas al instante!<\/strong><\/h5>\n<p><!-- AddThis Advanced Settings generic via filter on get_the_excerpt --><!-- AddThis Share Buttons generic via filter on get_the_excerpt --><\/p>\n","protected":false},"featured_media":19775,"comment_status":"open","ping_status":"closed","template":"","meta":{"om_disable_all_campaigns":false,"_monsterinsights_skip_tracking":false,"_monsterinsights_sitenote_active":false,"_monsterinsights_sitenote_note":"","_monsterinsights_sitenote_category":0,"_uf_show_specific_survey":0,"_uf_disable_surveys":false},"product_brand":[1217],"product_cat":[950],"product_tag":[1033,753,354,795,1149,793],"class_list":{"0":"post-19771","1":"product","2":"type-product","3":"status-publish","4":"has-post-thumbnail","6":"product_brand-ibags-belts","7":"product_cat-rinoneras","8":"product_tag-bananas","9":"product_tag-complementos-de-cuero","10":"product_tag-mochila-moto-cuero","11":"product_tag-rinonera-cuero","12":"product_tag-rinonera-moto","13":"product_tag-rinoneras","15":"first","16":"outofstock","17":"shipping-taxable","18":"purchasable","19":"product-type-simple","20":"add-to-wishlist-after_add_to_cart","21":"layout-style-1","22":"col-md-4 col-sm-4 col-xs-6","23":"col-lg-3","24":"product-has-gallery","25":"product-style-default"},"aioseo_notices":[],"_links":{"self":[{"href":"https:\/\/www.ibagsbelts.com\/tienda\/wp-json\/wp\/v2\/product\/19771","targetHints":{"allow":["GET"]}}],"collection":[{"href":"https:\/\/www.ibagsbelts.com\/tienda\/wp-json\/wp\/v2\/product"}],"about":[{"href":"https:\/\/www.ibagsbelts.com\/tienda\/wp-json\/wp\/v2\/types\/product"}],"replies":[{"embeddable":true,"href":"https:\/\/www.ibagsbelts.com\/tienda\/wp-json\/wp\/v2\/comments?post=19771"}],"wp:featuredmedia":[{"embeddable":true,"href":"https:\/\/www.ibagsbelts.com\/tienda\/wp-json\/wp\/v2\/media\/19775"}],"wp:attachment":[{"href":"https:\/\/www.ibagsbelts.com\/tienda\/wp-json\/wp\/v2\/media?parent=19771"}],"wp:term":[{"taxonomy":"product_brand","embeddable":true,"href":"https:\/\/www.ibagsbelts.com\/tienda\/wp-json\/wp\/v2\/product_brand?post=19771"},{"taxonomy":"product_cat","embeddable":true,"href":"https:\/\/www.ibagsbelts.com\/tienda\/wp-json\/wp\/v2\/product_cat?post=19771"},{"taxonomy":"product_tag","embeddable":true,"href":"https:\/\/www.ibagsbelts.com\/tienda\/wp-json\/wp\/v2\/product_tag?post=19771"}],"curies":[{"name":"wp","href":"https:\/\/api.w.org\/{rel}","templated":true}]}}