{"id":20520,"date":"2022-11-11T23:45:56","date_gmt":"2022-11-11T22:45:56","guid":{"rendered":"https:\/\/www.ibagsbelts.com\/tienda\/?post_type=product&#038;p=20520"},"modified":"2026-03-14T19:20:27","modified_gmt":"2026-03-14T18:20:27","slug":"bolso-bandolera-animal-print-color-marron","status":"publish","type":"product","link":"https:\/\/www.ibagsbelts.com\/tienda\/producto\/bolso-bandolera-animal-print-color-marron\/","title":{"rendered":"Bolso bandolera animal print color marr\u00f3n Mary"},"content":{"rendered":"<p>Descubre esta elegante bandolera tipo clutch, confeccionada en cuero marr\u00f3n de alta calidad y pelo de potro bicolor, todo elaborado de forma artesanal para ofrecerte un estilo \u00fanico y sofisticado.<\/p>\n<p>Esta bandolera cuenta con una pr\u00e1ctica asa larga desmontable que te permite llevarla c\u00f3modamente como bandolera o quit\u00e1rsela para usarla como clutch. En su interior, encontrar\u00e1s un bolsillo con cremallera para guardar tus objetos m\u00e1s peque\u00f1os de forma segura, as\u00ed como dos compartimentos adicionales en el forro de algod\u00f3n para mantener tus pertenencias organizadas.<\/p>\n<p>Con unas medidas de 30 cm de largo, 20 cm de alto y 3 cm de ancho, este bolso tiene el tama\u00f1o perfecto para llevar lo esencial contigo sin renunciar al estilo.<\/p>\n<p>Atr\u00e9vete a destacar con esta bandolera \u00fanica, que combina la elegancia del cuero con la sofisticaci\u00f3n del pelo de potro bicolor, y a\u00f1ade un toque de distinci\u00f3n a cualquier outfit. \u00a1Hazte con ella y marca tendencia donde quiera que vayas!<\/p>\n<h5 style=\"text-align: left;\"><strong>Aviso importante<\/strong><\/h5>\n<p style=\"text-align: left;\">Todos nuestros productos de cuero est\u00e1n hechos a mano y su nueva bolsa de cuero puede estar sujeta a una variaci\u00f3n natural en tama\u00f1o y color.<br \/>\nPara los tama\u00f1os, permita 1-2 cm difiere debido a la medida manual.<br \/>\nLas im\u00e1genes son 100% reales.<br \/>\nDebido al monitor del ordenador y el brillo real de la toma y otras razones, habr\u00e1 una cierta diferencia de color.<\/p>\n<!-- AddThis Advanced Settings generic via filter on the_content --><!-- AddThis Share Buttons generic via filter on the_content -->","protected":false},"excerpt":{"rendered":"<p>Esta bandolera cuenta con una pr\u00e1ctica asa larga desmontable que te permite llevarla c\u00f3modamente como bandolera o quit\u00e1rsela para usarla como clutch. En su interior, encontrar\u00e1s un bolsillo con cremallera para guardar tus objetos m\u00e1s peque\u00f1os de forma segura, as\u00ed como dos compartimentos adicionales en el forro de algod\u00f3n para mantener tus pertenencias organizadas.<\/p>\n<p>Con unas medidas de 30 cm de largo, 20 cm de alto y 3 cm de ancho, este bolso tiene el tama\u00f1o perfecto para llevar lo esencial contigo sin renunciar al estilo.<\/p>\n<p>Atr\u00e9vete a destacar con esta bandolera \u00fanica, que combina la elegancia del cuero con la sofisticaci\u00f3n del pelo de potro bicolor, y a\u00f1ade un toque de distinci\u00f3n a cualquier outfit. \u00a1Hazte con ella y marca tendencia donde quiera que vayas!<\/p>\n<div class=\"woocommerce-product-details__short-description\">\n<div class=\"woocommerce-product-details__short-description\">\n<h5><strong>\u00bfAlguna duda? Ponte en contacto con nosotros a trav\u00e9s del bot\u00f3n del chat directo por whatsApp y te resolveremos las dudas al instante<\/strong><\/h5>\n<\/div>\n<\/div>\n<p><!-- AddThis Advanced Settings generic via filter on get_the_excerpt --><!-- AddThis Share Buttons generic via filter on get_the_excerpt --><\/p>\n","protected":false},"featured_media":20525,"comment_status":"open","ping_status":"closed","template":"","meta":{"om_disable_all_campaigns":false,"_monsterinsights_skip_tracking":false,"_monsterinsights_sitenote_active":false,"_monsterinsights_sitenote_note":"","_monsterinsights_sitenote_category":0,"_uf_show_specific_survey":0,"_uf_disable_surveys":false},"product_brand":[1217],"product_cat":[240,757],"product_tag":[1096,301,877,266,305,315,314,784,727,281,749,816,744,746],"class_list":{"0":"post-20520","1":"product","2":"type-product","3":"status-publish","4":"has-post-thumbnail","6":"product_brand-ibags-belts","7":"product_cat-bolsos-bandoleras-de-cuero-artesanal","8":"product_cat-bolso-clutch","9":"product_tag-artesania","10":"product_tag-bandolera","11":"product_tag-bandoleras","12":"product_tag-bolso-bohemian-bolso-cuero-repujado-bolsos-cuero-retro-bolso-shopper-cuero-bolso-cuero-trenzado-bolso-cuero-troquelado","13":"product_tag-bolso-cuero-artesanal","14":"product_tag-bolso-cuero-artesano","15":"product_tag-bolso-cuero-pelo-vaca","16":"product_tag-bolso-trenzados","17":"product_tag-bolsos-bandoleras-cuero","18":"product_tag-bolso-bohemian-bolso-cuero-para-hombre-bolso-cuero-repujado-bolsos-cuero-retro-bolso-shopper-cuero-bolso-cuero-trenzado-bolso-cuero-troquelado-bolso-cuero-vaca-bolso-cuero-viaje-hombre","19":"product_tag-clutch","20":"product_tag-cowboy","21":"product_tag-estilo-bohochic","22":"product_tag-estilo-hippiechic","24":"first","25":"instock","26":"shipping-taxable","27":"purchasable","28":"product-type-simple","29":"add-to-wishlist-after_add_to_cart","30":"layout-style-1","31":"col-md-4 col-sm-4 col-xs-6","32":"col-lg-3","33":"product-has-gallery","34":"product-style-default"},"aioseo_notices":[],"_links":{"self":[{"href":"https:\/\/www.ibagsbelts.com\/tienda\/wp-json\/wp\/v2\/product\/20520","targetHints":{"allow":["GET"]}}],"collection":[{"href":"https:\/\/www.ibagsbelts.com\/tienda\/wp-json\/wp\/v2\/product"}],"about":[{"href":"https:\/\/www.ibagsbelts.com\/tienda\/wp-json\/wp\/v2\/types\/product"}],"replies":[{"embeddable":true,"href":"https:\/\/www.ibagsbelts.com\/tienda\/wp-json\/wp\/v2\/comments?post=20520"}],"wp:featuredmedia":[{"embeddable":true,"href":"https:\/\/www.ibagsbelts.com\/tienda\/wp-json\/wp\/v2\/media\/20525"}],"wp:attachment":[{"href":"https:\/\/www.ibagsbelts.com\/tienda\/wp-json\/wp\/v2\/media?parent=20520"}],"wp:term":[{"taxonomy":"product_brand","embeddable":true,"href":"https:\/\/www.ibagsbelts.com\/tienda\/wp-json\/wp\/v2\/product_brand?post=20520"},{"taxonomy":"product_cat","embeddable":true,"href":"https:\/\/www.ibagsbelts.com\/tienda\/wp-json\/wp\/v2\/product_cat?post=20520"},{"taxonomy":"product_tag","embeddable":true,"href":"https:\/\/www.ibagsbelts.com\/tienda\/wp-json\/wp\/v2\/product_tag?post=20520"}],"curies":[{"name":"wp","href":"https:\/\/api.w.org\/{rel}","templated":true}]}}