{"id":20815,"date":"2022-11-22T23:53:10","date_gmt":"2022-11-22T22:53:10","guid":{"rendered":"https:\/\/www.ibagsbelts.com\/tienda\/?post_type=product&#038;p=20815"},"modified":"2026-03-14T19:16:57","modified_gmt":"2026-03-14T18:16:57","slug":"bolso-bandolera-de-piel-con-flecos-en-color-marron","status":"publish","type":"product","link":"https:\/\/www.ibagsbelts.com\/tienda\/producto\/bolso-bandolera-de-piel-con-flecos-en-color-marron\/","title":{"rendered":"Bolso bandolera de piel con flecos en color marr\u00f3n Mart\u00ed"},"content":{"rendered":"<p style=\"text-align: left;\">Descubre la versatilidad y el encanto boho de nuestra bandolera o bolso de mano con decoraci\u00f3n en la solapa, destacando tres chapas con flecos en un elegante tono beige. Este bolso es el complemento perfecto para cualquier ocasi\u00f3n, ya sea para un d\u00eda casual o para una noche de fiesta.<\/p>\n<p style=\"text-align: left;\">Con asas de mano y una correa de bandolera desmontable, este bolso ofrece opciones de transporte para adaptarse a tus necesidades. Puedes llevarlo c\u00f3modamente como bandolera durante el d\u00eda y luego retirar la correa para convertirlo en un elegante bolso de mano para la noche.<\/p>\n<p style=\"text-align: left;\">El dise\u00f1o ligero y el tama\u00f1o perfecto hacen que sea f\u00e1cil de llevar durante todo el d\u00eda, mientras que el forro y el bolsillo interior proporcionan un almacenamiento pr\u00e1ctico para tus objetos esenciales.<\/p>\n<p style=\"text-align: left;\">Con medidas de 24 cm de alto x 30 cm de largo, este bolso es el complemento ideal para tu estilo \u00fanico. \u00a1Atr\u00e9vete a lucir este bolso y marca tendencia dondequiera que vayas!<\/p>\n<p style=\"text-align: left;\"><strong>Aviso importante<\/strong><\/p>\n<p style=\"text-align: left;\">Todos nuestros productos de cuero est\u00e1n hechos a mano y su nueva bolsa de cuero puede estar sujeta a una variaci\u00f3n natural en tama\u00f1o y color.<br \/>\nPara los tama\u00f1os, permita 1-2 cm difiere debido a la medida manual.<br \/>\nLas im\u00e1genes son 100% reales.<br \/>\nDebido al monitor del ordenador y el brillo real de la toma y otras razones, habr\u00e1 una cierta diferencia de color.<\/p>\n<!-- AddThis Advanced Settings generic via filter on the_content --><!-- AddThis Share Buttons generic via filter on the_content -->","protected":false},"excerpt":{"rendered":"<p style=\"text-align: left;\">Bandolera tres chapas con flecos en color beige\u00a0 y asas de mano y de bandolera para darle un toque boho.<\/p>\n<p style=\"text-align: left;\">\u00a1Conoce la bolsa perfecta y ag\u00e1rrala! Con un dise\u00f1o ligero y el tama\u00f1o adecuado para ser usado c\u00f3modamente todo el d\u00eda como bandolera o tambi\u00e9n para bailar toda la noche con las manos libres, este bolso seguramente se convertir\u00e1 en un favorito personal.\u00a0Retire la correa desmontable para convertirla en un bolso de mano. No importa cu\u00e1l sea tu estilo, \u00a1este bolso seguro que te encantara!<\/p>\n<p style=\"text-align: left;\">Forro y bolsillo interior.\u00a0Medidas 24 cm de alto x 30 cm largo.<\/p>\n<h5 style=\"text-align: left;\"><strong>\u00bfAlguna duda? Ponte en contacto con nosotros a trav\u00e9s del bot\u00f3n del chat directo por whatsApp y te resolveremos las dudas al instante<\/strong><\/h5>\n<p><!-- AddThis Advanced Settings generic via filter on get_the_excerpt --><!-- AddThis Share Buttons generic via filter on get_the_excerpt --><\/p>\n","protected":false},"featured_media":20816,"comment_status":"open","ping_status":"closed","template":"","meta":{"om_disable_all_campaigns":false,"_monsterinsights_skip_tracking":false,"_monsterinsights_sitenote_active":false,"_monsterinsights_sitenote_note":"","_monsterinsights_sitenote_category":0,"_uf_show_specific_survey":0,"_uf_disable_surveys":false},"product_brand":[1217],"product_cat":[240],"product_tag":[1096,301,877,737,266,299,305,315,316,778,329,255,1153,824,749,744],"class_list":{"0":"post-20815","1":"product","2":"type-product","3":"status-publish","4":"has-post-thumbnail","6":"product_brand-ibags-belts","7":"product_cat-bolsos-bandoleras-de-cuero-artesanal","8":"product_tag-artesania","9":"product_tag-bandolera","10":"product_tag-bandoleras","11":"product_tag-bohochic","12":"product_tag-bolso-bohemian-bolso-cuero-repujado-bolsos-cuero-retro-bolso-shopper-cuero-bolso-cuero-trenzado-bolso-cuero-troquelado","13":"product_tag-bolso-cuero","14":"product_tag-bolso-cuero-artesanal","15":"product_tag-bolso-cuero-artesano","16":"product_tag-bolso-cuero-con-tachuelas","17":"product_tag-bolso-cuero-de-vaca","18":"product_tag-bolso-cuero-hippie","19":"product_tag-bolso-cuero-mujer","20":"product_tag-bolso-de-mano","21":"product_tag-bolso-flecos","22":"product_tag-clutch","23":"product_tag-estilo-bohochic","25":"first","26":"outofstock","27":"shipping-taxable","28":"purchasable","29":"product-type-simple","30":"add-to-wishlist-after_add_to_cart","31":"layout-style-1","32":"col-md-4 col-sm-4 col-xs-6","33":"col-lg-3","34":"product-has-gallery","35":"product-style-default"},"aioseo_notices":[],"_links":{"self":[{"href":"https:\/\/www.ibagsbelts.com\/tienda\/wp-json\/wp\/v2\/product\/20815","targetHints":{"allow":["GET"]}}],"collection":[{"href":"https:\/\/www.ibagsbelts.com\/tienda\/wp-json\/wp\/v2\/product"}],"about":[{"href":"https:\/\/www.ibagsbelts.com\/tienda\/wp-json\/wp\/v2\/types\/product"}],"replies":[{"embeddable":true,"href":"https:\/\/www.ibagsbelts.com\/tienda\/wp-json\/wp\/v2\/comments?post=20815"}],"wp:featuredmedia":[{"embeddable":true,"href":"https:\/\/www.ibagsbelts.com\/tienda\/wp-json\/wp\/v2\/media\/20816"}],"wp:attachment":[{"href":"https:\/\/www.ibagsbelts.com\/tienda\/wp-json\/wp\/v2\/media?parent=20815"}],"wp:term":[{"taxonomy":"product_brand","embeddable":true,"href":"https:\/\/www.ibagsbelts.com\/tienda\/wp-json\/wp\/v2\/product_brand?post=20815"},{"taxonomy":"product_cat","embeddable":true,"href":"https:\/\/www.ibagsbelts.com\/tienda\/wp-json\/wp\/v2\/product_cat?post=20815"},{"taxonomy":"product_tag","embeddable":true,"href":"https:\/\/www.ibagsbelts.com\/tienda\/wp-json\/wp\/v2\/product_tag?post=20815"}],"curies":[{"name":"wp","href":"https:\/\/api.w.org\/{rel}","templated":true}]}}