{"id":21875,"date":"2023-01-03T01:21:08","date_gmt":"2023-01-03T00:21:08","guid":{"rendered":"https:\/\/www.ibagsbelts.com\/tienda\/?post_type=product&#038;p=21875"},"modified":"2026-03-14T19:12:36","modified_gmt":"2026-03-14T18:12:36","slug":"cinturon-hebilla-elefante","status":"publish","type":"product","link":"https:\/\/www.ibagsbelts.com\/tienda\/producto\/cinturon-hebilla-elefante\/","title":{"rendered":"Cintur\u00f3n de piel con hebilla elefante Nilo"},"content":{"rendered":"<p style=\"text-align: left;\">Este cintur\u00f3n con hebilla de animales es el accesorio perfecto para elevar cualquier atuendo en tu armario. Ya sea que lo combines con vaqueros informales, pantalones de vestir o incluso con tu vestido favorito, este cintur\u00f3n seguramente atraer\u00e1 muchos elogios.<\/p>\n<p style=\"text-align: left;\">Lo mejor de todo es que este cintur\u00f3n es respetuoso con los animales. Dise\u00f1ado para aquellos que desean lucir a la moda sin comprometer sus principios \u00e9ticos, esta serie de productos demuestra que la moda puede ser divertida y compasiva al mismo tiempo. No importa el estilo de ropa que prefieras, este cintur\u00f3n se adapta perfectamente a cualquier ocasi\u00f3n, ya sea casual o elegante.<\/p>\n<p style=\"text-align: left;\">Cada dise\u00f1o de la serie de animales, que incluye elefantes, b\u00fafalos, abejas, tortugas y estrellas de mar, ha sido cuidadosamente elaborado por un dise\u00f1ador profesional. Este cintur\u00f3n combina a la perfecci\u00f3n negocios y ocio, manteniendo siempre un aire de elegancia y juventud. Ya sea para usar con trajes formales, vaqueros o pantalones de vestir, este cintur\u00f3n autom\u00e1tico a\u00f1ade un toque distintivo a tu estilo \u00fanico.<\/p>\n<p style=\"text-align: left;\"><strong>Aviso importante<\/strong><\/p>\n<p style=\"text-align: left;\">Todos nuestros productos de cuero est\u00e1n hechos a mano y su nueva bolsa de cuero puede estar sujeta a una variaci\u00f3n natural en tama\u00f1o y color.<br \/>\nPara los tama\u00f1os, permita 1-2 cm difiere debido a la medida manual.<br \/>\nLas im\u00e1genes son 100% reales.<br \/>\nDebido al monitor del ordenador y el brillo real de la toma y otras razones, habr\u00e1 una cierta diferencia de color.<\/p>\n<!-- AddThis Advanced Settings generic via filter on the_content --><!-- AddThis Share Buttons generic via filter on the_content -->","protected":false},"excerpt":{"rendered":"<p style=\"text-align: left;\">Hebilla de cintur\u00f3n con animal estilo vaquero del oeste indio vintage con cintur\u00f3n de cuero para jeans.<\/p>\n<p style=\"text-align: left;\">Novedad, accesorios cl\u00e1sicos, modernos y de moda para mujeres y hombres.\u00a0<span class=\"a-list-item\">Cinturones con un ancho de 3.8-4cm. <\/span><span class=\"a-list-item\">Aleaci\u00f3n de zinc de alta calidad, acabado met\u00e1lico<\/span><\/p>\n<p style=\"text-align: left;\"><span class=\"a-list-item\">El paquete incluye 1 hebilla de metal y cintur\u00f3n de cuero incluido)<\/span><\/p>\n<h4><strong>Disponible de Talla 90 y 95. Por favor indicar medida de cintura<\/strong><\/h4>\n<h5 style=\"text-align: center;\"><strong>\u00bfAlguna duda? Ponte en contacto con nosotros a trav\u00e9s del bot\u00f3n del chat directo por whatsApp y te resolveremos las dudas al instante!<\/strong><\/h5>\n<p><!-- AddThis Advanced Settings generic via filter on get_the_excerpt --><!-- AddThis Share Buttons generic via filter on get_the_excerpt --><\/p>\n","protected":false},"featured_media":21856,"comment_status":"open","ping_status":"closed","template":"","meta":{"om_disable_all_campaigns":false,"_monsterinsights_skip_tracking":false,"_monsterinsights_sitenote_active":false,"_monsterinsights_sitenote_note":"","_monsterinsights_sitenote_category":0,"_uf_show_specific_survey":0,"_uf_disable_surveys":false},"product_brand":[1217],"product_cat":[980],"product_tag":[905,290,332,341,333,1089,1034],"class_list":{"0":"post-21875","1":"product","2":"type-product","3":"status-publish","4":"has-post-thumbnail","6":"product_brand-ibags-belts","7":"product_cat-cinturones-lisos","8":"product_tag-casual","9":"product_tag-cinturon","10":"product_tag-cinturon-cuero","11":"product_tag-cinturon-cuero-boho-chic","12":"product_tag-cinturon-cuero-vaca","13":"product_tag-cinturon-piel","14":"product_tag-cinturones","16":"first","17":"instock","18":"shipping-taxable","19":"purchasable","20":"product-type-variable","21":"add-to-wishlist-after_add_to_cart","22":"layout-style-1","23":"col-md-4 col-sm-4 col-xs-6","24":"col-lg-3","25":"product-has-gallery","26":"product-style-default"},"aioseo_notices":[],"_links":{"self":[{"href":"https:\/\/www.ibagsbelts.com\/tienda\/wp-json\/wp\/v2\/product\/21875","targetHints":{"allow":["GET"]}}],"collection":[{"href":"https:\/\/www.ibagsbelts.com\/tienda\/wp-json\/wp\/v2\/product"}],"about":[{"href":"https:\/\/www.ibagsbelts.com\/tienda\/wp-json\/wp\/v2\/types\/product"}],"replies":[{"embeddable":true,"href":"https:\/\/www.ibagsbelts.com\/tienda\/wp-json\/wp\/v2\/comments?post=21875"}],"wp:featuredmedia":[{"embeddable":true,"href":"https:\/\/www.ibagsbelts.com\/tienda\/wp-json\/wp\/v2\/media\/21856"}],"wp:attachment":[{"href":"https:\/\/www.ibagsbelts.com\/tienda\/wp-json\/wp\/v2\/media?parent=21875"}],"wp:term":[{"taxonomy":"product_brand","embeddable":true,"href":"https:\/\/www.ibagsbelts.com\/tienda\/wp-json\/wp\/v2\/product_brand?post=21875"},{"taxonomy":"product_cat","embeddable":true,"href":"https:\/\/www.ibagsbelts.com\/tienda\/wp-json\/wp\/v2\/product_cat?post=21875"},{"taxonomy":"product_tag","embeddable":true,"href":"https:\/\/www.ibagsbelts.com\/tienda\/wp-json\/wp\/v2\/product_tag?post=21875"}],"curies":[{"name":"wp","href":"https:\/\/api.w.org\/{rel}","templated":true}]}}