{"id":2199,"date":"2018-01-25T15:17:51","date_gmt":"2018-01-25T14:17:51","guid":{"rendered":"https:\/\/www.ibagsbelts.com\/?post_type=product&#038;p=2199"},"modified":"2026-03-15T20:30:18","modified_gmt":"2026-03-15T19:30:18","slug":"maletin-de-cuero-para-documentacion-y-portatil-ordenador","status":"publish","type":"product","link":"https:\/\/www.ibagsbelts.com\/tienda\/producto\/maletin-de-cuero-para-documentacion-y-portatil-ordenador\/","title":{"rendered":"Malet\u00edn de Cuero para documentaci\u00f3n y Ordenador Port\u00e1til Bogot\u00e1"},"content":{"rendered":"<p>Descubre la funcionalidad y el estilo \u00fanico de nuestro malet\u00edn bandolera para hombre. El exterior est\u00e1 confeccionado a mano con cuero artesanal, brindando un toque de distinci\u00f3n. Aunque el material no es impermeable, su durabilidad es evidente.<\/p>\n<p>En el interior, encontrar\u00e1s suavidad gracias a la tela de algod\u00f3n. La correa es resistente y ajustable con una hebilla que facilita su quita y puesta. Las cremalleras son suaves y resistentes, asegurando un acceso f\u00e1cil y seguro a tus pertenencias.<\/p>\n<p>Este vers\u00e1til malet\u00edn ofrece tres estilos en uno: malet\u00edn de viaje, bolso bandolera y bolsa de mano. La correa de mano es c\u00f3moda, y la correa para el hombro es desmontable y ajustable para adaptarse a tus preferencias.<\/p>\n<p>Con un total de 5 bolsillos, incluyendo compartimentos especiales para bol\u00edgrafos y un espacio principal que puede acomodar un ordenador MacBook de 13.3&#8243; y carpetas A4. Adem\u00e1s, cuenta con un compartimento especial para un ordenador de 14 pulgadas. Esta organizaci\u00f3n te permite mantener tus pertenencias ordenadas y accesibles.<\/p>\n<p>Las dimensiones de este malet\u00edn son 40 x 30 x 12 cm, y su peso aproximado es de 1.5 kg. \u00a1Prep\u00e1rate para la funcionalidad y el estilo excepcional con nuestro malet\u00edn bandolera para hombre!<\/p>\n<h5 style=\"text-align: left;\"><strong>Aviso importante<\/strong><\/h5>\n<p style=\"text-align: left;\">Todos nuestros productos de cuero est\u00e1n hechos a mano y su nuevo bolso de cuero puede estar sujeta a una variaci\u00f3n natural en tama\u00f1o y color.<\/p>\n<p style=\"text-align: left;\">Las pieles utilizadas han sido procesadas y curtidas en una de las curtidur\u00edas m\u00e1s antiguas utilizando t\u00e9cnicas centenarias para dar al cuero acabado un aspecto antiguo \/ vintage.<br \/>\nPara los tama\u00f1os, permita 1-2 cm diferencia debido a la medida manual.<br \/>\nLas im\u00e1genes son 100% reales.<br \/>\nDebido al monitor del ordenador y el brillo real de la toma y otras razones, habr\u00e1 una cierta diferencia de color.<\/p>\n<p>&nbsp;<\/p>\n<!-- AddThis Advanced Settings generic via filter on the_content --><!-- AddThis Share Buttons generic via filter on the_content -->","protected":false},"excerpt":{"rendered":"<h2 style=\"text-align: center;\">Uno bolso puede ser tres estilos para llevar.<\/h2>\n<h3 style=\"text-align: center;\">Por ejemplo, malet\u00edn de viaje, bolso bandolera, bolsa de mano.\u00a0La correa de mano es muy c\u00f3moda. La banda hombro es desmontable y ajustable para un adulto.<\/h3>\n<h4 style=\"text-align: center;\">5 bolsillos total, 2 ranuras para bol\u00edgrafos, el bolso principal delantero puede caber el ordenador de MacBook 13.3\u201d, libros y A4 carpetas, etc, adem\u00e1s el otro bolso principal tiene un comportamiento especial para el ordenador de 14 pulgadas.<\/h4>\n<h4 style=\"text-align: center;\">Medidas 40*30*12 cm, peso aprox.1.5kg.<\/h4>\n<h5><strong>\u00bfAlguna duda? Ponte en contacto con nosotros a trav\u00e9s del bot\u00f3n del chat directo por whatsApp y te resolveremos las dudas al instante!<\/strong><\/h5>\n<p><!-- AddThis Advanced Settings generic via filter on get_the_excerpt --><!-- AddThis Share Buttons generic via filter on get_the_excerpt --><\/p>\n","protected":false},"featured_media":12165,"comment_status":"open","ping_status":"closed","template":"","meta":{"om_disable_all_campaigns":false,"_monsterinsights_skip_tracking":false,"_monsterinsights_sitenote_active":false,"_monsterinsights_sitenote_note":"","_monsterinsights_sitenote_category":0,"_uf_show_specific_survey":0,"_uf_disable_surveys":false},"product_brand":[1217],"product_cat":[240,757,402],"product_tag":[1019,299,305,315,823,885,905,279,875,928],"class_list":{"0":"post-2199","1":"product","2":"type-product","3":"status-publish","4":"has-post-thumbnail","6":"product_brand-ibags-belts","7":"product_cat-bolsos-bandoleras-de-cuero-artesanal","8":"product_cat-bolso-clutch","9":"product_cat-maletin-liso","10":"product_tag-bolsa-de-portatil","11":"product_tag-bolso-cuero","12":"product_tag-bolso-cuero-artesanal","13":"product_tag-bolso-cuero-artesano","14":"product_tag-bolso-piel","15":"product_tag-cartera","16":"product_tag-casual","17":"product_tag-bolso-cuero-artesanal-hombre-bolso-cuero-boho-bolso-cuero-con-tachuelas-bolsos-cuero-caballero-bolso-cuero-de-hombre-bolso-cuero-de-viaje-bolso-cuero-de-vaca","18":"product_tag-maletin","19":"product_tag-portafolios","21":"first","22":"instock","23":"shipping-taxable","24":"purchasable","25":"product-type-simple","26":"add-to-wishlist-after_add_to_cart","27":"layout-style-1","28":"col-md-4 col-sm-4 col-xs-6","29":"col-lg-3","30":"product-has-gallery","31":"product-style-default"},"aioseo_notices":[],"_links":{"self":[{"href":"https:\/\/www.ibagsbelts.com\/tienda\/wp-json\/wp\/v2\/product\/2199","targetHints":{"allow":["GET"]}}],"collection":[{"href":"https:\/\/www.ibagsbelts.com\/tienda\/wp-json\/wp\/v2\/product"}],"about":[{"href":"https:\/\/www.ibagsbelts.com\/tienda\/wp-json\/wp\/v2\/types\/product"}],"replies":[{"embeddable":true,"href":"https:\/\/www.ibagsbelts.com\/tienda\/wp-json\/wp\/v2\/comments?post=2199"}],"wp:featuredmedia":[{"embeddable":true,"href":"https:\/\/www.ibagsbelts.com\/tienda\/wp-json\/wp\/v2\/media\/12165"}],"wp:attachment":[{"href":"https:\/\/www.ibagsbelts.com\/tienda\/wp-json\/wp\/v2\/media?parent=2199"}],"wp:term":[{"taxonomy":"product_brand","embeddable":true,"href":"https:\/\/www.ibagsbelts.com\/tienda\/wp-json\/wp\/v2\/product_brand?post=2199"},{"taxonomy":"product_cat","embeddable":true,"href":"https:\/\/www.ibagsbelts.com\/tienda\/wp-json\/wp\/v2\/product_cat?post=2199"},{"taxonomy":"product_tag","embeddable":true,"href":"https:\/\/www.ibagsbelts.com\/tienda\/wp-json\/wp\/v2\/product_tag?post=2199"}],"curies":[{"name":"wp","href":"https:\/\/api.w.org\/{rel}","templated":true}]}}