{"id":22169,"date":"2023-01-18T20:39:58","date_gmt":"2023-01-18T19:39:58","guid":{"rendered":"https:\/\/www.ibagsbelts.com\/tienda\/?post_type=product&#038;p=22169"},"modified":"2026-03-14T19:11:20","modified_gmt":"2026-03-14T18:11:20","slug":"bolso-de-piel-trenzado-milano-verde","status":"publish","type":"product","link":"https:\/\/www.ibagsbelts.com\/tienda\/producto\/bolso-de-piel-trenzado-milano-verde\/","title":{"rendered":"Bolso de piel trenzado Milano verde"},"content":{"rendered":"<p style=\"text-align: left;\">Confeccionado a mano en exclusiva piel de Italia vintage suave como la mantequilla y lavado a mano en\u00a0 colores impresionantes, este tote es un aut\u00e9ntico bolso italiano que querr\u00e1s llevar a todas partes.<\/p>\n<p style=\"text-align: left;\">Ll\u00e9vatelo en tu d\u00eda de compras o una escapada de fin de semana completa de art\u00edculos esenciales en nuestro impresionante bolso shopper de cuero tejido a mano con un dise\u00f1o suave y holgado.<\/p>\n<p style=\"text-align: left;\">Dos asas superiores de cuero trenzadas y se incluye una correa de cuero liso suave ajustable.<\/p>\n<p style=\"text-align: left;\">En su interior forrado con algod\u00f3n lavado. Bolsillo grande y seguro con cremallera y 2 bolsillos abiertos para tel\u00e9fono celular y elementos esenciales de f\u00e1cil acceso.<\/p>\n<p style=\"text-align: left;\">Medidas:\u00a0 37 cm largo \u00d7 31 cm alto \u00d7 15 cm.\u00a0 Ca\u00edda del mango 14 cm.<\/p>\n<h4 style=\"text-align: left;\"><strong>Aviso importante<\/strong><\/h4>\n<h5 style=\"text-align: left;\">Todos nuestros productos de cuero puede estar sujeta a una variaci\u00f3n natural en tama\u00f1o y color.<\/h5>\n<h5 style=\"text-align: left;\">Las pieles utilizadas han sido procesadas y curtidas en una de las curtidur\u00edas m\u00e1s antiguas utilizando t\u00e9cnicas centenarias para dar al cuero acabado un aspecto antiguo \/ vintage.<\/h5>\n<h5 style=\"text-align: left;\">Para los tama\u00f1os, permita 1-2 cm diferencia debido a la medida manual. Las im\u00e1genes son 100% reales. Debido al monitor del ordenador y el brillo real de la toma y otras razones, habr\u00e1 una cierta diferencia de color.<\/h5>\n<!-- AddThis Advanced Settings generic via filter on the_content --><!-- AddThis Share Buttons generic via filter on the_content -->","protected":false},"excerpt":{"rendered":"<h5 style=\"text-align: center;\">Confeccionado a mano en exclusiva piel de Italia vintage suave como la mantequilla y lavado a mano en\u00a0 colores impresionantes, este tote es un aut\u00e9ntico bolso italiano que querr\u00e1s llevar a todas partes.<\/h5>\n<h5 style=\"text-align: center;\">Ll\u00e9vatelo en tu d\u00eda de compras o una escapada de fin de semana completa de art\u00edculos esenciales en nuestro impresionante bolso shopper de cuero tejido a mano con un dise\u00f1o suave y holgado.<\/h5>\n<h5 style=\"text-align: center;\">Dos asas superiores de cuero trenzadas y se incluye una correa de cuero liso suave ajustable.<\/h5>\n<h5 style=\"text-align: center;\">En su interior forrado con algod\u00f3n lavado. Bolsillo grande y seguro con cremallera y 2 bolsillos abiertos para tel\u00e9fono celular y elementos esenciales de f\u00e1cil acceso.<\/h5>\n<h5 style=\"text-align: center;\">Medidas:\u00a0 37 cm largo \u00d7 31 cm alto \u00d7 15 cm.\u00a0 Ca\u00edda del mango 14 cm.<\/h5>\n<h4><strong>\u00bfAlguna duda? Ponte en contacto con nosotros a trav\u00e9s del bot\u00f3n del chat directo por whatsApp y te resolveremos las dudas al instante!<\/strong><\/h4>\n<p><!-- AddThis Advanced Settings generic via filter on get_the_excerpt --><!-- AddThis Share Buttons generic via filter on get_the_excerpt --><\/p>\n","protected":false},"featured_media":22182,"comment_status":"open","ping_status":"closed","template":"","meta":{"om_disable_all_campaigns":false,"_monsterinsights_skip_tracking":false,"_monsterinsights_sitenote_active":false,"_monsterinsights_sitenote_note":"","_monsterinsights_sitenote_category":0,"_uf_show_specific_survey":0,"_uf_disable_surveys":false},"product_brand":[1217],"product_cat":[240,1035,40],"product_tag":[301,877,266,303,823,1036,784,727,307,744,1038,1048],"class_list":{"0":"post-22169","1":"product","2":"type-product","3":"status-publish","4":"has-post-thumbnail","6":"product_brand-ibags-belts","7":"product_cat-bolsos-bandoleras-de-cuero-artesanal","8":"product_cat-bolso-de-cuero-italiano","9":"product_cat-bolsos-de-hombro","10":"product_tag-bandolera","11":"product_tag-bandoleras","12":"product_tag-bolso-bohemian-bolso-cuero-repujado-bolsos-cuero-retro-bolso-shopper-cuero-bolso-cuero-trenzado-bolso-cuero-troquelado","13":"product_tag-bolso-bohemian","14":"product_tag-bolso-piel","15":"product_tag-bolso-piel-italiano","16":"product_tag-bolso-trenzados","17":"product_tag-bolsos-bandoleras-cuero","18":"product_tag-cuero-trenzado","19":"product_tag-estilo-bohochic","20":"product_tag-piel-lavada","21":"product_tag-trenzado","23":"first","24":"outofstock","25":"shipping-taxable","26":"purchasable","27":"product-type-simple","28":"add-to-wishlist-after_add_to_cart","29":"layout-style-1","30":"col-md-4 col-sm-4 col-xs-6","31":"col-lg-3","32":"product-has-gallery","33":"product-style-default"},"aioseo_notices":[],"_links":{"self":[{"href":"https:\/\/www.ibagsbelts.com\/tienda\/wp-json\/wp\/v2\/product\/22169","targetHints":{"allow":["GET"]}}],"collection":[{"href":"https:\/\/www.ibagsbelts.com\/tienda\/wp-json\/wp\/v2\/product"}],"about":[{"href":"https:\/\/www.ibagsbelts.com\/tienda\/wp-json\/wp\/v2\/types\/product"}],"replies":[{"embeddable":true,"href":"https:\/\/www.ibagsbelts.com\/tienda\/wp-json\/wp\/v2\/comments?post=22169"}],"wp:featuredmedia":[{"embeddable":true,"href":"https:\/\/www.ibagsbelts.com\/tienda\/wp-json\/wp\/v2\/media\/22182"}],"wp:attachment":[{"href":"https:\/\/www.ibagsbelts.com\/tienda\/wp-json\/wp\/v2\/media?parent=22169"}],"wp:term":[{"taxonomy":"product_brand","embeddable":true,"href":"https:\/\/www.ibagsbelts.com\/tienda\/wp-json\/wp\/v2\/product_brand?post=22169"},{"taxonomy":"product_cat","embeddable":true,"href":"https:\/\/www.ibagsbelts.com\/tienda\/wp-json\/wp\/v2\/product_cat?post=22169"},{"taxonomy":"product_tag","embeddable":true,"href":"https:\/\/www.ibagsbelts.com\/tienda\/wp-json\/wp\/v2\/product_tag?post=22169"}],"curies":[{"name":"wp","href":"https:\/\/api.w.org\/{rel}","templated":true}]}}