{"id":22226,"date":"2023-01-18T22:58:21","date_gmt":"2023-01-18T21:58:21","guid":{"rendered":"https:\/\/www.ibagsbelts.com\/tienda\/?post_type=product&#038;p=22226"},"modified":"2026-03-14T19:04:51","modified_gmt":"2026-03-14T18:04:51","slug":"bolso-italiano-piel-lavada-marron-venecia","status":"publish","type":"product","link":"https:\/\/www.ibagsbelts.com\/tienda\/producto\/bolso-italiano-piel-lavada-marron-venecia\/","title":{"rendered":"Bolso Italiano piel lavada marr\u00f3n Venecia"},"content":{"rendered":"<div class=\"woocommerce-product-details__short-description\">Sum\u00e9rgete en la elegancia atemporal con nuestro impresionante bolso de piel italiana, perfecto tanto para el d\u00eda como para la noche. Elaborado con exquisita piel envejecida, este bolso cuenta con detalles de cierre de lat\u00f3n envejecido que a\u00f1aden un toque de sofisticaci\u00f3n.Con m\u00faltiples bolsillos y compartimentos interiores, este bolso te ayuda a mantenerte organizado en todo momento.<\/div>\n<div class=\"woocommerce-product-details__short-description\">La correa de cuero suave es ajustable y extra\u00edble, lo que te permite llevarlo c\u00f3modamente como bandolera o como bolso de mano. Adem\u00e1s, incluye una correa de hombro para mayor versatilidad.Los dos compartimentos interiores te ofrecen espacio adicional para organizar tus pertenencias, con uno de ellos equipado con cierre de bot\u00f3n y un bolsillo interior con cremallera para guardar tus objetos de valor de forma segura.Con unas medidas de 28 cm de largo, 12 cm de ancho y 28 cm de alto, este bolso ofrece un equilibrio perfecto entre funcionalidad y estilo, lo que lo convierte en el complemento ideal para cualquier ocasi\u00f3n.<\/p>\n<p style=\"text-align: left;\"><strong>Aviso importante<\/strong><\/p>\n<h5 style=\"text-align: left;\">Todos nuestros productos de cuero puede estar sujeta a una variaci\u00f3n natural en tama\u00f1o y color.<\/h5>\n<h5 style=\"text-align: left;\">Las pieles utilizadas han sido procesadas y curtidas en una de las curtidur\u00edas m\u00e1s antiguas utilizando t\u00e9cnicas centenarias para dar al cuero acabado un aspecto antiguo \/ vintage.<\/h5>\n<h5 style=\"text-align: left;\">Para los tama\u00f1os, permita 1-2 cm diferencia debido a la medida manual. Las im\u00e1genes son 100% reales. Debido al monitor del ordenador y el brillo real de la toma y otras razones, habr\u00e1 una cierta diferencia de color.<\/h5>\n<\/div>\n<!-- AddThis Advanced Settings generic via filter on the_content --><!-- AddThis Share Buttons generic via filter on the_content -->","protected":false},"excerpt":{"rendered":"<p>Bolso de piel Italiana para del d\u00eda y la noche con nuestro impresionante bolso y bandolera de piel envejecida.<\/p>\n<p>Con detalles en el cierre de lat\u00f3n envejecido en el cierre, varios\u00a0 bolsillos y secciones interiores para mantenerte organizado.\u00a0Correa de cuero suave ajustable y extra\u00edble, correa de hombro. Dos compartimentos interiores, uno con cierre de bot\u00f3n y bolsillo interior con cremallera<\/p>\n<p>Medidas: 28 cm \u00d7 12 cm \u00d7 28 cm<\/p>\n<h5><strong>\u00bfAlguna duda? Ponte en contacto con nosotros a trav\u00e9s del bot\u00f3n del chat directo por whatsApp y te resolveremos las dudas al instante!<\/strong><\/h5>\n<p><!-- AddThis Advanced Settings generic via filter on get_the_excerpt --><!-- AddThis Share Buttons generic via filter on get_the_excerpt --><\/p>\n","protected":false},"featured_media":22227,"comment_status":"open","ping_status":"closed","template":"","meta":{"om_disable_all_campaigns":false,"_monsterinsights_skip_tracking":false,"_monsterinsights_sitenote_active":false,"_monsterinsights_sitenote_note":"","_monsterinsights_sitenote_category":0,"_uf_show_specific_survey":0,"_uf_disable_surveys":false},"product_brand":[1217],"product_cat":[240,1035,40],"product_tag":[301,877,266,303,315,777,21,255,823,1036,784,727,1102,1038,1048],"class_list":{"0":"post-22226","1":"product","2":"type-product","3":"status-publish","4":"has-post-thumbnail","6":"product_brand-ibags-belts","7":"product_cat-bolsos-bandoleras-de-cuero-artesanal","8":"product_cat-bolso-de-cuero-italiano","9":"product_cat-bolsos-de-hombro","10":"product_tag-bandolera","11":"product_tag-bandoleras","12":"product_tag-bolso-bohemian-bolso-cuero-repujado-bolsos-cuero-retro-bolso-shopper-cuero-bolso-cuero-trenzado-bolso-cuero-troquelado","13":"product_tag-bolso-bohemian","14":"product_tag-bolso-cuero-artesano","15":"product_tag-bolso-cuero-bandoleras","16":"product_tag-bolso-cuero-artesanal-vintage","17":"product_tag-bolso-cuero-mujer","18":"product_tag-bolso-piel","19":"product_tag-bolso-piel-italiano","20":"product_tag-bolso-trenzados","21":"product_tag-bolsos-bandoleras-cuero","22":"product_tag-piel","23":"product_tag-piel-lavada","24":"product_tag-trenzado","26":"first","27":"instock","28":"shipping-taxable","29":"purchasable","30":"product-type-simple","31":"add-to-wishlist-after_add_to_cart","32":"layout-style-1","33":"col-md-4 col-sm-4 col-xs-6","34":"col-lg-3","35":"product-has-gallery","36":"product-style-default"},"aioseo_notices":[],"_links":{"self":[{"href":"https:\/\/www.ibagsbelts.com\/tienda\/wp-json\/wp\/v2\/product\/22226","targetHints":{"allow":["GET"]}}],"collection":[{"href":"https:\/\/www.ibagsbelts.com\/tienda\/wp-json\/wp\/v2\/product"}],"about":[{"href":"https:\/\/www.ibagsbelts.com\/tienda\/wp-json\/wp\/v2\/types\/product"}],"replies":[{"embeddable":true,"href":"https:\/\/www.ibagsbelts.com\/tienda\/wp-json\/wp\/v2\/comments?post=22226"}],"wp:featuredmedia":[{"embeddable":true,"href":"https:\/\/www.ibagsbelts.com\/tienda\/wp-json\/wp\/v2\/media\/22227"}],"wp:attachment":[{"href":"https:\/\/www.ibagsbelts.com\/tienda\/wp-json\/wp\/v2\/media?parent=22226"}],"wp:term":[{"taxonomy":"product_brand","embeddable":true,"href":"https:\/\/www.ibagsbelts.com\/tienda\/wp-json\/wp\/v2\/product_brand?post=22226"},{"taxonomy":"product_cat","embeddable":true,"href":"https:\/\/www.ibagsbelts.com\/tienda\/wp-json\/wp\/v2\/product_cat?post=22226"},{"taxonomy":"product_tag","embeddable":true,"href":"https:\/\/www.ibagsbelts.com\/tienda\/wp-json\/wp\/v2\/product_tag?post=22226"}],"curies":[{"name":"wp","href":"https:\/\/api.w.org\/{rel}","templated":true}]}}