{"id":2256,"date":"2018-01-26T04:49:25","date_gmt":"2018-01-26T03:49:25","guid":{"rendered":"https:\/\/www.ibagsbelts.com\/?post_type=product&#038;p=2256"},"modified":"2026-03-15T20:29:38","modified_gmt":"2026-03-15T19:29:38","slug":"bolso-bandolera-de-cuero-con-flecos-y-killim-roma","status":"publish","type":"product","link":"https:\/\/www.ibagsbelts.com\/tienda\/producto\/bolso-bandolera-de-cuero-con-flecos-y-killim-roma\/","title":{"rendered":"Bolso bandolera de cuero con flecos y killim Roma"},"content":{"rendered":"<p>\u00a1Descubre la belleza y la artesan\u00eda \u00fanica del bolso bandolera hecho de cuero y Huipil! Este bolso es una obra de arte que combina un estilo moderno con un dise\u00f1o retro cl\u00e1sico, atrayendo todas las miradas.<\/p>\n<p>Pero no es solo su apariencia lo que lo hace especial; su amplio espacio interior con cremallera y bolsillo interno lo convierten en el compa\u00f1ero perfecto para salidas nocturnas, caminatas y paseos. Adem\u00e1s, cuenta con un bolsillo externo con cremallera para tener a mano tus accesorios m\u00e1s peque\u00f1os.<\/p>\n<p>Cada detalle, desde el cuero hasta el Huipil tejido a mano, refleja la habilidad y el arte de los creadores. Este bolso no solo es hermoso, sino tambi\u00e9n pr\u00e1ctico. \u00a1Prep\u00e1rate para llevar contigo una pieza \u00fanica que destaque en cualquier ocasi\u00f3n!<\/p>\n<p style=\"text-align: left;\"><strong>Aviso importante<\/strong><\/p>\n<p style=\"text-align: left;\">Todos nuestros productos de cuero puede estar sujeta a una variaci\u00f3n natural en tama\u00f1o y color.<\/p>\n<p style=\"text-align: left;\">Las pieles utilizadas han sido procesadas y curtidas en una de las curtidur\u00edas m\u00e1s antiguas utilizando t\u00e9cnicas centenarias para dar al cuero acabado un aspecto antiguo \/ vintage.<br \/>\nPara los tama\u00f1os, permita 1-2 cm diferencia debido a la medida manual.<br \/>\nLas im\u00e1genes son 100% reales.<br \/>\nDebido al monitor del ordenador y el brillo real de la toma y otras razones, habr\u00e1 una cierta diferencia de color.<\/p>\n<p>&nbsp;<\/p>\n<!-- AddThis Advanced Settings generic via filter on the_content --><!-- AddThis Share Buttons generic via filter on the_content -->","protected":false},"excerpt":{"rendered":"<h3 style=\"text-align: center;\">\u00bfdescribir al bolso &#8220;ROMA&#8221;?.<\/h3>\n<h3 style=\"text-align: center;\">Hecho de cuero y Huipil realizado por manos que crean arte en sus tejidos, este bolso bandolera mezcla un estilo moderno con un cl\u00e1sico dise\u00f1o retro que atraer\u00e1 miradas. Pero, al igual que su apariencia, su amplio espacio interior con cremallera y bolsillo interno convirti\u00e9ndolo en un compa\u00f1ero perfecto tanto para salidas nocturnas como para caminatas y paseos.<\/h3>\n<h4 style=\"text-align: center;\">Adem\u00e1s, tiene un bolsillo externo con cremallera, para que puedas tener tus accesorios mas peque\u00f1os al alcance de tu mano.<\/h4>\n<h4 style=\"text-align: center;\">De este modo, solo se puede decir que el bolso es un acompa\u00f1ante tanto hermoso como pr\u00e1ctico.<\/h4>\n<h5 style=\"text-align: center;\"><strong>\u00bfAlguna duda? Ponte en contacto con nosotros a trav\u00e9s del bot\u00f3n del chat directo por whatsApp y te resolveremos las dudas al instante!<\/strong><\/h5>\n<p><!-- AddThis Advanced Settings generic via filter on get_the_excerpt --><!-- AddThis Share Buttons generic via filter on get_the_excerpt --><\/p>\n","protected":false},"featured_media":2258,"comment_status":"open","ping_status":"closed","template":"","meta":{"om_disable_all_campaigns":false,"_monsterinsights_skip_tracking":false,"_monsterinsights_sitenote_active":false,"_monsterinsights_sitenote_note":"","_monsterinsights_sitenote_category":0,"_uf_show_specific_survey":0,"_uf_disable_surveys":false},"product_brand":[1217],"product_cat":[240],"product_tag":[301,877,266,303,299,305,315,268,313,255,1053,823,259,743,744],"class_list":{"0":"post-2256","1":"product","2":"type-product","3":"status-publish","4":"has-post-thumbnail","6":"product_brand-ibags-belts","7":"product_cat-bolsos-bandoleras-de-cuero-artesanal","8":"product_tag-bandolera","9":"product_tag-bandoleras","10":"product_tag-bolso-bohemian-bolso-cuero-repujado-bolsos-cuero-retro-bolso-shopper-cuero-bolso-cuero-trenzado-bolso-cuero-troquelado","11":"product_tag-bolso-bohemian","12":"product_tag-bolso-cuero","13":"product_tag-bolso-cuero-artesanal","14":"product_tag-bolso-cuero-artesano","15":"product_tag-bolso-cuero-boho-bolso-cuero-con-tachuelas-bolsos-cuero-caballero-bolso-cuero-de-hombre-bolso-cuero-de-viaje-bolso-cuero-de-vaca-bolso-de-cuero-artesanal-bolso-de-cuero","16":"product_tag-bolso-cuero-hecho-a-mano","17":"product_tag-bolso-cuero-mujer","18":"product_tag-bolso-killim","19":"product_tag-bolso-piel","20":"product_tag-bolso-de-cuero-hecho-a-mano-bolso-cuero-grabado-bolso-cuero-hombre-artesanal-bolso-cuero-hecho-a-mano-bolsos-cuero-y-kilim-bolso-cuero-mochila","21":"product_tag-estilo-boho","22":"product_tag-estilo-bohochic","24":"first","25":"outofstock","26":"shipping-taxable","27":"purchasable","28":"product-type-simple","29":"add-to-wishlist-after_add_to_cart","30":"layout-style-1","31":"col-md-4 col-sm-4 col-xs-6","32":"col-lg-3","33":"product-has-gallery","34":"product-style-default"},"aioseo_notices":[],"_links":{"self":[{"href":"https:\/\/www.ibagsbelts.com\/tienda\/wp-json\/wp\/v2\/product\/2256","targetHints":{"allow":["GET"]}}],"collection":[{"href":"https:\/\/www.ibagsbelts.com\/tienda\/wp-json\/wp\/v2\/product"}],"about":[{"href":"https:\/\/www.ibagsbelts.com\/tienda\/wp-json\/wp\/v2\/types\/product"}],"replies":[{"embeddable":true,"href":"https:\/\/www.ibagsbelts.com\/tienda\/wp-json\/wp\/v2\/comments?post=2256"}],"wp:featuredmedia":[{"embeddable":true,"href":"https:\/\/www.ibagsbelts.com\/tienda\/wp-json\/wp\/v2\/media\/2258"}],"wp:attachment":[{"href":"https:\/\/www.ibagsbelts.com\/tienda\/wp-json\/wp\/v2\/media?parent=2256"}],"wp:term":[{"taxonomy":"product_brand","embeddable":true,"href":"https:\/\/www.ibagsbelts.com\/tienda\/wp-json\/wp\/v2\/product_brand?post=2256"},{"taxonomy":"product_cat","embeddable":true,"href":"https:\/\/www.ibagsbelts.com\/tienda\/wp-json\/wp\/v2\/product_cat?post=2256"},{"taxonomy":"product_tag","embeddable":true,"href":"https:\/\/www.ibagsbelts.com\/tienda\/wp-json\/wp\/v2\/product_tag?post=2256"}],"curies":[{"name":"wp","href":"https:\/\/api.w.org\/{rel}","templated":true}]}}