{"id":22762,"date":"2023-02-12T15:52:10","date_gmt":"2023-02-12T14:52:10","guid":{"rendered":"https:\/\/www.ibagsbelts.com\/tienda\/?post_type=product&#038;p=22762"},"modified":"2026-03-14T18:48:22","modified_gmt":"2026-03-14T17:48:22","slug":"mini-maletin-de-cuero-retro-negro","status":"publish","type":"product","link":"https:\/\/www.ibagsbelts.com\/tienda\/producto\/mini-maletin-de-cuero-retro-negro\/","title":{"rendered":"Mini malet\u00edn de cuero retro negro Harriet"},"content":{"rendered":"<p style=\"text-align: left;\">Sum\u00e9rgete en la elegancia cl\u00e1sica con nuestro encantador mini malet\u00edn de cuero, meticulosamente elaborado a mano para ofrecerte estilo y funcionalidad incomparables. Este malet\u00edn es el compa\u00f1ero perfecto para tu tablet, gracias a su dise\u00f1o cl\u00e1sico y bien organizado.<\/p>\n<p style=\"text-align: left;\">En su amplio interior, encontrar\u00e1s espacio bien distribuido para tu iPad o tablet, documentos, cuaderno para notas, libros y todo lo importante que desees llevar contigo sin causar molestias. Adem\u00e1s, cuenta con dos bolsillos adicionales para guardar tu tel\u00e9fono, monedero y otros objetos de uso frecuente, manteni\u00e9ndolos siempre al alcance de tu mano sin necesidad de rebuscar entre tus pertenencias.<\/p>\n<p style=\"text-align: left;\">Los cierres magn\u00e9ticos a\u00f1aden un toque de distinci\u00f3n y aseguran que el contenido de tu bolso est\u00e9 protegido en todo momento. Con su estilo retro y su alta funcionalidad, esta cartera de cuero seguramente se convertir\u00e1 en un imprescindible en tu d\u00eda a d\u00eda.<\/p>\n<p style=\"text-align: left;\">\u00a1No esperes m\u00e1s y hazte con la tuya para a\u00f1adir un toque de elegancia cl\u00e1sica a tu estilo!<\/p>\n<p style=\"text-align: left;\"><strong>Aviso importante<\/strong><\/p>\n<p style=\"text-align: left;\">Todos nuestros productos de cuero est\u00e1n hechos a mano y su nueva bolsa de cuero puede estar sujeta a una variaci\u00f3n natural en tama\u00f1o y color.<br \/>\nPara los tama\u00f1os, permita 1-2 cm difiere debido a la medida manual.<br \/>\nLas im\u00e1genes son 100% reales.<br \/>\nDebido al monitor del ordenador y el brillo real de la toma y otras razones, habr\u00e1 una cierta diferencia de color.<\/p>\n<!-- AddThis Advanced Settings generic via filter on the_content --><!-- AddThis Share Buttons generic via filter on the_content -->","protected":false},"excerpt":{"rendered":"<p style=\"text-align: left;\">Este hermoso mini malet\u00edn de cuero realizado a mano en el encontrar\u00e1s espacio bien repartido para tu tablet, de dise\u00f1o cl\u00e1sico.<\/p>\n<p style=\"text-align: left;\">Esta cartera de cuero atrae por su estilo Retro unido a una alta funcionalidad.\u00a0En su amplio interior hay espacio suficiente para:<\/p>\n<p style=\"text-align: left;\">Ipad o Tablet, Documentos, Cuaderno para notas, Libros.<\/p>\n<p style=\"text-align: left;\">Puedes llevar contigo siempre lo importante sin causar ninguna molestia.\u00a0Dos bolsillos adicionales te ofrecen capacidad para guardar tu tel\u00e9fono, monedero y otros objetos de uso frecuente, los cuales, tendr\u00e1s siempre al alcance de tu mano, sin necesidad de revolver todo. bolsillo con cremallera detr\u00e1s del bolso.<\/p>\n<p style=\"text-align: left;\">Los cierres de hebillas protegen el contenido del bolso y le dan un toque de distinci\u00f3n que te recordar\u00e1 a los viejos tiempos.<\/p>\n<div class=\"woocommerce-product-details__short-description\">\n<p style=\"text-align: left;\">Medidas:\u00a0 30 cm X\u00a0 5 cm X\u00a0 21 cm<\/p>\n<h5 style=\"text-align: center;\"><strong>\u00bfAlguna duda? Ponte en contacto con nosotros a trav\u00e9s del bot\u00f3n del chat directo por whatsApp y te resolveremos las dudas al instante!<\/strong><\/h5>\n<\/div>\n<p><!-- AddThis Advanced Settings generic via filter on get_the_excerpt --><!-- AddThis Share Buttons generic via filter on get_the_excerpt --><\/p>\n","protected":false},"featured_media":22765,"comment_status":"open","ping_status":"closed","template":"","meta":{"om_disable_all_campaigns":false,"_monsterinsights_skip_tracking":false,"_monsterinsights_sitenote_active":false,"_monsterinsights_sitenote_note":"","_monsterinsights_sitenote_category":0,"_uf_show_specific_survey":0,"_uf_disable_surveys":false},"product_brand":[1217],"product_cat":[240,402],"product_tag":[1135,301,877,266,299,305,315,823,727,302,885,746,875],"class_list":{"0":"post-22762","1":"product","2":"type-product","3":"status-publish","4":"has-post-thumbnail","6":"product_brand-ibags-belts","7":"product_cat-bolsos-bandoleras-de-cuero-artesanal","8":"product_cat-maletin-liso","9":"product_tag-accesorios-y-complementos","10":"product_tag-bandolera","11":"product_tag-bandoleras","12":"product_tag-bolso-bohemian-bolso-cuero-repujado-bolsos-cuero-retro-bolso-shopper-cuero-bolso-cuero-trenzado-bolso-cuero-troquelado","13":"product_tag-bolso-cuero","14":"product_tag-bolso-cuero-artesanal","15":"product_tag-bolso-cuero-artesano","16":"product_tag-bolso-piel","17":"product_tag-bolsos-bandoleras-cuero","18":"product_tag-bolsos-de-cuero","19":"product_tag-cartera","20":"product_tag-estilo-hippiechic","21":"product_tag-maletin","23":"first","24":"instock","25":"sold-individually","26":"shipping-taxable","27":"purchasable","28":"product-type-simple","29":"add-to-wishlist-after_add_to_cart","30":"layout-style-1","31":"col-md-4 col-sm-4 col-xs-6","32":"col-lg-3","33":"product-has-gallery","34":"product-style-default"},"aioseo_notices":[],"_links":{"self":[{"href":"https:\/\/www.ibagsbelts.com\/tienda\/wp-json\/wp\/v2\/product\/22762","targetHints":{"allow":["GET"]}}],"collection":[{"href":"https:\/\/www.ibagsbelts.com\/tienda\/wp-json\/wp\/v2\/product"}],"about":[{"href":"https:\/\/www.ibagsbelts.com\/tienda\/wp-json\/wp\/v2\/types\/product"}],"replies":[{"embeddable":true,"href":"https:\/\/www.ibagsbelts.com\/tienda\/wp-json\/wp\/v2\/comments?post=22762"}],"wp:featuredmedia":[{"embeddable":true,"href":"https:\/\/www.ibagsbelts.com\/tienda\/wp-json\/wp\/v2\/media\/22765"}],"wp:attachment":[{"href":"https:\/\/www.ibagsbelts.com\/tienda\/wp-json\/wp\/v2\/media?parent=22762"}],"wp:term":[{"taxonomy":"product_brand","embeddable":true,"href":"https:\/\/www.ibagsbelts.com\/tienda\/wp-json\/wp\/v2\/product_brand?post=22762"},{"taxonomy":"product_cat","embeddable":true,"href":"https:\/\/www.ibagsbelts.com\/tienda\/wp-json\/wp\/v2\/product_cat?post=22762"},{"taxonomy":"product_tag","embeddable":true,"href":"https:\/\/www.ibagsbelts.com\/tienda\/wp-json\/wp\/v2\/product_tag?post=22762"}],"curies":[{"name":"wp","href":"https:\/\/api.w.org\/{rel}","templated":true}]}}