{"id":22929,"date":"2023-02-19T13:16:14","date_gmt":"2023-02-19T12:16:14","guid":{"rendered":"https:\/\/www.ibagsbelts.com\/tienda\/?post_type=product&#038;p=22929"},"modified":"2026-03-14T18:40:03","modified_gmt":"2026-03-14T17:40:03","slug":"maletin-portadocumentos-s-para-mujer-y-hombre-de-piel-marron","status":"publish","type":"product","link":"https:\/\/www.ibagsbelts.com\/tienda\/producto\/maletin-portadocumentos-s-para-mujer-y-hombre-de-piel-marron\/","title":{"rendered":"Malet\u00edn porta documentos S para mujer y hombre de piel marr\u00f3n Robin"},"content":{"rendered":"<p>\u00bfCansado de la monoton\u00eda? \u00a1Es hora de rebelarse con estilo! Este bolso de cuero desaf\u00eda las normas establecidas con su dise\u00f1o vintage y funcionalidad incomparable.<\/p>\n<p>Imagina llevar contigo todo lo que necesitas para desafiar el statu quo, organizado y seguro en sus m\u00faltiples compartimentos. \u00bfLa cereza en el pastel? Su correa acolchada ajustable para el hombro te ofrece comodidad durante tus aventuras urbanas.<\/p>\n<p>Este bolso italiano es m\u00e1s que un accesorio de moda: es una declaraci\u00f3n de independencia, una invitaci\u00f3n a destacar entre la multitud y reclamar tu propio espacio en el mundo. Ya sea en el trabajo, en la calle o en cualquier otro lugar donde te encuentres, este bolso te acompa\u00f1ar\u00e1 con su elegancia atemporal y su rebeld\u00eda implacable.<\/p>\n<p>No te conformes con lo ordinario. Eleva tu estilo con este bolso subversivo que desaf\u00eda las expectativas y te invita a vivir la vida a tu manera.<\/p>\n<p>\u00a1Hazte con \u00e9l ahora y empieza a escribir tu propia historia de rebeld\u00eda y estilo!<\/p>\n<p>Medidas: 25 cm de alto x 21 cm de largo x 10 cm de ancho.<\/p>\n<p><strong style=\"font-size: 1.4rem;\">Aviso importante<\/strong><\/p>\n<h5 style=\"text-align: left;\">Todos nuestros productos de cuero est\u00e1n hechos a mano y su nueva bolsa de cuero puede estar sujeta a una variaci\u00f3n natural en tama\u00f1o y color.<br \/>\nPara los tama\u00f1os, permita 1-2 cm difiere debido a la medida manual.<br \/>\nLas im\u00e1genes son 100% reales.<br \/>\nDebido al monitor del ordenador y el brillo real de la toma y otras razones, habr\u00e1 una cierta diferencia de color.<\/h5>\n<!-- AddThis Advanced Settings generic via filter on the_content --><!-- AddThis Share Buttons generic via filter on the_content -->","protected":false},"excerpt":{"rendered":"<p style=\"text-align: left;\">En un buen dise\u00f1o se encuentran la est\u00e9tica y la funcionalidad.<\/p>\n<p style=\"text-align: left;\">Por eso este bolso bandolera tiene un hermoso dise\u00f1o italiano y adem\u00e1s encontrar\u00e1s los compartimentos que necesitas para llevar todo contigo. Un lindo bolso que atrapar\u00e1 miradas y querr\u00e1s llevar contigo todos los d\u00edas.<\/p>\n<p>Este bolso de cuero combina estilo y funcionalidad de manera excepcional. Con m\u00faltiples compartimentos, podr\u00e1s organizar tus pertenencias de manera eficiente y llevar todo lo que necesitas contigo. Adem\u00e1s, su correa acolchada ajustable para el hombro ofrece comodidad durante todo el d\u00eda, y su cierre con llave garantiza la seguridad de tus objetos m\u00e1s preciados.<\/p>\n<p>Con un dise\u00f1o italiano elegante y atemporal, este bolso es perfecto para complementar cualquier atuendo y llamar la atenci\u00f3n por su sofisticaci\u00f3n. Ya sea para el trabajo, el ocio o cualquier ocasi\u00f3n, este bolso se convertir\u00e1 r\u00e1pidamente en un imprescindible en tu guardarropa.<\/p>\n<p>Sus dimensiones de 25 cm de alto, 21 cm de largo y 10 cm de ancho lo hacen lo suficientemente espacioso para tus necesidades diarias, pero lo bastante compacto para llevarlo c\u00f3modamente a todas partes<\/p>\n<p style=\"text-align: left;\">Este bolso de cuero cuenta con m\u00faltiples compartimentos, correa acolchada ajustable para el hombro opcional, cierre con llave y manija.<\/p>\n<p style=\"text-align: left;\"><span class=\"a-list-item\">Dimensiones: 25 cm alto x 21 cm largo x 10 cm.\u00a0<\/span><\/p>\n<h5 class=\"woocommerce-product-details__short-description\"><strong>\u00bfAlguna duda? Ponte en contacto con nosotros a trav\u00e9s del bot\u00f3n del chat directo por whatsApp y te resolveremos las dudas al instante!<\/strong><\/h5>\n<p><!-- AddThis Advanced Settings generic via filter on get_the_excerpt --><!-- AddThis Share Buttons generic via filter on get_the_excerpt --><\/p>\n","protected":false},"featured_media":22930,"comment_status":"open","ping_status":"closed","template":"","meta":{"om_disable_all_campaigns":false,"_monsterinsights_skip_tracking":false,"_monsterinsights_sitenote_active":false,"_monsterinsights_sitenote_note":"","_monsterinsights_sitenote_category":0,"_uf_show_specific_survey":0,"_uf_disable_surveys":false},"product_brand":[1217],"product_cat":[240,402],"product_tag":[1135,301,877,315,777,823,727,281,905,875,1090,1102,928],"class_list":{"0":"post-22929","1":"product","2":"type-product","3":"status-publish","4":"has-post-thumbnail","6":"product_brand-ibags-belts","7":"product_cat-bolsos-bandoleras-de-cuero-artesanal","8":"product_cat-maletin-liso","9":"product_tag-accesorios-y-complementos","10":"product_tag-bandolera","11":"product_tag-bandoleras","12":"product_tag-bolso-cuero-artesano","13":"product_tag-bolso-cuero-bandoleras","14":"product_tag-bolso-piel","15":"product_tag-bolsos-bandoleras-cuero","16":"product_tag-bolso-bohemian-bolso-cuero-para-hombre-bolso-cuero-repujado-bolsos-cuero-retro-bolso-shopper-cuero-bolso-cuero-trenzado-bolso-cuero-troquelado-bolso-cuero-vaca-bolso-cuero-viaje-hombre","17":"product_tag-casual","18":"product_tag-maletin","19":"product_tag-mensajero","20":"product_tag-piel","21":"product_tag-portafolios","23":"first","24":"instock","25":"shipping-taxable","26":"purchasable","27":"product-type-simple","28":"add-to-wishlist-after_add_to_cart","29":"layout-style-1","30":"col-md-4 col-sm-4 col-xs-6","31":"col-lg-3","32":"product-has-gallery","33":"product-style-default"},"aioseo_notices":[],"_links":{"self":[{"href":"https:\/\/www.ibagsbelts.com\/tienda\/wp-json\/wp\/v2\/product\/22929","targetHints":{"allow":["GET"]}}],"collection":[{"href":"https:\/\/www.ibagsbelts.com\/tienda\/wp-json\/wp\/v2\/product"}],"about":[{"href":"https:\/\/www.ibagsbelts.com\/tienda\/wp-json\/wp\/v2\/types\/product"}],"replies":[{"embeddable":true,"href":"https:\/\/www.ibagsbelts.com\/tienda\/wp-json\/wp\/v2\/comments?post=22929"}],"wp:featuredmedia":[{"embeddable":true,"href":"https:\/\/www.ibagsbelts.com\/tienda\/wp-json\/wp\/v2\/media\/22930"}],"wp:attachment":[{"href":"https:\/\/www.ibagsbelts.com\/tienda\/wp-json\/wp\/v2\/media?parent=22929"}],"wp:term":[{"taxonomy":"product_brand","embeddable":true,"href":"https:\/\/www.ibagsbelts.com\/tienda\/wp-json\/wp\/v2\/product_brand?post=22929"},{"taxonomy":"product_cat","embeddable":true,"href":"https:\/\/www.ibagsbelts.com\/tienda\/wp-json\/wp\/v2\/product_cat?post=22929"},{"taxonomy":"product_tag","embeddable":true,"href":"https:\/\/www.ibagsbelts.com\/tienda\/wp-json\/wp\/v2\/product_tag?post=22929"}],"curies":[{"name":"wp","href":"https:\/\/api.w.org\/{rel}","templated":true}]}}