{"id":23276,"date":"2023-03-05T15:12:49","date_gmt":"2023-03-05T14:12:49","guid":{"rendered":"https:\/\/www.ibagsbelts.com\/tienda\/?post_type=product&#038;p=23276"},"modified":"2026-03-14T18:29:22","modified_gmt":"2026-03-14T17:29:22","slug":"bolso-wayuu-santa-marta","status":"publish","type":"product","link":"https:\/\/www.ibagsbelts.com\/tienda\/producto\/bolso-wayuu-santa-marta\/","title":{"rendered":"Bolso bombonera wayuu Santa Marta"},"content":{"rendered":"<p>Mochila Wayuu\u00a0<span class=\"a-text-bold\">100% original hecha a mano<\/span> con amor por ind\u00edgenas Colombianos de La Guajira, en el extremo norte de Colombia. Su tiempo de tejido<span class=\"a-text-bold\">\u00a0tom\u00f3 un promedio de 25 d\u00edas<\/span>, siendo el tiempo su mayor valor agregado adem\u00e1s de sus hermosos dise\u00f1os.<\/p>\n<p>Esre bolso tipo <span class=\"a-text-bold\">bandolera<\/span>, que permite la comodidad a la hora de llevar nuestro bolso y nuestras pertenencias.<\/p>\n<p><span class=\"a-text-bold\">Es perfecto para cualquier ocasi\u00f3n<\/span> gracias a sus diferentes dise\u00f1os, colores, resistencia y prop\u00f3sitos.<\/p>\n<p><span class=\"a-text-bold\">De dise\u00f1os \u00fanicos y exclusivos<\/span>, nunca habr\u00e1 dos mochilas id\u00e9nticas por lo que son hechas a mano y cada artesano deja su alma y una historia diferente en cada una de ellas.La t\u00e9cnica utilizada mayoritariamente es el\u00a0<span class=\"a-text-bold\">tejido de crochet<\/span>, pero tambi\u00e9n se maneja tejido macram\u00e9, tejido puyado, entre otros.<\/p>\n<div id=\"productDescription_feature_div\" class=\"celwidget\" data-feature-name=\"productDescription\" data-csa-c-type=\"widget\" data-csa-c-content-id=\"productDescription\" data-csa-c-slot-id=\"productDescription_feature_div\" data-csa-c-asin=\"B09G5S4ZRR\" data-csa-c-is-in-initial-active-row=\"false\" data-csa-c-id=\"7d8icr-653qr1-5004as-dgoazc\" data-cel-widget=\"productDescription_feature_div\">\n<div id=\"productDescription\" class=\"a-section a-spacing-small\">Como son productos hechos a mano, a veces el tama\u00f1o est\u00e1ndar puede variar en 2-5 centimentros.<\/div>\n<\/div>\n<p><span id=\"productTitle\" class=\"a-size-large product-title-word-break\">Bolsos colombianos, mochila wayuu tanto para mujer como para hombre.\u00a0 (Multicolor)<\/span><\/p>\n<p><strong>Aviso importante<\/strong><\/p>\n<p>Todos nuestros productos est\u00e1n hechos a mano y su nueva bolso puede estar sujeta a una variaci\u00f3n natural en tama\u00f1o y color.<br \/>\nPara los tama\u00f1os, permita 1-2 cm difiere debido a la medida manual.<br \/>\nLas im\u00e1genes son 100% reales.<br \/>\nDebido al monitor del ordenador y el brillo real de la toma y otras razones, habr\u00e1 una cierta diferencia de color.<\/p>\n<p>Es un gran bolso hippie con borlas.<br \/>\nCada bolso ha sido hecho individualmente de forma artesanal, todas sus partes han sido seleccionadas a mano, tejidas Tenga en cuenta que toda la elaboraci\u00f3n del bolso es a mano.<\/p>\n<!-- AddThis Advanced Settings generic via filter on the_content --><!-- AddThis Share Buttons generic via filter on the_content -->","protected":false},"excerpt":{"rendered":"<h5>Mochila Wayuu\u00a0<span class=\"a-text-bold\">100% original hecha a mano<\/span> con amor por ind\u00edgenas Colombianos de La Guajira, en el extremo norte de Colombia. Su tiempo de tejido<span class=\"a-text-bold\">\u00a0tom\u00f3 un promedio de 25 d\u00edas<\/span>, siendo el tiempo su mayor valor agregado adem\u00e1s de sus hermosos dise\u00f1os.<\/h5>\n<h5>Esre bolso tipo <span class=\"a-text-bold\">bandolera<\/span>, que permite la comodidad a la hora de llevar nuestro bolso y nuestras pertenencias.<\/h5>\n<h5><span class=\"a-text-bold\">Es perfecto para cualquier ocasi\u00f3n<\/span> gracias a sus diferentes dise\u00f1os, colores, resistencia y prop\u00f3sitos.<\/h5>\n<h5><span class=\"a-text-bold\">De dise\u00f1os \u00fanicos y exclusivos<\/span>, nunca habr\u00e1 dos mochilas id\u00e9nticas por lo que son hechas a mano y cada artesano deja su alma y una historia diferente en cada una de ellas.La t\u00e9cnica utilizada mayoritariamente es el\u00a0<span class=\"a-text-bold\">tejido de crochet<\/span>, pero tambi\u00e9n se maneja tejido macram\u00e9, tejido puyado, entre otros.<\/h5>\n<h5>Correa estre 90 y 99 cm de un lado a otro. Medidas 30 cm de alto x 20 cm de base aprox.<\/h5>\n<h4><strong>\u00bfAlguna duda? Ponte en contacto con nosotros a trav\u00e9s del bot\u00f3n del chat directo por whatsApp y te resolveremos las dudas al instante!<\/strong><\/h4>\n<p><!-- AddThis Advanced Settings generic via filter on get_the_excerpt --><!-- AddThis Share Buttons generic via filter on get_the_excerpt --><\/p>\n","protected":false},"featured_media":23278,"comment_status":"open","ping_status":"closed","template":"","meta":{"om_disable_all_campaigns":false,"_monsterinsights_skip_tracking":false,"_monsterinsights_sitenote_active":false,"_monsterinsights_sitenote_note":"","_monsterinsights_sitenote_category":0,"_uf_show_specific_survey":0,"_uf_disable_surveys":false},"product_brand":[1217],"product_cat":[240,381],"product_tag":[1096,301,877,736,737,1020,743,744,745,746,738,275,1105],"class_list":{"0":"post-23276","1":"product","2":"type-product","3":"status-publish","4":"has-post-thumbnail","6":"product_brand-ibags-belts","7":"product_cat-bolsos-bandoleras-de-cuero-artesanal","8":"product_cat-bomboneras","9":"product_tag-artesania","10":"product_tag-bandolera","11":"product_tag-bandoleras","12":"product_tag-boho","13":"product_tag-bohochic","14":"product_tag-bolso-boho","15":"product_tag-estilo-boho","16":"product_tag-estilo-bohochic","17":"product_tag-estilo-hippie","18":"product_tag-estilo-hippiechic","19":"product_tag-hippie","20":"product_tag-mochila-de-cuero-para-hombre-bolso-de-cuero-para-mujer-bolso-de-cuero-hecho-a-mano-bolso-cuero-grabado-bolso-cuero-hombre-artesanal-bolso-cuero-hecho-a-mano-bolsos-cuero-y-kilim","21":"product_tag-wayuu","23":"first","24":"instock","25":"sold-individually","26":"shipping-taxable","27":"purchasable","28":"product-type-simple","29":"add-to-wishlist-after_add_to_cart","30":"layout-style-1","31":"col-md-4 col-sm-4 col-xs-6","32":"col-lg-3","33":"product-has-gallery","34":"product-style-default"},"aioseo_notices":[],"_links":{"self":[{"href":"https:\/\/www.ibagsbelts.com\/tienda\/wp-json\/wp\/v2\/product\/23276","targetHints":{"allow":["GET"]}}],"collection":[{"href":"https:\/\/www.ibagsbelts.com\/tienda\/wp-json\/wp\/v2\/product"}],"about":[{"href":"https:\/\/www.ibagsbelts.com\/tienda\/wp-json\/wp\/v2\/types\/product"}],"replies":[{"embeddable":true,"href":"https:\/\/www.ibagsbelts.com\/tienda\/wp-json\/wp\/v2\/comments?post=23276"}],"wp:featuredmedia":[{"embeddable":true,"href":"https:\/\/www.ibagsbelts.com\/tienda\/wp-json\/wp\/v2\/media\/23278"}],"wp:attachment":[{"href":"https:\/\/www.ibagsbelts.com\/tienda\/wp-json\/wp\/v2\/media?parent=23276"}],"wp:term":[{"taxonomy":"product_brand","embeddable":true,"href":"https:\/\/www.ibagsbelts.com\/tienda\/wp-json\/wp\/v2\/product_brand?post=23276"},{"taxonomy":"product_cat","embeddable":true,"href":"https:\/\/www.ibagsbelts.com\/tienda\/wp-json\/wp\/v2\/product_cat?post=23276"},{"taxonomy":"product_tag","embeddable":true,"href":"https:\/\/www.ibagsbelts.com\/tienda\/wp-json\/wp\/v2\/product_tag?post=23276"}],"curies":[{"name":"wp","href":"https:\/\/api.w.org\/{rel}","templated":true}]}}