{"id":24739,"date":"2023-05-13T21:47:45","date_gmt":"2023-05-13T19:47:45","guid":{"rendered":"https:\/\/www.ibagsbelts.com\/tienda\/?post_type=product&#038;p=24739"},"modified":"2026-03-14T18:16:15","modified_gmt":"2026-03-14T17:16:15","slug":"cinturones-finos-de-cuero-trenzado-color-rosa","status":"publish","type":"product","link":"https:\/\/www.ibagsbelts.com\/tienda\/producto\/cinturones-finos-de-cuero-trenzado-color-rosa\/","title":{"rendered":"Cinturones finos de cuero trenzado color rosa"},"content":{"rendered":"<p style=\"text-align: left;\">\u00a1Este cintur\u00f3n es la pieza perfecta para complementar cualquier atuendo! Con su dise\u00f1o de tres tonos y su estilo \u00fanico, este cintur\u00f3n de cuero de vaca curtido natural a\u00f1ade un toque de originalidad y elegancia a tu guardarropa.<\/p>\n<p style=\"text-align: left;\">El entrelazado de los tres tonos de cuero crea un patr\u00f3n individual que favorece tanto la cintura como la cadera, adapt\u00e1ndose a cualquier estilo y cuerpo. Adem\u00e1s, su hebilla ajustable garantiza un ajuste c\u00f3modo y seguro para todos.<\/p>\n<p style=\"text-align: left;\">El encanto natural y el dise\u00f1o simple hacen que este cintur\u00f3n sea una pieza vers\u00e1til que amar\u00e1s llevar contigo en cualquier ocasi\u00f3n. Adem\u00e1s, la chapa plateada con incrustaci\u00f3n de hueso le a\u00f1ade un toque chic y distintivo.<\/p>\n<p style=\"text-align: left;\">Con un ancho de aproximadamente 2.5 cm y 4 cm, y una longitud de aproximadamente 110 metros, este cintur\u00f3n es tanto elegante como funcional, asegurando que te veas y te sientas genial en cualquier situaci\u00f3n.<\/p>\n<p style=\"text-align: left;\"><strong>Aviso importante<\/strong><\/p>\n<p style=\"text-align: left;\">Todos nuestros productos de cuero est\u00e1n hechos a mano y su nuevo articulo de cuero puede estar sujeta a una variaci\u00f3n natural en tama\u00f1o y color.<br \/>\nLas im\u00e1genes son 100% reales.<br \/>\nDebido al monitor del ordenador y el brillo real de la toma y otras razones, habr\u00e1 una cierta diferencia de color.<\/p>\n<!-- AddThis Advanced Settings generic via filter on the_content --><!-- AddThis Share Buttons generic via filter on the_content -->","protected":false},"excerpt":{"rendered":"<p>Cintur\u00f3n de cuero con correa trenzada color rosa, hebilla artesanal.<\/p>\n<p>El cierre es con un enganche en la hebilla que puedes ajustar a tu medida, por lo que sirve para todas las tallas.\u00a0Mide 3,<strong>5 a 4<\/strong>\u00a0cm de ancho y un largo m\u00e1ximo de 115 cm lo puedes usar en la cintura o en las caderas<\/p>\n<p class=\"Standard\">Es la mejor opci\u00f3n para llevarlo con tus vestidos, blusones, preferidos ya que le va a dar el toque que est\u00e1s buscando en tu outfits m\u00e1s original.<\/p>\n<p>Composici\u00f3n: Correa 100% cuero. Hebilla aleaci\u00f3n de metales.\u00a0Talla \u00fanica.<\/p>\n<h5><strong>\u00bfAlguna duda? Ponte en contacto con nosotros a trav\u00e9s del bot\u00f3n del chat directo por whatsApp y te resolveremos las dudas al instante!<\/strong><\/h5>\n<p><!-- AddThis Advanced Settings generic via filter on get_the_excerpt --><!-- AddThis Share Buttons generic via filter on get_the_excerpt --><\/p>\n","protected":false},"featured_media":24741,"comment_status":"open","ping_status":"closed","template":"","meta":{"om_disable_all_campaigns":false,"_monsterinsights_skip_tracking":false,"_monsterinsights_sitenote_active":false,"_monsterinsights_sitenote_note":"","_monsterinsights_sitenote_category":0,"_uf_show_specific_survey":0,"_uf_disable_surveys":false},"product_brand":[1217],"product_cat":[396],"product_tag":[290,332,341,264,335,333,1034,31,744,746,738],"class_list":{"0":"post-24739","1":"product","2":"type-product","3":"status-publish","4":"has-post-thumbnail","6":"product_brand-ibags-belts","7":"product_cat-trenzados-cinturon","8":"product_tag-cinturon","9":"product_tag-cinturon-cuero","10":"product_tag-cinturon-cuero-boho-chic","11":"product_tag-cinturon-cuero-de-vaca-cuero-de-cuero-cinturon-de-cuero-chapa","12":"product_tag-cinturon-cuero-natural","13":"product_tag-cinturon-cuero-vaca","14":"product_tag-cinturones","15":"product_tag-cinturon-trenzado-de-cuero","16":"product_tag-estilo-bohochic","17":"product_tag-estilo-hippiechic","18":"product_tag-hippie","20":"first","21":"instock","22":"shipping-taxable","23":"purchasable","24":"product-type-simple","25":"add-to-wishlist-after_add_to_cart","26":"layout-style-1","27":"col-md-4 col-sm-4 col-xs-6","28":"col-lg-3","29":"product-has-gallery","30":"product-style-default"},"aioseo_notices":[],"_links":{"self":[{"href":"https:\/\/www.ibagsbelts.com\/tienda\/wp-json\/wp\/v2\/product\/24739","targetHints":{"allow":["GET"]}}],"collection":[{"href":"https:\/\/www.ibagsbelts.com\/tienda\/wp-json\/wp\/v2\/product"}],"about":[{"href":"https:\/\/www.ibagsbelts.com\/tienda\/wp-json\/wp\/v2\/types\/product"}],"replies":[{"embeddable":true,"href":"https:\/\/www.ibagsbelts.com\/tienda\/wp-json\/wp\/v2\/comments?post=24739"}],"wp:featuredmedia":[{"embeddable":true,"href":"https:\/\/www.ibagsbelts.com\/tienda\/wp-json\/wp\/v2\/media\/24741"}],"wp:attachment":[{"href":"https:\/\/www.ibagsbelts.com\/tienda\/wp-json\/wp\/v2\/media?parent=24739"}],"wp:term":[{"taxonomy":"product_brand","embeddable":true,"href":"https:\/\/www.ibagsbelts.com\/tienda\/wp-json\/wp\/v2\/product_brand?post=24739"},{"taxonomy":"product_cat","embeddable":true,"href":"https:\/\/www.ibagsbelts.com\/tienda\/wp-json\/wp\/v2\/product_cat?post=24739"},{"taxonomy":"product_tag","embeddable":true,"href":"https:\/\/www.ibagsbelts.com\/tienda\/wp-json\/wp\/v2\/product_tag?post=24739"}],"curies":[{"name":"wp","href":"https:\/\/api.w.org\/{rel}","templated":true}]}}