{"id":24809,"date":"2023-05-25T00:03:50","date_gmt":"2023-05-24T22:03:50","guid":{"rendered":"https:\/\/www.ibagsbelts.com\/tienda\/?post_type=product&#038;p=24809"},"modified":"2026-03-14T18:11:56","modified_gmt":"2026-03-14T17:11:56","slug":"cinturon-de-cuero-negro-con-aros-hippie-chic","status":"publish","type":"product","link":"https:\/\/www.ibagsbelts.com\/tienda\/producto\/cinturon-de-cuero-negro-con-aros-hippie-chic\/","title":{"rendered":"Cintur\u00f3n de cuero negro con aros hippie chic"},"content":{"rendered":"<p style=\"text-align: left;\">Este cintur\u00f3n es el complemento perfecto para cualquier outfit. Hecho con cuero de vaca curtido de forma natural y pintado con tintes naturales, este cintur\u00f3n es una opci\u00f3n elegante y sostenible.<\/p>\n<p style=\"text-align: left;\">Con 8 chapas que le dan un toque especial y original, este cintur\u00f3n se ajusta f\u00e1cilmente a tu cintura o cadera, realzando tu estilo ya sea con blusas, vestidos o faldas.<\/p>\n<p style=\"text-align: left;\">Su hebilla ajustable garantiza un ajuste c\u00f3modo y seguro, mientras que su encanto natural y dise\u00f1o \u00fanico lo convierten en un favorito instant\u00e1neo en tu guardarropa.<\/p>\n<p style=\"text-align: left;\">Con un ancho de aproximadamente 6 cm y una longitud total de aproximadamente 89 cm, este cintur\u00f3n es tanto elegante como funcional, a\u00f1adiendo un toque de estilo a cualquier look.<\/p>\n<p style=\"text-align: left;\"><strong>Aviso importante<\/strong><\/p>\n<p style=\"text-align: left;\">Todos nuestros productos de cuero est\u00e1n hechos a mano y su nuevo articulo de cuero puede estar sujeta a una variaci\u00f3n natural en tama\u00f1o y color.<br \/>\nPara los tama\u00f1os, permita menos 1 cm debido a la medida manual.<br \/>\nLas im\u00e1genes son 100% reales.<br \/>\nDebido al monitor del ordenador y el brillo real de la toma y otras razones, habr\u00e1 una cierta diferencia de color.<\/p>\n<!-- AddThis Advanced Settings generic via filter on the_content --><!-- AddThis Share Buttons generic via filter on the_content -->","protected":false},"excerpt":{"rendered":"<div class=\"woocommerce-product-details__short-description\">\n<p style=\"text-align: left;\">Este cintur\u00f3n se ajusta f\u00e1cilmente con toda su ropa. Los cinturones son pintados con tintes naturales, el cuero de vaca curtido natural. Sus 8 chapas le dan un toque especial y original que favorece tu cintura o cadera.<br \/>\nBlusa, Vestido, Falda , ya sea cual sea tu estilo<br \/>\nEste cintur\u00f3n se ajusta con hebilla. El encanto natural y el dise\u00f1o lo convierten en uno de tus favoritos.<\/p>\n<p style=\"text-align: left;\">Ancho: aproximadamente 6 cm. Largo aproximado del primer aro al ultimo aro 80 cm, sin contar las tiras de cuero con su hebilla mas 9 cm.<\/p>\n<h5><strong>\u00bfAlguna duda? Ponte en contacto con nosotros a trav\u00e9s del bot\u00f3n del chat directo por whatsApp y te resolveremos las dudas al instante!<\/strong><\/h5>\n<\/div>\n<p><!-- AddThis Advanced Settings generic via filter on get_the_excerpt --><!-- AddThis Share Buttons generic via filter on get_the_excerpt --><\/p>\n","protected":false},"featured_media":24811,"comment_status":"open","ping_status":"closed","template":"","meta":{"om_disable_all_campaigns":false,"_monsterinsights_skip_tracking":false,"_monsterinsights_sitenote_active":false,"_monsterinsights_sitenote_note":"","_monsterinsights_sitenote_category":0,"_uf_show_specific_survey":0,"_uf_disable_surveys":false},"product_brand":[1217],"product_cat":[393,951],"product_tag":[1087,290,258,332,341,264,335,333,1034,743,744,745,746,738],"class_list":{"0":"post-24809","1":"product","2":"type-product","3":"status-publish","4":"has-post-thumbnail","6":"product_brand-ibags-belts","7":"product_cat-cinturon-con-tachas","8":"product_cat-fajin","9":"product_tag-cinto","10":"product_tag-cinturon","11":"product_tag-cinturon-cuero-cowboy-cinturon-cuero-de-vaca-cinturon-de-cuero-artesanal-bolso-de-cuero-cinturon-cuero-para-hombre-cinturon-para-mujer","12":"product_tag-cinturon-cuero","13":"product_tag-cinturon-cuero-boho-chic","14":"product_tag-cinturon-cuero-de-vaca-cuero-de-cuero-cinturon-de-cuero-chapa","15":"product_tag-cinturon-cuero-natural","16":"product_tag-cinturon-cuero-vaca","17":"product_tag-cinturones","18":"product_tag-estilo-boho","19":"product_tag-estilo-bohochic","20":"product_tag-estilo-hippie","21":"product_tag-estilo-hippiechic","22":"product_tag-hippie","24":"first","25":"instock","26":"shipping-taxable","27":"purchasable","28":"product-type-simple","29":"add-to-wishlist-after_add_to_cart","30":"layout-style-1","31":"col-md-4 col-sm-4 col-xs-6","32":"col-lg-3","33":"product-has-gallery","34":"product-style-default"},"aioseo_notices":[],"_links":{"self":[{"href":"https:\/\/www.ibagsbelts.com\/tienda\/wp-json\/wp\/v2\/product\/24809","targetHints":{"allow":["GET"]}}],"collection":[{"href":"https:\/\/www.ibagsbelts.com\/tienda\/wp-json\/wp\/v2\/product"}],"about":[{"href":"https:\/\/www.ibagsbelts.com\/tienda\/wp-json\/wp\/v2\/types\/product"}],"replies":[{"embeddable":true,"href":"https:\/\/www.ibagsbelts.com\/tienda\/wp-json\/wp\/v2\/comments?post=24809"}],"wp:featuredmedia":[{"embeddable":true,"href":"https:\/\/www.ibagsbelts.com\/tienda\/wp-json\/wp\/v2\/media\/24811"}],"wp:attachment":[{"href":"https:\/\/www.ibagsbelts.com\/tienda\/wp-json\/wp\/v2\/media?parent=24809"}],"wp:term":[{"taxonomy":"product_brand","embeddable":true,"href":"https:\/\/www.ibagsbelts.com\/tienda\/wp-json\/wp\/v2\/product_brand?post=24809"},{"taxonomy":"product_cat","embeddable":true,"href":"https:\/\/www.ibagsbelts.com\/tienda\/wp-json\/wp\/v2\/product_cat?post=24809"},{"taxonomy":"product_tag","embeddable":true,"href":"https:\/\/www.ibagsbelts.com\/tienda\/wp-json\/wp\/v2\/product_tag?post=24809"}],"curies":[{"name":"wp","href":"https:\/\/api.w.org\/{rel}","templated":true}]}}