{"id":24856,"date":"2023-05-25T23:57:16","date_gmt":"2023-05-25T21:57:16","guid":{"rendered":"https:\/\/www.ibagsbelts.com\/tienda\/?post_type=product&#038;p=24856"},"modified":"2026-03-14T18:08:26","modified_gmt":"2026-03-14T17:08:26","slug":"bolso-mensajero-mediano-de-piel-lavada-trenzada-kaki","status":"publish","type":"product","link":"https:\/\/www.ibagsbelts.com\/tienda\/producto\/bolso-mensajero-mediano-de-piel-lavada-trenzada-kaki\/","title":{"rendered":"Bolso mensajero mediano de piel lavada trenzada kaki Zara"},"content":{"rendered":"<p style=\"text-align: left;\">Descubre la versatilidad y el estilo \u00fanico de nuestro bolso de piel italiana, dise\u00f1ado para acompa\u00f1arte en todas tus aventuras, ya sea durante el d\u00eda o la noche. Este impresionante bolso bandolera y clutch combina la elegancia de la piel envejecida con detalles de lat\u00f3n envejecido, creando un accesorio sofisticado y funcional.<\/p>\n<p style=\"text-align: left;\">Con m\u00faltiples bolsillos y secciones interiores, este bolso te ayuda a mantener tus pertenencias organizadas en todo momento. Su cierre de bot\u00f3n magn\u00e9tico en la solapa superior proporciona un acceso r\u00e1pido y seguro a tus objetos m\u00e1s importantes, mientras que el bolsillo interior con cremallera te permite guardar tus art\u00edculos de valor de forma segura.<\/p>\n<p style=\"text-align: left;\">La correa de cuero suave es ajustable para que puedas llevar el bolso c\u00f3modamente cruzado sobre el cuerpo o al hombro, mientras que la correa de mu\u00f1eca extra\u00edble te ofrece la opci\u00f3n de utilizarlo como un elegante clutch de mano.<\/p>\n<p style=\"text-align: left;\">Con un dise\u00f1o vers\u00e1til que combina la practicidad de un bolso bandolera con la elegancia de un clutch, este bolso es perfecto para cualquier ocasi\u00f3n. Ya sea que lo lleves como messenger durante el d\u00eda o lo conviertas en un clutch para una noche especial, este bolso te ofrece estilo y funcionalidad en cada momento.<\/p>\n<p style=\"text-align: left;\">Hazte con este bolso de piel italiana y lleva contigo el lujo y la sofisticaci\u00f3n en cada paso que des. Con unas medidas de 32 cm de largo, 7 cm de ancho y 24 cm de alto, este bolso es el complemento perfecto para tu estilo \u00fanico.<\/p>\n<p style=\"text-align: left;\"><strong>Aviso importante<\/strong><\/p>\n<p style=\"text-align: left;\">Todos nuestros productos de cuero est\u00e1n hechos a mano y su nueva bolsa de cuero puede estar sujeta a una variaci\u00f3n natural en tama\u00f1o y color.<br \/>\nPara los tama\u00f1os, permita 1-2 cm difiere debido a la medida manual.<br \/>\nLas im\u00e1genes son 100% reales.<br \/>\nDebido al monitor del ordenador y el brillo real de la toma y otras razones, habr\u00e1 una cierta diferencia de color.<\/p>\n<!-- AddThis Advanced Settings generic via filter on the_content --><!-- AddThis Share Buttons generic via filter on the_content -->","protected":false},"excerpt":{"rendered":"<p>Bolso unisex de piel Italiana para del d\u00eda y la noche con nuestro impresionante bolso bandolera y clutch de piel envejecida. Con detalles de lat\u00f3n envejecido en el cierre de la solapa tejida y muchos bolsillos y secciones interiores para mantenerte organizado.<\/p>\n<p>Correa de cuero suave ajustable y correa de mu\u00f1eca extra\u00edble. <span style=\"font-size: 1.4rem;\">Cierre de bot\u00f3n magn\u00e9tico con solapa superior con bolsillo interior con cremallera\u00a0<\/span><\/p>\n<p>Dos compartimentos interiores, uno con cierre de bot\u00f3n con solapa y bolsillo interior con cremallera.\u00a0Bolsillo con cremallera en la parte trasera del bolso.\u00a0Piel lavada.<\/p>\n<p>Clutch, Messenger y Crossbody.\u00a0Medidas: 32cm \u00d7 7cm \u00d7 24 cm<\/p>\n<h5><strong>\u00bfAlguna duda? Ponte en contacto con nosotros a trav\u00e9s del bot\u00f3n del chat directo por whatsapp y te resolveremos las dudas al instante!<\/strong><\/h5>\n<p><!-- AddThis Advanced Settings generic via filter on get_the_excerpt --><!-- AddThis Share Buttons generic via filter on get_the_excerpt --><\/p>\n","protected":false},"featured_media":24861,"comment_status":"open","ping_status":"closed","template":"","meta":{"om_disable_all_campaigns":false,"_monsterinsights_skip_tracking":false,"_monsterinsights_sitenote_active":false,"_monsterinsights_sitenote_note":"","_monsterinsights_sitenote_category":0,"_uf_show_specific_survey":0,"_uf_disable_surveys":false},"product_brand":[1217],"product_cat":[240,757,1035],"product_tag":[1096,301,877,266,303,313,255,823,1036,784,727,302,281,746,1102,1038],"class_list":{"0":"post-24856","1":"product","2":"type-product","3":"status-publish","4":"has-post-thumbnail","6":"product_brand-ibags-belts","7":"product_cat-bolsos-bandoleras-de-cuero-artesanal","8":"product_cat-bolso-clutch","9":"product_cat-bolso-de-cuero-italiano","10":"product_tag-artesania","11":"product_tag-bandolera","12":"product_tag-bandoleras","13":"product_tag-bolso-bohemian-bolso-cuero-repujado-bolsos-cuero-retro-bolso-shopper-cuero-bolso-cuero-trenzado-bolso-cuero-troquelado","14":"product_tag-bolso-bohemian","15":"product_tag-bolso-cuero-hecho-a-mano","16":"product_tag-bolso-cuero-mujer","17":"product_tag-bolso-piel","18":"product_tag-bolso-piel-italiano","19":"product_tag-bolso-trenzados","20":"product_tag-bolsos-bandoleras-cuero","21":"product_tag-bolsos-de-cuero","22":"product_tag-bolso-bohemian-bolso-cuero-para-hombre-bolso-cuero-repujado-bolsos-cuero-retro-bolso-shopper-cuero-bolso-cuero-trenzado-bolso-cuero-troquelado-bolso-cuero-vaca-bolso-cuero-viaje-hombre","23":"product_tag-estilo-hippiechic","24":"product_tag-piel","25":"product_tag-piel-lavada","27":"first","28":"outofstock","29":"sale","30":"shipping-taxable","31":"purchasable","32":"product-type-simple","33":"add-to-wishlist-after_add_to_cart","34":"layout-style-1","35":"col-md-4 col-sm-4 col-xs-6","36":"col-lg-3","37":"product-has-gallery","38":"product-style-default"},"aioseo_notices":[],"_links":{"self":[{"href":"https:\/\/www.ibagsbelts.com\/tienda\/wp-json\/wp\/v2\/product\/24856","targetHints":{"allow":["GET"]}}],"collection":[{"href":"https:\/\/www.ibagsbelts.com\/tienda\/wp-json\/wp\/v2\/product"}],"about":[{"href":"https:\/\/www.ibagsbelts.com\/tienda\/wp-json\/wp\/v2\/types\/product"}],"replies":[{"embeddable":true,"href":"https:\/\/www.ibagsbelts.com\/tienda\/wp-json\/wp\/v2\/comments?post=24856"}],"wp:featuredmedia":[{"embeddable":true,"href":"https:\/\/www.ibagsbelts.com\/tienda\/wp-json\/wp\/v2\/media\/24861"}],"wp:attachment":[{"href":"https:\/\/www.ibagsbelts.com\/tienda\/wp-json\/wp\/v2\/media?parent=24856"}],"wp:term":[{"taxonomy":"product_brand","embeddable":true,"href":"https:\/\/www.ibagsbelts.com\/tienda\/wp-json\/wp\/v2\/product_brand?post=24856"},{"taxonomy":"product_cat","embeddable":true,"href":"https:\/\/www.ibagsbelts.com\/tienda\/wp-json\/wp\/v2\/product_cat?post=24856"},{"taxonomy":"product_tag","embeddable":true,"href":"https:\/\/www.ibagsbelts.com\/tienda\/wp-json\/wp\/v2\/product_tag?post=24856"}],"curies":[{"name":"wp","href":"https:\/\/api.w.org\/{rel}","templated":true}]}}