{"id":24886,"date":"2023-05-28T12:07:56","date_gmt":"2023-05-28T10:07:56","guid":{"rendered":"https:\/\/www.ibagsbelts.com\/tienda\/?post_type=product&#038;p=24886"},"modified":"2026-03-14T18:05:58","modified_gmt":"2026-03-14T17:05:58","slug":"bolso-bandolera-en-piel-lavada-trenzada-camel","status":"publish","type":"product","link":"https:\/\/www.ibagsbelts.com\/tienda\/producto\/bolso-bandolera-en-piel-lavada-trenzada-camel\/","title":{"rendered":"Bolso bandolera en piel lavada trenzada camel Anne"},"content":{"rendered":"<p style=\"text-align: left;\">Descubre la elegancia y la funcionalidad de nuestra bandolera de piel italiana, perfecta para acompa\u00f1arte durante el d\u00eda y la noche con estilo. Este impresionante bolso est\u00e1 confeccionado con piel trenzada envejecida de la m\u00e1s alta calidad, que le confiere un aspecto \u00fanico y sofisticado.<\/p>\n<p style=\"text-align: left;\">Su cierre con hebilla en la parte central de la solapa a\u00f1ade un toque de distinci\u00f3n al dise\u00f1o, mientras que sus bolsillos y secciones interiores te permiten mantener tus pertenencias organizadas en todo momento.<\/p>\n<p style=\"text-align: left;\">La correa de cuero suave es ajustable y de quita y pon, lo que te brinda la posibilidad de llevar la bandolera c\u00f3modamente cruzada sobre el cuerpo o ajustada a la medida que prefieras. Adem\u00e1s, su cremallera interna garantiza la seguridad de tus objetos m\u00e1s importantes.<\/p>\n<p style=\"text-align: left;\">El interior de tela cuenta con un pr\u00e1ctico bolsillo con cremallera, donde podr\u00e1s guardar tus art\u00edculos m\u00e1s peque\u00f1os de forma segura y accesible.<\/p>\n<p style=\"text-align: left;\">Con unas medidas de 26 cm de largo, 8 cm de ancho y 18 cm de alto, esta bandolera es el accesorio perfecto para cualquier ocasi\u00f3n, ofreci\u00e9ndote estilo, comodidad y versatilidad en cada detalle. Ya sea para un d\u00eda de trabajo o una noche de celebraci\u00f3n, esta bandolera te acompa\u00f1ar\u00e1 con elegancia en cada paso que des. \u00a1Hazte con la tuya y marca la diferencia!<\/p>\n<p style=\"text-align: left;\"><strong>Aviso importante<\/strong><\/p>\n<p style=\"text-align: left;\">Todos nuestros productos de cuero est\u00e1n hechos a mano y su nueva bolsa de cuero puede estar sujeta a una variaci\u00f3n natural en tama\u00f1o y color.<br \/>\nPara los tama\u00f1os, permita 1-2 cm difiere debido a la medida manual.<br \/>\nLas im\u00e1genes son 100% reales.<br \/>\nDebido al monitor del ordenador y el brillo real de la toma y otras razones, habr\u00e1 una cierta diferencia de color.<\/p>\n<!-- AddThis Advanced Settings generic via filter on the_content --><!-- AddThis Share Buttons generic via filter on the_content -->","protected":false},"excerpt":{"rendered":"<p>Bandolera de piel Italiana para el d\u00eda y noche con nuestro impresionante bandolera de piel trenzada envejecida. Con cierre con hebilla parte central en la solapa. Bolsillo y secciones interiores para mantenerte organizado.<\/p>\n<p>Correa de cuero suave ajustable de quita y poner. C<span style=\"font-size: 1.4rem;\">remallera interna. Interior de tela con bolsillo con cremallera.<\/span><\/p>\n<p>Bags, Messenger y Crossbody.\u00a0Medidas: largo 26cm x 8cm x alto 18cm.<\/p>\n<h5><strong>\u00bfAlguna duda? Ponte en contacto con nosotros a trav\u00e9s del bot\u00f3n del chat directo por whatsApp y te resolveremos las dudas al instante!<\/strong><\/h5>\n<p><!-- AddThis Advanced Settings generic via filter on get_the_excerpt --><!-- AddThis Share Buttons generic via filter on get_the_excerpt --><\/p>\n","protected":false},"featured_media":24887,"comment_status":"open","ping_status":"closed","template":"","meta":{"om_disable_all_campaigns":false,"_monsterinsights_skip_tracking":false,"_monsterinsights_sitenote_active":false,"_monsterinsights_sitenote_note":"","_monsterinsights_sitenote_category":0,"_uf_show_specific_survey":0,"_uf_disable_surveys":false},"product_brand":[1217],"product_cat":[240,1035],"product_tag":[301,877,266,305,315,313,255,823,1036,302,744,1102,1038],"class_list":{"0":"post-24886","1":"product","2":"type-product","3":"status-publish","4":"has-post-thumbnail","6":"product_brand-ibags-belts","7":"product_cat-bolsos-bandoleras-de-cuero-artesanal","8":"product_cat-bolso-de-cuero-italiano","9":"product_tag-bandolera","10":"product_tag-bandoleras","11":"product_tag-bolso-bohemian-bolso-cuero-repujado-bolsos-cuero-retro-bolso-shopper-cuero-bolso-cuero-trenzado-bolso-cuero-troquelado","12":"product_tag-bolso-cuero-artesanal","13":"product_tag-bolso-cuero-artesano","14":"product_tag-bolso-cuero-hecho-a-mano","15":"product_tag-bolso-cuero-mujer","16":"product_tag-bolso-piel","17":"product_tag-bolso-piel-italiano","18":"product_tag-bolsos-de-cuero","19":"product_tag-estilo-bohochic","20":"product_tag-piel","21":"product_tag-piel-lavada","23":"first","24":"instock","25":"shipping-taxable","26":"purchasable","27":"product-type-simple","28":"add-to-wishlist-after_add_to_cart","29":"layout-style-1","30":"col-md-4 col-sm-4 col-xs-6","31":"col-lg-3","32":"product-has-gallery","33":"product-style-default"},"aioseo_notices":[],"_links":{"self":[{"href":"https:\/\/www.ibagsbelts.com\/tienda\/wp-json\/wp\/v2\/product\/24886","targetHints":{"allow":["GET"]}}],"collection":[{"href":"https:\/\/www.ibagsbelts.com\/tienda\/wp-json\/wp\/v2\/product"}],"about":[{"href":"https:\/\/www.ibagsbelts.com\/tienda\/wp-json\/wp\/v2\/types\/product"}],"replies":[{"embeddable":true,"href":"https:\/\/www.ibagsbelts.com\/tienda\/wp-json\/wp\/v2\/comments?post=24886"}],"wp:featuredmedia":[{"embeddable":true,"href":"https:\/\/www.ibagsbelts.com\/tienda\/wp-json\/wp\/v2\/media\/24887"}],"wp:attachment":[{"href":"https:\/\/www.ibagsbelts.com\/tienda\/wp-json\/wp\/v2\/media?parent=24886"}],"wp:term":[{"taxonomy":"product_brand","embeddable":true,"href":"https:\/\/www.ibagsbelts.com\/tienda\/wp-json\/wp\/v2\/product_brand?post=24886"},{"taxonomy":"product_cat","embeddable":true,"href":"https:\/\/www.ibagsbelts.com\/tienda\/wp-json\/wp\/v2\/product_cat?post=24886"},{"taxonomy":"product_tag","embeddable":true,"href":"https:\/\/www.ibagsbelts.com\/tienda\/wp-json\/wp\/v2\/product_tag?post=24886"}],"curies":[{"name":"wp","href":"https:\/\/api.w.org\/{rel}","templated":true}]}}