{"id":24891,"date":"2023-05-28T12:17:20","date_gmt":"2023-05-28T10:17:20","guid":{"rendered":"https:\/\/www.ibagsbelts.com\/tienda\/?post_type=product&#038;p=24891"},"modified":"2026-03-14T16:26:11","modified_gmt":"2026-03-14T15:26:11","slug":"bolso-bandolera-rosa-en-piel-lavada-con-efecto-vintage","status":"publish","type":"product","link":"https:\/\/www.ibagsbelts.com\/tienda\/producto\/bolso-bandolera-rosa-en-piel-lavada-con-efecto-vintage\/","title":{"rendered":"Bolso bandolera rosa palo en piel lavada con efecto vintage Mia"},"content":{"rendered":"<p>Sum\u00e9rgete en el encanto de la elegancia italiana con nuestro impresionante bolso bandolera de piel envejecida, perfecto para el d\u00eda y la noche. Este bolso combina un estilo sofisticado con una funcionalidad excepcional.<\/p>\n<p style=\"text-align: left;\">Con detalles de cord\u00f3n lateral decorativo en la solapa superior y los laterales, este bolso destaca por su dise\u00f1o \u00fanico y llamativo. Adem\u00e1s, cuenta con bolsillos y secciones interiores que te ayudar\u00e1n a mantener tus pertenencias organizadas en todo momento.<\/p>\n<p style=\"text-align: left;\">La correa de cuero suave es ajustable para brindarte la m\u00e1xima comodidad, mientras que el cierre de bot\u00f3n artesanal en forma de cuerno a\u00f1ade un toque de estilo artesanal y tradicional.<\/p>\n<p style=\"text-align: left;\">Con bolsillo con cremallera en la parte trasera del bolso, este bolso bandolera es la opci\u00f3n ideal para aquellos que buscan un accesorio vers\u00e1til y elegante.<\/p>\n<p style=\"text-align: left;\">Medidas: 33cm x 20cm<\/p>\n<p style=\"text-align: left;\"><strong style=\"font-size: 1.4rem;\">Aviso importante<\/strong><\/p>\n<p style=\"text-align: left;\">Todos nuestros productos de cuero est\u00e1n hechos a mano y su nueva bolsa de cuero puede estar sujeta a una variaci\u00f3n natural en tama\u00f1o y color.<br \/>\nPara los tama\u00f1os, permita 1-2 cm difiere debido a la medida manual.<br \/>\nLas im\u00e1genes son 100% reales.<br \/>\nDebido al monitor del ordenador y el brillo real de la toma y otras razones, habr\u00e1 una cierta diferencia de color.<\/p>\n<!-- AddThis Advanced Settings generic via filter on the_content --><!-- AddThis Share Buttons generic via filter on the_content -->","protected":false},"excerpt":{"rendered":"<h5>Bolso bandolera de piel Italiana para el d\u00eda y noche con nuestro impresionante bolso bandolera de piel envejecida. Con detalles de cord\u00f3n lateral decorativo en e la solapa superior y los laterales. Bolsillo y secciones interiores para mantenerte organizado.<\/h5>\n<h5>Correa de cuero suave ajustable.\u00a0<span style=\"font-size: 1.4rem;\">Cierre de bot\u00f3n artesanal en forma de cuerno en la solapa.\u00a0<\/span>Bolsillo con cremallera en la parte trasera del bolso.<\/h5>\n<h5>bags, Messenger y Crossbody<\/h5>\n<h5>Medidas: 33cm x 20cm<\/h5>\n<h4><strong>\u00bfAlguna duda? Ponte en contacto con nosotros a trav\u00e9s del bot\u00f3n del chat directo por whatsApp y te resolveremos las dudas al instante!<\/strong><\/h4>\n<p><!-- AddThis Advanced Settings generic via filter on get_the_excerpt --><!-- AddThis Share Buttons generic via filter on get_the_excerpt --><\/p>\n","protected":false},"featured_media":24893,"comment_status":"open","ping_status":"closed","template":"","meta":{"om_disable_all_campaigns":false,"_monsterinsights_skip_tracking":false,"_monsterinsights_sitenote_active":false,"_monsterinsights_sitenote_note":"","_monsterinsights_sitenote_category":0,"_uf_show_specific_survey":0,"_uf_disable_surveys":false},"product_brand":[1217],"product_cat":[240,1035,383],"product_tag":[301,877,266,305,315,313,255,823,1036,302,744],"class_list":{"0":"post-24891","1":"product","2":"type-product","3":"status-publish","4":"has-post-thumbnail","6":"product_brand-ibags-belts","7":"product_cat-bolsos-bandoleras-de-cuero-artesanal","8":"product_cat-bolso-de-cuero-italiano","9":"product_cat-bolsos-para-telefonos","10":"product_tag-bandolera","11":"product_tag-bandoleras","12":"product_tag-bolso-bohemian-bolso-cuero-repujado-bolsos-cuero-retro-bolso-shopper-cuero-bolso-cuero-trenzado-bolso-cuero-troquelado","13":"product_tag-bolso-cuero-artesanal","14":"product_tag-bolso-cuero-artesano","15":"product_tag-bolso-cuero-hecho-a-mano","16":"product_tag-bolso-cuero-mujer","17":"product_tag-bolso-piel","18":"product_tag-bolso-piel-italiano","19":"product_tag-bolsos-de-cuero","20":"product_tag-estilo-bohochic","22":"first","23":"instock","24":"shipping-taxable","25":"purchasable","26":"product-type-simple","27":"add-to-wishlist-after_add_to_cart","28":"layout-style-1","29":"col-md-4 col-sm-4 col-xs-6","30":"col-lg-3","31":"product-has-gallery","32":"product-style-default"},"aioseo_notices":[],"_links":{"self":[{"href":"https:\/\/www.ibagsbelts.com\/tienda\/wp-json\/wp\/v2\/product\/24891","targetHints":{"allow":["GET"]}}],"collection":[{"href":"https:\/\/www.ibagsbelts.com\/tienda\/wp-json\/wp\/v2\/product"}],"about":[{"href":"https:\/\/www.ibagsbelts.com\/tienda\/wp-json\/wp\/v2\/types\/product"}],"replies":[{"embeddable":true,"href":"https:\/\/www.ibagsbelts.com\/tienda\/wp-json\/wp\/v2\/comments?post=24891"}],"wp:featuredmedia":[{"embeddable":true,"href":"https:\/\/www.ibagsbelts.com\/tienda\/wp-json\/wp\/v2\/media\/24893"}],"wp:attachment":[{"href":"https:\/\/www.ibagsbelts.com\/tienda\/wp-json\/wp\/v2\/media?parent=24891"}],"wp:term":[{"taxonomy":"product_brand","embeddable":true,"href":"https:\/\/www.ibagsbelts.com\/tienda\/wp-json\/wp\/v2\/product_brand?post=24891"},{"taxonomy":"product_cat","embeddable":true,"href":"https:\/\/www.ibagsbelts.com\/tienda\/wp-json\/wp\/v2\/product_cat?post=24891"},{"taxonomy":"product_tag","embeddable":true,"href":"https:\/\/www.ibagsbelts.com\/tienda\/wp-json\/wp\/v2\/product_tag?post=24891"}],"curies":[{"name":"wp","href":"https:\/\/api.w.org\/{rel}","templated":true}]}}