{"id":25415,"date":"2023-07-05T23:50:35","date_gmt":"2023-07-05T21:50:35","guid":{"rendered":"https:\/\/www.ibagsbelts.com\/tienda\/?post_type=product&#038;p=25415"},"modified":"2026-03-14T16:08:52","modified_gmt":"2026-03-14T15:08:52","slug":"sandalias-planas-de-cuero-camel-para-mujer","status":"publish","type":"product","link":"https:\/\/www.ibagsbelts.com\/tienda\/producto\/sandalias-planas-de-cuero-camel-para-mujer\/","title":{"rendered":"Sandalias planas de cuero camel"},"content":{"rendered":"<p style=\"text-align: left;\">Parte superior de piel suave de calidad en color c\u00e1mel. La planta suave y transpirable en piel c\u00e1mel. Dos amables de textura lo haces muy c\u00f3modas<\/p>\n<p style=\"text-align: left;\">Dise\u00f1o en forma de \u201cH\u201d puede modificar la forma de los pies y hacer que tus pies se vean m\u00e1s delgados.<\/p>\n<p style=\"text-align: left;\">Suela de goma antideslizante con tac\u00f3n de 0.06 pulgadas, plataforma de plantilla suave, te hace caminar todo el d\u00eda c\u00f3moda.<\/p>\n<p style=\"text-align: left;\">F\u00e1cil de usar estas sandalias de moda se adaptan a todos los pies y se pueden utilizar como zapatos diarios. Es f\u00e1cil de combinar con tus jeans, leggings, camisetas, pantalones cortos, pantalones cortos, camisa de gasa y cualquier tipo de vestido.<\/p>\n<p style=\"text-align: left;\">Sandalias que combinan con todo: adecuadas para la oficina, boda, fiesta, baile, varios festivales, al aire libre, calle, trabajo, disfraces, etc.<\/p>\n<p style=\"text-align: left;\">Al estar realizada a mano aqui tines una guia para adquirir el numero correcto<\/p>\n<p style=\"text-align: left;\">numero 37: 24,50 cm<\/p>\n<p style=\"text-align: left;\">numero 38: 25 cm<\/p>\n<p style=\"text-align: left;\">numero 39: 25.50 cm<\/p>\n<p style=\"text-align: left;\">numero 40: 26 cm<\/p>\n<p style=\"text-align: left;\">numero 41:\u00a0 26,50 cm<\/p>\n<p style=\"text-align: left;\">numero 42:\u00a0 27 cm<\/p>\n<p style=\"text-align: left;\"><strong>Aviso importante<\/strong><\/p>\n<p style=\"text-align: left;\">Todos nuestros productos de cuero est\u00e1n hechos a mano y su nueva bolsa de cuero puede estar sujeta a una variaci\u00f3n natural en tama\u00f1o y color.<br \/>\nPara los tama\u00f1os, permita 1-2 cm difiere debido a la medida manual.<br \/>\nLas im\u00e1genes son 100% reales.<br \/>\nDebido al monitor del ordenador y el brillo real de la toma y otras razones, habr\u00e1 una cierta diferencia de color.<\/p>\n<!-- AddThis Advanced Settings generic via filter on the_content --><!-- AddThis Share Buttons generic via filter on the_content -->","protected":false},"excerpt":{"rendered":"<h5>Parte superior de piel suave de calidad en color c\u00e1mel. La planta suave y transpirable en piel c\u00e1mel. Dos amables de textura lo haces muy c\u00f3modas<\/h5>\n<h5>Dise\u00f1o en forma de &#8220;H&#8221; puede modificar la forma de los pies y hacer que tus pies se vean m\u00e1s delgados.<\/h5>\n<h5>Suela de goma antideslizante con tac\u00f3n de 0.06 pulgadas, plataforma de plantilla suave, te hace caminar todo el d\u00eda c\u00f3moda.<\/h5>\n<h5>F\u00e1cil de usar estas sandalias de moda se adaptan a todos los pies y se pueden utilizar como zapatos diarios. Es f\u00e1cil de combinar con tus jeans, leggings, camisetas, pantalones cortos, pantalones cortos, camisa de gasa y cualquier tipo de vestido.<\/h5>\n<h5>Sandalias que combinan con todo: adecuadas para la oficina, boda, fiesta, baile, varios festivales, al aire libre, calle, trabajo, disfraces, etc.<\/h5>\n<h4><strong>\u00bfAlguna duda? Ponte en contacto con nosotros a trav\u00e9s del bot\u00f3n del chat directo por whatsApp y te resolveremos las dudas al instante!<\/strong><\/h4>\n<p><!-- AddThis Advanced Settings generic via filter on get_the_excerpt --><!-- AddThis Share Buttons generic via filter on get_the_excerpt --><\/p>\n","protected":false},"featured_media":25435,"comment_status":"open","ping_status":"closed","template":"","meta":{"om_disable_all_campaigns":false,"_monsterinsights_skip_tracking":false,"_monsterinsights_sitenote_active":false,"_monsterinsights_sitenote_note":"","_monsterinsights_sitenote_category":0,"_uf_show_specific_survey":0,"_uf_disable_surveys":false},"product_brand":[1217],"product_cat":[959],"product_tag":[1096,736,737,814,744,746,1102,1110],"class_list":{"0":"post-25415","1":"product","2":"type-product","3":"status-publish","4":"has-post-thumbnail","6":"product_brand-ibags-belts","7":"product_cat-sandalias","8":"product_tag-artesania","9":"product_tag-boho","10":"product_tag-bohochic","11":"product_tag-calzado","12":"product_tag-estilo-bohochic","13":"product_tag-estilo-hippiechic","14":"product_tag-piel","15":"product_tag-sandalias","17":"first","18":"instock","19":"shipping-taxable","20":"purchasable","21":"product-type-variable","22":"add-to-wishlist-after_add_to_cart","23":"layout-style-1","24":"col-md-4 col-sm-4 col-xs-6","25":"col-lg-3","26":"product-has-gallery","27":"product-style-default"},"aioseo_notices":[],"_links":{"self":[{"href":"https:\/\/www.ibagsbelts.com\/tienda\/wp-json\/wp\/v2\/product\/25415","targetHints":{"allow":["GET"]}}],"collection":[{"href":"https:\/\/www.ibagsbelts.com\/tienda\/wp-json\/wp\/v2\/product"}],"about":[{"href":"https:\/\/www.ibagsbelts.com\/tienda\/wp-json\/wp\/v2\/types\/product"}],"replies":[{"embeddable":true,"href":"https:\/\/www.ibagsbelts.com\/tienda\/wp-json\/wp\/v2\/comments?post=25415"}],"wp:featuredmedia":[{"embeddable":true,"href":"https:\/\/www.ibagsbelts.com\/tienda\/wp-json\/wp\/v2\/media\/25435"}],"wp:attachment":[{"href":"https:\/\/www.ibagsbelts.com\/tienda\/wp-json\/wp\/v2\/media?parent=25415"}],"wp:term":[{"taxonomy":"product_brand","embeddable":true,"href":"https:\/\/www.ibagsbelts.com\/tienda\/wp-json\/wp\/v2\/product_brand?post=25415"},{"taxonomy":"product_cat","embeddable":true,"href":"https:\/\/www.ibagsbelts.com\/tienda\/wp-json\/wp\/v2\/product_cat?post=25415"},{"taxonomy":"product_tag","embeddable":true,"href":"https:\/\/www.ibagsbelts.com\/tienda\/wp-json\/wp\/v2\/product_tag?post=25415"}],"curies":[{"name":"wp","href":"https:\/\/api.w.org\/{rel}","templated":true}]}}