{"id":25556,"date":"2023-07-19T23:49:30","date_gmt":"2023-07-19T21:49:30","guid":{"rendered":"https:\/\/www.ibagsbelts.com\/tienda\/?post_type=product&#038;p=25556"},"modified":"2026-03-14T16:07:52","modified_gmt":"2026-03-14T15:07:52","slug":"sombrero-de-cuero-marron-marrakech","status":"publish","type":"product","link":"https:\/\/www.ibagsbelts.com\/tienda\/producto\/sombrero-de-cuero-marron-marrakech\/","title":{"rendered":"Sombrero vaquero de cuero marr\u00f3n Austin"},"content":{"rendered":"<p style=\"text-align: left;\">Descubre la elegancia atemporal con nuestro Sombrero de Cuero Natural, una pieza exquisita hecha con maestr\u00eda en Marruecos.<\/p>\n<p style=\"text-align: left;\"><strong>Caracter\u00edsticas Distintivas:<\/strong><\/p>\n<ul style=\"text-align: left;\">\n<li><strong>Estilo Vers\u00e1til:<\/strong> Este sombrero natural de cuero complementa cualquier atuendo y se adapta con gracia a diversas ocasiones. Su dise\u00f1o atemporal asegura que te veas bien en cualquier lugar y con casi cualquier cosa.<\/li>\n<li><strong>Resistente al Agua:<\/strong> Fabricado con cuero de alta calidad, este sombrero no solo es elegante sino tambi\u00e9n resistente al agua, brind\u00e1ndote protecci\u00f3n en d\u00edas lluviosos.<\/li>\n<li><strong>Protecci\u00f3n Solar:<\/strong> Adem\u00e1s de su atractivo dise\u00f1o, proporciona una capa adicional de protecci\u00f3n solar, haci\u00e9ndolo ideal para d\u00edas soleados al aire libre.<\/li>\n<\/ul>\n<p style=\"text-align: left;\">Lleva la artesan\u00eda de Marruecos contigo, donde la elegancia y la funcionalidad se unen en este sombrero de cuero natural. Un accesorio que no solo agrega estilo, sino que tambi\u00e9n ofrece resistencia y versatilidad.<\/p>\n<p style=\"text-align: left;\"><strong>Aviso importante<\/strong><\/p>\n<p style=\"text-align: left;\">Todos nuestros productos de cuero est\u00e1n hechos a mano y su nueva bolsa de cuero puede estar sujeta a una variaci\u00f3n natural en tama\u00f1o y color.<br \/>\nPara los tama\u00f1os, permita 1-2 cm difiere debido a la medida manual.<br \/>\nLas im\u00e1genes son 100% reales.<br \/>\nDebido al monitor del ordenador y el brillo real de la toma y otras razones, habr\u00e1 una cierta diferencia de color.<\/p>\n<!-- AddThis Advanced Settings generic via filter on the_content --><!-- AddThis Share Buttons generic via filter on the_content -->","protected":false},"excerpt":{"rendered":"<h2 style=\"text-align: left;\">Descubre la elegancia atemporal con nuestro Sombrero de Cuero Natural, una pieza exquisita hecha con maestr\u00eda en Marruecos.<\/h2>\n<p style=\"text-align: left;\"><strong>Caracter\u00edsticas Distintivas:<\/strong><\/p>\n<ul style=\"text-align: left;\">\n<li><strong>Estilo Vers\u00e1til:<\/strong> Este sombrero natural de cuero complementa cualquier atuendo y se adapta con gracia a diversas ocasiones. Su dise\u00f1o atemporal asegura que te veas bien en cualquier lugar y con casi cualquier cosa.<\/li>\n<li><strong>Resistente al Agua:<\/strong> Fabricado con cuero de alta calidad, este sombrero no solo es elegante sino tambi\u00e9n resistente al agua, brind\u00e1ndote protecci\u00f3n en d\u00edas lluviosos.<\/li>\n<li><strong>Protecci\u00f3n Solar:<\/strong> Adem\u00e1s de su atractivo dise\u00f1o, proporciona una capa adicional de protecci\u00f3n solar, haci\u00e9ndolo ideal para d\u00edas soleados al aire libre.<\/li>\n<\/ul>\n<p style=\"text-align: left;\">Lleva la artesan\u00eda de Marruecos contigo, donde la elegancia y la funcionalidad se unen en este sombrero de cuero natural. Un accesorio que no solo agrega estilo, sino que tambi\u00e9n ofrece resistencia y versatilidad.<\/p>\n<h5 style=\"text-align: center;\"><strong>\u00bfAlguna duda? Ponte en contacto con nosotros a trav\u00e9s del bot\u00f3n del chat directo por whatsApp y te resolveremos las dudas al instante!<\/strong><\/h5>\n<p><!-- AddThis Advanced Settings generic via filter on get_the_excerpt --><!-- AddThis Share Buttons generic via filter on get_the_excerpt --><\/p>\n","protected":false},"featured_media":25558,"comment_status":"open","ping_status":"closed","template":"","meta":{"om_disable_all_campaigns":false,"_monsterinsights_skip_tracking":false,"_monsterinsights_sitenote_active":false,"_monsterinsights_sitenote_note":"","_monsterinsights_sitenote_category":0,"_uf_show_specific_survey":0,"_uf_disable_surveys":false},"product_brand":[1217],"product_cat":[1307],"product_tag":[1135,1096,736,816,1072,1102,1073],"class_list":{"0":"post-25556","1":"product","2":"type-product","3":"status-publish","4":"has-post-thumbnail","6":"product_brand-ibags-belts","7":"product_cat-mas-accesorios","8":"product_tag-accesorios-y-complementos","9":"product_tag-artesania","10":"product_tag-boho","11":"product_tag-cowboy","12":"product_tag-cuero","13":"product_tag-piel","14":"product_tag-sombrero","16":"first","17":"instock","18":"sale","19":"shipping-taxable","20":"purchasable","21":"product-type-simple","22":"add-to-wishlist-after_add_to_cart","23":"layout-style-1","24":"col-md-4 col-sm-4 col-xs-6","25":"col-lg-3","26":"product-has-gallery","27":"product-style-default"},"aioseo_notices":[],"_links":{"self":[{"href":"https:\/\/www.ibagsbelts.com\/tienda\/wp-json\/wp\/v2\/product\/25556","targetHints":{"allow":["GET"]}}],"collection":[{"href":"https:\/\/www.ibagsbelts.com\/tienda\/wp-json\/wp\/v2\/product"}],"about":[{"href":"https:\/\/www.ibagsbelts.com\/tienda\/wp-json\/wp\/v2\/types\/product"}],"replies":[{"embeddable":true,"href":"https:\/\/www.ibagsbelts.com\/tienda\/wp-json\/wp\/v2\/comments?post=25556"}],"wp:featuredmedia":[{"embeddable":true,"href":"https:\/\/www.ibagsbelts.com\/tienda\/wp-json\/wp\/v2\/media\/25558"}],"wp:attachment":[{"href":"https:\/\/www.ibagsbelts.com\/tienda\/wp-json\/wp\/v2\/media?parent=25556"}],"wp:term":[{"taxonomy":"product_brand","embeddable":true,"href":"https:\/\/www.ibagsbelts.com\/tienda\/wp-json\/wp\/v2\/product_brand?post=25556"},{"taxonomy":"product_cat","embeddable":true,"href":"https:\/\/www.ibagsbelts.com\/tienda\/wp-json\/wp\/v2\/product_cat?post=25556"},{"taxonomy":"product_tag","embeddable":true,"href":"https:\/\/www.ibagsbelts.com\/tienda\/wp-json\/wp\/v2\/product_tag?post=25556"}],"curies":[{"name":"wp","href":"https:\/\/api.w.org\/{rel}","templated":true}]}}