{"id":25569,"date":"2023-07-22T22:04:11","date_gmt":"2023-07-22T20:04:11","guid":{"rendered":"https:\/\/www.ibagsbelts.com\/tienda\/?post_type=product&#038;p=25569"},"modified":"2026-03-14T16:07:12","modified_gmt":"2026-03-14T15:07:12","slug":"bolso-bandolera-mediano-de-piel-lavada-navy","status":"publish","type":"product","link":"https:\/\/www.ibagsbelts.com\/tienda\/producto\/bolso-bandolera-mediano-de-piel-lavada-navy\/","title":{"rendered":"Bolso bandolera mediano de piel lavada navy Laura"},"content":{"rendered":"<p>Bolso de piel Italiana para del d\u00eda y la noche con nuestro impresionante bolso y bandolera de piel envejecida. Con detalles de tachuelas de lat\u00f3n envejecido en el cierre de la solapa superior y muchos bolsillos y secciones interiores para mantenerte organizado.<\/p>\n<p>Correa de cuero suave ajustable y correa de hombro extra\u00edble<\/p>\n<p><span style=\"font-size: 1.4rem;\">Cierre de bot\u00f3n magn\u00e9tico con solapa superior con bolsillo interior con cremallera Dos compartimentos interiores, y un bolsillo interior con cremallera<\/span><\/p>\n<p>Messenger y Crossbody<\/p>\n<p>Medidas: 26 cm largo \u00d7 20 cm alto \u00d7 10 cm<\/p>\n<h5><strong>Aviso importante<\/strong><\/h5>\n<p>Todos nuestros productos de cuero est\u00e1n hechos a mano y su nueva bolsa de cuero puede estar sujeta a una variaci\u00f3n natural en tama\u00f1o y color.<br \/>\nPara los tama\u00f1os, permita 1-2 cm difiere debido a la medida manual.<br \/>\nLas im\u00e1genes son 100% reales.<br \/>\nDebido al monitor del ordenador y el brillo real de la toma y otras razones, habr\u00e1 una cierta diferencia de color.<\/p>\n<p>&nbsp;<\/p>\n<!-- AddThis Advanced Settings generic via filter on the_content --><!-- AddThis Share Buttons generic via filter on the_content -->","protected":false},"excerpt":{"rendered":"<h5 style=\"text-align: center;\">Bolso de piel Italiana para del d\u00eda y la noche con nuestro impresionante bolso y bandolera de piel envejecida. Con detalles de tachuelas de lat\u00f3n envejecido en el cierre de la solapa superior y muchos bolsillos y secciones interiores para mantenerte organizado.<\/h5>\n<h5 style=\"text-align: center;\">Correa de cuero suave ajustable y correa de hombro extra\u00edble. <span style=\"font-size: 1.4rem;\">Cierre de bot\u00f3n cl\u00e1sico con solapa superior con bolsillo interior con cremallera. <\/span>Dos compartimentos interiores, y un bolsillo interior con cremallera<\/h5>\n<h5 style=\"text-align: center;\">Medidas: 26 cm \u00d7 20 cm \u00d7 10 cm<\/h5>\n<h4><strong>\u00bfAlguna duda? Ponte en contacto con nosotros a trav\u00e9s del bot\u00f3n del chat directo por whatsApp y te resolveremos las dudas al instante!<\/strong><\/h4>\n<p><!-- AddThis Advanced Settings generic via filter on get_the_excerpt --><!-- AddThis Share Buttons generic via filter on get_the_excerpt --><\/p>\n","protected":false},"featured_media":25574,"comment_status":"open","ping_status":"closed","template":"","meta":{"om_disable_all_campaigns":false,"_monsterinsights_skip_tracking":false,"_monsterinsights_sitenote_active":false,"_monsterinsights_sitenote_note":"","_monsterinsights_sitenote_category":0,"_uf_show_specific_survey":0,"_uf_disable_surveys":false},"product_brand":[1217],"product_cat":[240,1035,40],"product_tag":[301,877,915,266,299,315,777,316,313,823,1036,302,281,1102,1038],"class_list":{"0":"post-25569","1":"product","2":"type-product","3":"status-publish","4":"has-post-thumbnail","6":"product_brand-ibags-belts","7":"product_cat-bolsos-bandoleras-de-cuero-artesanal","8":"product_cat-bolso-de-cuero-italiano","9":"product_cat-bolsos-de-hombro","10":"product_tag-bandolera","11":"product_tag-bandoleras","12":"product_tag-bohemio","13":"product_tag-bolso-bohemian-bolso-cuero-repujado-bolsos-cuero-retro-bolso-shopper-cuero-bolso-cuero-trenzado-bolso-cuero-troquelado","14":"product_tag-bolso-cuero","15":"product_tag-bolso-cuero-artesano","16":"product_tag-bolso-cuero-bandoleras","17":"product_tag-bolso-cuero-con-tachuelas","18":"product_tag-bolso-cuero-hecho-a-mano","19":"product_tag-bolso-piel","20":"product_tag-bolso-piel-italiano","21":"product_tag-bolsos-de-cuero","22":"product_tag-bolso-bohemian-bolso-cuero-para-hombre-bolso-cuero-repujado-bolsos-cuero-retro-bolso-shopper-cuero-bolso-cuero-trenzado-bolso-cuero-troquelado-bolso-cuero-vaca-bolso-cuero-viaje-hombre","23":"product_tag-piel","24":"product_tag-piel-lavada","26":"first","27":"instock","28":"shipping-taxable","29":"purchasable","30":"product-type-simple","31":"add-to-wishlist-after_add_to_cart","32":"layout-style-1","33":"col-md-4 col-sm-4 col-xs-6","34":"col-lg-3","35":"product-has-gallery","36":"product-style-default"},"aioseo_notices":[],"_links":{"self":[{"href":"https:\/\/www.ibagsbelts.com\/tienda\/wp-json\/wp\/v2\/product\/25569","targetHints":{"allow":["GET"]}}],"collection":[{"href":"https:\/\/www.ibagsbelts.com\/tienda\/wp-json\/wp\/v2\/product"}],"about":[{"href":"https:\/\/www.ibagsbelts.com\/tienda\/wp-json\/wp\/v2\/types\/product"}],"replies":[{"embeddable":true,"href":"https:\/\/www.ibagsbelts.com\/tienda\/wp-json\/wp\/v2\/comments?post=25569"}],"wp:featuredmedia":[{"embeddable":true,"href":"https:\/\/www.ibagsbelts.com\/tienda\/wp-json\/wp\/v2\/media\/25574"}],"wp:attachment":[{"href":"https:\/\/www.ibagsbelts.com\/tienda\/wp-json\/wp\/v2\/media?parent=25569"}],"wp:term":[{"taxonomy":"product_brand","embeddable":true,"href":"https:\/\/www.ibagsbelts.com\/tienda\/wp-json\/wp\/v2\/product_brand?post=25569"},{"taxonomy":"product_cat","embeddable":true,"href":"https:\/\/www.ibagsbelts.com\/tienda\/wp-json\/wp\/v2\/product_cat?post=25569"},{"taxonomy":"product_tag","embeddable":true,"href":"https:\/\/www.ibagsbelts.com\/tienda\/wp-json\/wp\/v2\/product_tag?post=25569"}],"curies":[{"name":"wp","href":"https:\/\/api.w.org\/{rel}","templated":true}]}}