{"id":25664,"date":"2023-07-27T23:55:53","date_gmt":"2023-07-27T21:55:53","guid":{"rendered":"https:\/\/www.ibagsbelts.com\/tienda\/?post_type=product&#038;p=25664"},"modified":"2026-03-14T16:03:02","modified_gmt":"2026-03-14T15:03:02","slug":"bolso-italiano-de-piel-lavada-taupe-lucca","status":"publish","type":"product","link":"https:\/\/www.ibagsbelts.com\/tienda\/producto\/bolso-italiano-de-piel-lavada-taupe-lucca\/","title":{"rendered":"Bolso grande italiano de piel lavada taupe Lucca"},"content":{"rendered":"<p style=\"text-align: left;\">Bolso de mano suave ,elaborado en piel te\u00f1ida en prenda, de dise\u00f1o vintage y gusto atemporal. Su practicidad y la caracter\u00edstica correa externa lo hace perfecto para un atuendo informal que quiere enriquecerse con la notas t\u00edpicas de la artesania.<\/p>\n<p style=\"text-align: left;\">Equipado con cierre de candado, forro de micro fibra, bolsillos internos, accesorios de lat\u00f3n cepillado.<\/p>\n<div class=\"group w-full text-gray-800 dark:text-gray-100 border-b border-black\/10 dark:border-gray-900\/50 bg-gray-50 dark:bg-[#444654]\">\n<div class=\"flex p-4 gap-4 text-base md:gap-6 md:max-w-2xl lg:max-w-[38rem] xl:max-w-3xl md:py-6 lg:px-0 m-auto\">\n<div class=\"relative flex w-[calc(100%-50px)] flex-col gap-1 md:gap-3 lg:w-[calc(100%-115px)]\">\n<div class=\"flex flex-grow flex-col gap-3\">\n<div class=\"min-h-[20px] flex items-start overflow-x-auto whitespace-pre-wrap break-words flex-col gap-4\">\n<div class=\"markdown prose w-full break-words dark:prose-invert light\">\n<p style=\"text-align: left;\">Atr\u00e9vete a destacar y complementa tu estilo con el encanto bohemio y sofisticado de nuestro bolso shopper trenzado de piel lavada. Explora nuestra colecci\u00f3n y encuentra la pieza perfecta para realzar tu look y expresar tu personalidad con elegancia y distinci\u00f3n.<\/p>\n<p style=\"text-align: left;\">Medidas \u00a029 cm de alto X 39 cm de largo X 17 cm de grosor, largo de las asas 17 cm<\/p>\n<p style=\"text-align: left;\"><strong>Aviso importante<\/strong><\/p>\n<p style=\"text-align: left;\">Todos nuestros productos de cuero est\u00e1n hechos a mano y su nueva bolsa de cuero puede estar sujeta a una variaci\u00f3n natural en tama\u00f1o y color.<br \/>\nPara los tama\u00f1os, permita 1-2 cm difiere debido a la medida manual.<br \/>\nLas im\u00e1genes son 100% reales.<br \/>\nDebido al monitor del ordenador y el brillo real de la toma y otras razones, habr\u00e1 una cierta diferencia de color.<\/p>\n<p style=\"text-align: left;\">\n<\/div>\n<\/div>\n<\/div>\n<\/div>\n<\/div>\n<\/div>\n<!-- AddThis Advanced Settings generic via filter on the_content --><!-- AddThis Share Buttons generic via filter on the_content -->","protected":false},"excerpt":{"rendered":"<h2 style=\"text-align: left;\">Bolso de mano suave ,elaborado en piel te\u00f1ida en prenda, de dise\u00f1o vintage y gusto atemporal. Su practicidad y la caracter\u00edstica correa externa lo hace perfecto para un atuendo informal que quiere enriquecerse con la notas t\u00edpicas de la artesania.<\/h2>\n<h3 style=\"text-align: left;\">Equipado con cierre de candado, forro de micro fibra, bolsillos internos, accesorios de lat\u00f3n cepillado.<\/h3>\n<h5>Medidas \u00a029 cm de alto X 39 cm de largo X 17 cm de grosor, largo de las asas 17 cm.<\/h5>\n<h5><strong>\u00bfAlguna duda? Ponte en contacto con nosotros a trav\u00e9s del bot\u00f3n del chat directo por whatsapp y te resolveremos las dudas al instante!<\/strong><\/h5>\n<p><!-- AddThis Advanced Settings generic via filter on get_the_excerpt --><!-- AddThis Share Buttons generic via filter on get_the_excerpt --><\/p>\n","protected":false},"featured_media":25668,"comment_status":"open","ping_status":"closed","template":"","meta":{"om_disable_all_campaigns":false,"_monsterinsights_skip_tracking":false,"_monsterinsights_sitenote_active":false,"_monsterinsights_sitenote_note":"","_monsterinsights_sitenote_category":0,"_uf_show_specific_survey":0,"_uf_disable_surveys":false},"product_brand":[1217],"product_cat":[1035,40,41],"product_tag":[303,1020,299,305,315,268,255,823,1036,727,302,743,744,1040,1102,1038,1123],"class_list":{"0":"post-25664","1":"product","2":"type-product","3":"status-publish","4":"has-post-thumbnail","6":"product_brand-ibags-belts","7":"product_cat-bolso-de-cuero-italiano","8":"product_cat-bolsos-de-hombro","9":"product_cat-shoppers","10":"product_tag-bolso-bohemian","11":"product_tag-bolso-boho","12":"product_tag-bolso-cuero","13":"product_tag-bolso-cuero-artesanal","14":"product_tag-bolso-cuero-artesano","15":"product_tag-bolso-cuero-boho-bolso-cuero-con-tachuelas-bolsos-cuero-caballero-bolso-cuero-de-hombre-bolso-cuero-de-viaje-bolso-cuero-de-vaca-bolso-de-cuero-artesanal-bolso-de-cuero","16":"product_tag-bolso-cuero-mujer","17":"product_tag-bolso-piel","18":"product_tag-bolso-piel-italiano","19":"product_tag-bolsos-bandoleras-cuero","20":"product_tag-bolsos-de-cuero","21":"product_tag-estilo-boho","22":"product_tag-estilo-bohochic","23":"product_tag-hobo","24":"product_tag-piel","25":"product_tag-piel-lavada","26":"product_tag-vintage","28":"first","29":"outofstock","30":"shipping-taxable","31":"purchasable","32":"product-type-simple","33":"add-to-wishlist-after_add_to_cart","34":"layout-style-1","35":"col-md-4 col-sm-4 col-xs-6","36":"col-lg-3","37":"product-has-gallery","38":"product-style-default"},"aioseo_notices":[],"_links":{"self":[{"href":"https:\/\/www.ibagsbelts.com\/tienda\/wp-json\/wp\/v2\/product\/25664","targetHints":{"allow":["GET"]}}],"collection":[{"href":"https:\/\/www.ibagsbelts.com\/tienda\/wp-json\/wp\/v2\/product"}],"about":[{"href":"https:\/\/www.ibagsbelts.com\/tienda\/wp-json\/wp\/v2\/types\/product"}],"replies":[{"embeddable":true,"href":"https:\/\/www.ibagsbelts.com\/tienda\/wp-json\/wp\/v2\/comments?post=25664"}],"wp:featuredmedia":[{"embeddable":true,"href":"https:\/\/www.ibagsbelts.com\/tienda\/wp-json\/wp\/v2\/media\/25668"}],"wp:attachment":[{"href":"https:\/\/www.ibagsbelts.com\/tienda\/wp-json\/wp\/v2\/media?parent=25664"}],"wp:term":[{"taxonomy":"product_brand","embeddable":true,"href":"https:\/\/www.ibagsbelts.com\/tienda\/wp-json\/wp\/v2\/product_brand?post=25664"},{"taxonomy":"product_cat","embeddable":true,"href":"https:\/\/www.ibagsbelts.com\/tienda\/wp-json\/wp\/v2\/product_cat?post=25664"},{"taxonomy":"product_tag","embeddable":true,"href":"https:\/\/www.ibagsbelts.com\/tienda\/wp-json\/wp\/v2\/product_tag?post=25664"}],"curies":[{"name":"wp","href":"https:\/\/api.w.org\/{rel}","templated":true}]}}