{"id":25718,"date":"2023-07-29T12:37:19","date_gmt":"2023-07-29T10:37:19","guid":{"rendered":"https:\/\/www.ibagsbelts.com\/tienda\/?post_type=product&#038;p=25718"},"modified":"2026-04-10T20:50:35","modified_gmt":"2026-04-10T18:50:35","slug":"bolso-italiano-de-piel-lavada-negro-francesca","status":"publish","type":"product","link":"https:\/\/www.ibagsbelts.com\/tienda\/producto\/bolso-italiano-de-piel-lavada-negro-francesca\/","title":{"rendered":"Bolso italiano de piel lavada negro Francesca"},"content":{"rendered":"<h5 style=\"text-align: left;\">Un elegante bolso de mujer <b>inspirado en el ic\u00f3nico modelo H Birkin<\/b> en color negro es una propuesta legendaria para las amantes de los cl\u00e1sicos atemporales, que siempre despierta admiraci\u00f3n y emociones inolvidables.<\/h5>\n<h5 style=\"text-align: left;\">Este corte \u00fanico del bolso fue considerado un it bag durante muchas temporadas. La combinaci\u00f3n del minimalismo italiano con la funcionalidad lo hace perfecto como malet\u00edn o bolso para reuniones de negocios. El ic\u00f3nico bolso vintage, hecho de cuero macizo, agregar\u00e1 buen gusto a tus estilizaciones. El acceso al compartimento principal de la bolsa est\u00e1 cubierto con una cremallera. El interior est\u00e1 cuidadosamente rematado con un forro. En el interior encontrar\u00e1s dos bolsillos: abierto y con cremallera. Un pr\u00e1ctico bolsillo adicional se encuentra en la parte delantera del modelo. Se incluye una correa larga.<\/h5>\n<div class=\"woocommerce-tabs wc-tabs-wrapper\">\n<div id=\"tab-description\" class=\"woocommerce-Tabs-panel woocommerce-Tabs-panel--description panel entry-content wc-tab\" role=\"tabpanel\" aria-labelledby=\"tab-title-description\">\n<div class=\"container\">\n<div class=\"flex p-4 gap-4 text-base md:gap-6 md:max-w-2xl lg:max-w-[38rem] xl:max-w-3xl md:py-6 lg:px-0 m-auto\">\n<div class=\"relative flex w-[calc(100%-50px)] flex-col gap-1 md:gap-3 lg:w-[calc(100%-115px)]\">\n<div class=\"flex flex-grow flex-col gap-3\">\n<div class=\"min-h-[20px] flex items-start overflow-x-auto whitespace-pre-wrap break-words flex-col gap-4\">\n<div class=\"markdown prose w-full break-words dark:prose-invert light\">Medidas \u00a030 cm de alto X 46 cm de largo X 17 cm de grosor, largo de las asas 17 cm.<\/div>\n<div><\/div>\n<div style=\"text-align: left;\"><\/div>\n<div class=\"markdown prose w-full break-words dark:prose-invert light\"><strong>Aviso importante<\/strong><\/div>\n<div class=\"markdown prose w-full break-words dark:prose-invert light\">Todos nuestros productos de cuero est\u00e1n hechos a mano y su nueva bolsa de cuero puede estar sujeta a una variaci\u00f3n natural en tama\u00f1o y color.<br \/>\nPara los tama\u00f1os, permita 1-2 cm difiere debido a la medida manual.<br \/>\nLas im\u00e1genes son 100% reales.<br \/>\nDebido al monitor del ordenador y el brillo real de la toma y otras razones, habr\u00e1 una cierta diferencia de color.<\/div>\n<\/div>\n<\/div>\n<\/div>\n<\/div>\n<h5 class=\"at-below-post addthis_tool\" style=\"text-align: left;\" data-url=\"https:\/\/www.ibagsbelts.com\/tienda\/producto\/bolso-italiano-de-piel-lavada-camel-lucca\/\"><\/h5>\n<\/div>\n<\/div>\n<\/div>\n<!-- AddThis Advanced Settings generic via filter on the_content --><!-- AddThis Share Buttons generic via filter on the_content -->","protected":false},"excerpt":{"rendered":"<h2 style=\"text-align: center;\">Este corte \u00fanico del bolso fue considerado un it bag durante muchas temporadas. La combinaci\u00f3n del minimalismo italiano con la funcionalidad lo hace perfecto como malet\u00edn o bolso para reuniones de negocios.<\/h2>\n<h3 style=\"text-align: center;\">El ic\u00f3nico bolso vintage, hecho de cuero macizo, agregar\u00e1 buen gusto a tus estilizaciones.<\/h3>\n<h4 style=\"text-align: center;\">El acceso al compartimento principal de la bolsa est\u00e1 cubierto con una cremallera. El interior est\u00e1 cuidadosamente rematado con un forro. En el interior encontrar\u00e1s dos bolsillos: abierto y con cremallera. Un pr\u00e1ctico bolsillo adicional se encuentra en la parte delantera del modelo. Se incluye una correa larga.<\/h4>\n<div class=\"woocommerce-tabs wc-tabs-wrapper\">\n<div id=\"tab-description\" class=\"woocommerce-Tabs-panel woocommerce-Tabs-panel--description panel entry-content wc-tab\" role=\"tabpanel\" aria-labelledby=\"tab-title-description\">\n<div class=\"container\">\n<div class=\"group w-full text-gray-800 dark:text-gray-100 border-b border-black\/10 dark:border-gray-900\/50 bg-gray-50 dark:bg-[#444654]\">\n<div class=\"flex p-4 gap-4 text-base md:gap-6 md:max-w-2xl lg:max-w-[38rem] xl:max-w-3xl md:py-6 lg:px-0 m-auto\">\n<div class=\"relative flex w-[calc(100%-50px)] flex-col gap-1 md:gap-3 lg:w-[calc(100%-115px)]\">\n<div class=\"flex flex-grow flex-col gap-3\">\n<div class=\"min-h-[20px] flex items-start overflow-x-auto whitespace-pre-wrap break-words flex-col gap-4\">\n<div class=\"markdown prose w-full break-words dark:prose-invert light\">\n<h5 style=\"text-align: center;\">Medidas \u00a030 cm de alto X 46 cm de largo X 17 cm de grosor, largo de las asas 17 cm.<\/h5>\n<div class=\"woocommerce-product-details__short-description\">\n<h5 style=\"text-align: center;\"><strong>\u00bfAlguna duda? Ponte en contacto con nosotros a trav\u00e9s del bot\u00f3n del chat directo por whatsapp y te resolveremos las dudas al instante!<\/strong><\/h5>\n<\/div>\n<\/div>\n<\/div>\n<\/div>\n<\/div>\n<\/div>\n<\/div>\n<\/div>\n<\/div>\n<\/div>\n<p><!-- AddThis Advanced Settings generic via filter on get_the_excerpt --><!-- AddThis Share Buttons generic via filter on get_the_excerpt --><\/p>\n","protected":false},"featured_media":25690,"comment_status":"open","ping_status":"closed","template":"","meta":{"om_disable_all_campaigns":false,"_monsterinsights_skip_tracking":false,"_monsterinsights_sitenote_active":false,"_monsterinsights_sitenote_note":"","_monsterinsights_sitenote_category":0,"_uf_show_specific_survey":0,"_uf_disable_surveys":false},"product_brand":[1217],"product_cat":[240,1035,40,41,1017],"product_tag":[301,877,736,737,266,303,1020,305,315,313,255,823,1036,727,302,885,743,744,1040,875,1038,1128,1123],"class_list":{"0":"post-25718","1":"product","2":"type-product","3":"status-publish","4":"has-post-thumbnail","6":"product_brand-ibags-belts","7":"product_cat-bolsos-bandoleras-de-cuero-artesanal","8":"product_cat-bolso-de-cuero-italiano","9":"product_cat-bolsos-de-hombro","10":"product_cat-shoppers","11":"product_cat-mas-vendidos","12":"product_tag-bandolera","13":"product_tag-bandoleras","14":"product_tag-boho","15":"product_tag-bohochic","16":"product_tag-bolso-bohemian-bolso-cuero-repujado-bolsos-cuero-retro-bolso-shopper-cuero-bolso-cuero-trenzado-bolso-cuero-troquelado","17":"product_tag-bolso-bohemian","18":"product_tag-bolso-boho","19":"product_tag-bolso-cuero-artesanal","20":"product_tag-bolso-cuero-artesano","21":"product_tag-bolso-cuero-hecho-a-mano","22":"product_tag-bolso-cuero-mujer","23":"product_tag-bolso-piel","24":"product_tag-bolso-piel-italiano","25":"product_tag-bolsos-bandoleras-cuero","26":"product_tag-bolsos-de-cuero","27":"product_tag-cartera","28":"product_tag-estilo-boho","29":"product_tag-estilo-bohochic","30":"product_tag-hobo","31":"product_tag-maletin","32":"product_tag-piel-lavada","33":"product_tag-shoopers","34":"product_tag-vintage","36":"first","37":"instock","38":"sale","39":"shipping-taxable","40":"purchasable","41":"product-type-simple","42":"add-to-wishlist-after_add_to_cart","43":"layout-style-1","44":"col-md-4 col-sm-4 col-xs-6","45":"col-lg-3","46":"product-has-gallery","47":"product-style-default"},"aioseo_notices":[],"_links":{"self":[{"href":"https:\/\/www.ibagsbelts.com\/tienda\/wp-json\/wp\/v2\/product\/25718","targetHints":{"allow":["GET"]}}],"collection":[{"href":"https:\/\/www.ibagsbelts.com\/tienda\/wp-json\/wp\/v2\/product"}],"about":[{"href":"https:\/\/www.ibagsbelts.com\/tienda\/wp-json\/wp\/v2\/types\/product"}],"replies":[{"embeddable":true,"href":"https:\/\/www.ibagsbelts.com\/tienda\/wp-json\/wp\/v2\/comments?post=25718"}],"wp:featuredmedia":[{"embeddable":true,"href":"https:\/\/www.ibagsbelts.com\/tienda\/wp-json\/wp\/v2\/media\/25690"}],"wp:attachment":[{"href":"https:\/\/www.ibagsbelts.com\/tienda\/wp-json\/wp\/v2\/media?parent=25718"}],"wp:term":[{"taxonomy":"product_brand","embeddable":true,"href":"https:\/\/www.ibagsbelts.com\/tienda\/wp-json\/wp\/v2\/product_brand?post=25718"},{"taxonomy":"product_cat","embeddable":true,"href":"https:\/\/www.ibagsbelts.com\/tienda\/wp-json\/wp\/v2\/product_cat?post=25718"},{"taxonomy":"product_tag","embeddable":true,"href":"https:\/\/www.ibagsbelts.com\/tienda\/wp-json\/wp\/v2\/product_tag?post=25718"}],"curies":[{"name":"wp","href":"https:\/\/api.w.org\/{rel}","templated":true}]}}