{"id":25734,"date":"2023-07-29T14:34:15","date_gmt":"2023-07-29T12:34:15","guid":{"rendered":"https:\/\/www.ibagsbelts.com\/tienda\/?post_type=product&#038;p=25734"},"modified":"2026-03-14T15:54:51","modified_gmt":"2026-03-14T14:54:51","slug":"monedero-tarjetero-de-cuero-con-estampado-artesanal-beige","status":"publish","type":"product","link":"https:\/\/www.ibagsbelts.com\/tienda\/producto\/monedero-tarjetero-de-cuero-con-estampado-artesanal-beige\/","title":{"rendered":"Monedero tarjetero de cuero con estampado artesanal beige Archie"},"content":{"rendered":"<p style=\"text-align: left;\">Este encantador monedero es la combinaci\u00f3n perfecta de practicidad y estilo. A pesar de su tama\u00f1o compacto (12 x 9 x 4 cm), ofrece un espacio generoso para llevar todo lo que necesitas en tu d\u00eda a d\u00eda. La primera secci\u00f3n cuenta con un cierre de bot\u00f3n y est\u00e1 equipada con un porta tarjetas y un billetero, mientras que la secci\u00f3n con cremallera incluye un compartimento cerrado para monedas y espacios para tickets y otros documentos.<\/p>\n<p style=\"text-align: left;\">Con un total de 4 ranuras para tarjetas, este monedero ofrece una organizaci\u00f3n impecable para tus pertenencias m\u00e1s importantes. Est\u00e1 meticulosamente elaborado a mano con cuero aut\u00e9ntico, que es suave al tacto y sorprendentemente resistente. Cada elemento decorativo ha sido cuidadosamente confeccionado a mano, agregando un toque de distinci\u00f3n y originalidad.<\/p>\n<p style=\"text-align: left;\">Este monedero es mucho m\u00e1s que un simple accesorio: es una declaraci\u00f3n de estilo moderno y elegante. Es el regalo perfecto para cualquier mujer que aprecie la belleza y la funcionalidad en igual medida. Con su dise\u00f1o \u00fanico y sofisticado, este monedero seguro que se convertir\u00e1 en un art\u00edculo imprescindible en el armario de cualquier persona con estilo.<\/p>\n<p style=\"text-align: left;\"><strong>Aviso importante<\/strong><\/p>\n<p style=\"text-align: left;\">Todos nuestros productos de cuero puede estar sujeta a una variaci\u00f3n natural en tama\u00f1o y color.<\/p>\n<p style=\"text-align: left;\">Las pieles utilizadas han sido procesadas y curtidas en una de las curtidur\u00edas m\u00e1s antiguas utilizando t\u00e9cnicas centenarias para dar al cuero acabado un aspecto antiguo \/ vintage.<br \/>\nPara los tama\u00f1os, permita 1-2 cm diferencia debido a la medida manual.<br \/>\nLas im\u00e1genes son 100% reales.<br \/>\nDebido al monitor del ordenador y el brillo real de la toma y otras razones, habr\u00e1 una cierta diferencia de color.<\/p>\n<!-- AddThis Advanced Settings generic via filter on the_content --><!-- AddThis Share Buttons generic via filter on the_content -->","protected":false},"excerpt":{"rendered":"<h2>El monedero de cuero peque\u00f1o (12 x 9 x 4 cm)<\/h2>\n<p>Pero permite llevar todo lo que necesitas en tu d\u00eda a d\u00eda. Contiene una primera secci\u00f3n de cierre con bot\u00f3n con un porta tarjetas y billetero. La secci\u00f3n con cremallera incluye un compartimento cerrado para monedas y espacios para tickets y otros.<\/p>\n<p>En total contiene 4 ranuras para tarjetas. Est\u00e1 hecha a mano de cuero aut\u00e9ntico muy suave y resistente, con elementos decorativos hechos a mano.<\/p>\n<p>Uno de los regalos m\u00e1s originales para mujer que puedas encontrar. Dise\u00f1o diferente, moderno y elegante.<\/p>\n<p><strong>\u00bfAlguna duda? Ponte en contacto con nosotros a trav\u00e9s del bot\u00f3n del chat directo por whatsApp y te resolveremos las dudas al instante!<\/strong><!-- AddThis Advanced Settings generic via filter on get_the_excerpt --><!-- AddThis Share Buttons generic via filter on get_the_excerpt --><\/p>\n","protected":false},"featured_media":25735,"comment_status":"open","ping_status":"closed","template":"","meta":{"om_disable_all_campaigns":false,"_monsterinsights_skip_tracking":false,"_monsterinsights_sitenote_active":false,"_monsterinsights_sitenote_note":"","_monsterinsights_sitenote_category":0,"_uf_show_specific_survey":0,"_uf_disable_surveys":false},"product_brand":[1217],"product_cat":[1301,1299,1303],"product_tag":[1135,881,736,305,885,753,744,746,738,751,873,1102],"class_list":{"0":"post-25734","1":"product","2":"type-product","3":"status-publish","4":"has-post-thumbnail","6":"product_brand-ibags-belts","7":"product_cat-billeteras","8":"product_cat-carteras","9":"product_cat-tarjeteros","10":"product_tag-accesorios-y-complementos","11":"product_tag-billetero","12":"product_tag-boho","13":"product_tag-bolso-cuero-artesanal","14":"product_tag-cartera","15":"product_tag-complementos-de-cuero","16":"product_tag-estilo-bohochic","17":"product_tag-estilo-hippiechic","18":"product_tag-hippie","19":"product_tag-moda","20":"product_tag-monedero","21":"product_tag-piel","23":"first","24":"outofstock","25":"shipping-taxable","26":"purchasable","27":"product-type-simple","28":"add-to-wishlist-after_add_to_cart","29":"layout-style-1","30":"col-md-4 col-sm-4 col-xs-6","31":"col-lg-3","32":"product-has-gallery","33":"product-style-default"},"aioseo_notices":[],"_links":{"self":[{"href":"https:\/\/www.ibagsbelts.com\/tienda\/wp-json\/wp\/v2\/product\/25734","targetHints":{"allow":["GET"]}}],"collection":[{"href":"https:\/\/www.ibagsbelts.com\/tienda\/wp-json\/wp\/v2\/product"}],"about":[{"href":"https:\/\/www.ibagsbelts.com\/tienda\/wp-json\/wp\/v2\/types\/product"}],"replies":[{"embeddable":true,"href":"https:\/\/www.ibagsbelts.com\/tienda\/wp-json\/wp\/v2\/comments?post=25734"}],"wp:featuredmedia":[{"embeddable":true,"href":"https:\/\/www.ibagsbelts.com\/tienda\/wp-json\/wp\/v2\/media\/25735"}],"wp:attachment":[{"href":"https:\/\/www.ibagsbelts.com\/tienda\/wp-json\/wp\/v2\/media?parent=25734"}],"wp:term":[{"taxonomy":"product_brand","embeddable":true,"href":"https:\/\/www.ibagsbelts.com\/tienda\/wp-json\/wp\/v2\/product_brand?post=25734"},{"taxonomy":"product_cat","embeddable":true,"href":"https:\/\/www.ibagsbelts.com\/tienda\/wp-json\/wp\/v2\/product_cat?post=25734"},{"taxonomy":"product_tag","embeddable":true,"href":"https:\/\/www.ibagsbelts.com\/tienda\/wp-json\/wp\/v2\/product_tag?post=25734"}],"curies":[{"name":"wp","href":"https:\/\/api.w.org\/{rel}","templated":true}]}}