{"id":25794,"date":"2023-07-30T00:55:45","date_gmt":"2023-07-29T22:55:45","guid":{"rendered":"https:\/\/www.ibagsbelts.com\/tienda\/?post_type=product&#038;p=25794"},"modified":"2026-03-14T15:50:04","modified_gmt":"2026-03-14T14:50:04","slug":"cartera-billetera-trenzada-de-piel-lavada-en-azul","status":"publish","type":"product","link":"https:\/\/www.ibagsbelts.com\/tienda\/producto\/cartera-billetera-trenzada-de-piel-lavada-en-azul\/","title":{"rendered":"Cartera billetera trenzada de piel lavada en azul"},"content":{"rendered":"<p>Hecho a mano en suave cuero italiano vintage con hermosos detalles de tejido de cuero tradicional.<\/p>\n<p>Nuestra nueva cartera, billetera, tarjetero es lo suficientemente espaciosa para su smartphone y tiene una correa de cuero para la mu\u00f1eca que sirve como bolso de mano para una salida nocturna.<\/p>\n<p>Cierre de cremallera. Dos secciones divididas por un gran bolsillo con cremallera.\u00a0Piel suave y algod\u00f3n lavado.<\/p>\n<p>12 compartimentos para tarjetas para la organizaci\u00f3n de sus tarjetas.<\/p>\n<p>La billetera es lo suficientemente grande para un tel\u00e9fono\u00a0m\u00f3vil iPhone o similar.<\/p>\n<p>Medidas:\u00a0 21cm \u00d7\u00a0 3cm \u00d7\u00a0 11.5 cm<\/p>\n<p><strong>Aviso importante<\/strong><\/p>\n<p>Todos nuestros productos de cuero est\u00e1n hechos a mano y su nueva bolsa de cuero puede estar sujeta a una variaci\u00f3n natural en tama\u00f1o y color.<br \/>\nPara los tama\u00f1os, permita 1-2 cm difiere debido a la medida manual.<br \/>\nLas im\u00e1genes son 100% reales.<br \/>\nDebido al monitor del ordenador y el brillo real de la toma y otras razones, habr\u00e1 una cierta diferencia de color.<\/p>\n<!-- AddThis Advanced Settings generic via filter on the_content --><!-- AddThis Share Buttons generic via filter on the_content -->","protected":false},"excerpt":{"rendered":"<h2 class=\"p1\">Hecho a mano en suave cuero italiano vintage con hermosos detalles de tejido de cuero tradicional.<\/h2>\n<h3>Nuestra nueva cartera, billetera, tarjetero es lo suficientemente espaciosa para su smartphone y tiene una correa de cuero para la mu\u00f1eca que sirve como bolso de mano para una salida nocturna.<\/h3>\n<h4>Cierre de cremallera. Dos secciones divididas por un gran bolsillo con cremallera.\u00a0Piel suave y algod\u00f3n lavado.<\/h4>\n<h4>12 compartimentos para tarjetas para la organizaci\u00f3n de sus tarjetas.<\/h4>\n<h4 class=\"p1\">La billetera es lo suficientemente grande para un tel\u00e9fono\u00a0m\u00f3vil iPhone 14 o similar.<\/h4>\n<p>Medidas:\u00a0 21cm \u00d7\u00a0 3cm \u00d7\u00a0 11.5 cm.<\/p>\n<div class=\"woocommerce-product-details__short-description\">\n<h5><strong>\u00bfAlguna duda? Ponte en contacto con nosotros a trav\u00e9s del bot\u00f3n del chat directo por whatsapp y te resolveremos las dudas al instante!<\/strong><\/h5>\n<\/div>\n<p><!-- AddThis Advanced Settings generic via filter on get_the_excerpt --><!-- AddThis Share Buttons generic via filter on get_the_excerpt --><\/p>\n","protected":false},"featured_media":25795,"comment_status":"open","ping_status":"closed","template":"","meta":{"om_disable_all_campaigns":false,"_monsterinsights_skip_tracking":false,"_monsterinsights_sitenote_active":false,"_monsterinsights_sitenote_note":"","_monsterinsights_sitenote_category":0,"_uf_show_specific_survey":0,"_uf_disable_surveys":false},"product_brand":[1217],"product_cat":[1301,1035,1299,1302,1303],"product_tag":[881,823,1036,885,873,1038,1037],"class_list":{"0":"post-25794","1":"product","2":"type-product","3":"status-publish","4":"has-post-thumbnail","6":"product_brand-ibags-belts","7":"product_cat-billeteras","8":"product_cat-bolso-de-cuero-italiano","9":"product_cat-carteras","10":"product_cat-monederos-largos","11":"product_cat-tarjeteros","12":"product_tag-billetero","13":"product_tag-bolso-piel","14":"product_tag-bolso-piel-italiano","15":"product_tag-cartera","16":"product_tag-monedero","17":"product_tag-piel-lavada","18":"product_tag-tarjetero","20":"first","21":"instock","22":"shipping-taxable","23":"purchasable","24":"product-type-simple","25":"add-to-wishlist-after_add_to_cart","26":"layout-style-1","27":"col-md-4 col-sm-4 col-xs-6","28":"col-lg-3","29":"product-has-gallery","30":"product-style-default"},"aioseo_notices":[],"_links":{"self":[{"href":"https:\/\/www.ibagsbelts.com\/tienda\/wp-json\/wp\/v2\/product\/25794","targetHints":{"allow":["GET"]}}],"collection":[{"href":"https:\/\/www.ibagsbelts.com\/tienda\/wp-json\/wp\/v2\/product"}],"about":[{"href":"https:\/\/www.ibagsbelts.com\/tienda\/wp-json\/wp\/v2\/types\/product"}],"replies":[{"embeddable":true,"href":"https:\/\/www.ibagsbelts.com\/tienda\/wp-json\/wp\/v2\/comments?post=25794"}],"wp:featuredmedia":[{"embeddable":true,"href":"https:\/\/www.ibagsbelts.com\/tienda\/wp-json\/wp\/v2\/media\/25795"}],"wp:attachment":[{"href":"https:\/\/www.ibagsbelts.com\/tienda\/wp-json\/wp\/v2\/media?parent=25794"}],"wp:term":[{"taxonomy":"product_brand","embeddable":true,"href":"https:\/\/www.ibagsbelts.com\/tienda\/wp-json\/wp\/v2\/product_brand?post=25794"},{"taxonomy":"product_cat","embeddable":true,"href":"https:\/\/www.ibagsbelts.com\/tienda\/wp-json\/wp\/v2\/product_cat?post=25794"},{"taxonomy":"product_tag","embeddable":true,"href":"https:\/\/www.ibagsbelts.com\/tienda\/wp-json\/wp\/v2\/product_tag?post=25794"}],"curies":[{"name":"wp","href":"https:\/\/api.w.org\/{rel}","templated":true}]}}