{"id":25865,"date":"2023-08-02T23:59:33","date_gmt":"2023-08-02T21:59:33","guid":{"rendered":"https:\/\/www.ibagsbelts.com\/tienda\/?post_type=product&#038;p=25865"},"modified":"2026-03-14T15:40:13","modified_gmt":"2026-03-14T14:40:13","slug":"bolso-italiano-de-piel-todo-trenzado-marron","status":"publish","type":"product","link":"https:\/\/www.ibagsbelts.com\/tienda\/producto\/bolso-italiano-de-piel-todo-trenzado-marron\/","title":{"rendered":"bolso italiano de piel todo trenzado marr\u00f3n Isabella"},"content":{"rendered":"<p>Casual, rom\u00e1ntico, vintage es un tipo de bolsos de cuero italianos de aspecto antiguo. Serie limitada para mujeres que valoran la libertad y la funcionalidad. Combina el corte casual de un bolso todo trenzado.<\/p>\n<p>Pr\u00e1ctico y casual, este estilo es elegido por mujeres activas. El bolso est\u00e1 cosido y trenzado a mano y luego te\u00f1ido de acuerdo con las \u00faltimas tendencias en las mejores curtiembres italianas, gracias a lo cual cada pieza es \u00fanica e irrepetible. La estructura variable de la cara y los colores no uniformes son un elemento del dise\u00f1o del producto, lo que demuestra su autenticidad. El bolso de mano old look (envejecido) se caracteriza por ser ultra agradable al tacto, gracias a lo cual no querr\u00e1s deshacerte de \u00e9l. Con el tiempo, el cuero envejecido se volver\u00e1 m\u00e1s suave y oscuro, haci\u00e9ndolo a\u00fan m\u00e1s fascinante. Acceso al interior cerrado herm\u00e9ticamente con cremallera. En el interior, cuidadosamente rematado con un forro, ofrece 3 bolsillos a tu disposici\u00f3n, uno de ellos con cremallera. Los tesoros que te gusta tener siempre a mano se pueden ocultar en los bolsillos cerrados. Funcionar\u00e1 como una bolsa de trabajo. El bolso se ve igualmente bien despu\u00e9s de colocar una correa larga, colgada holgadamente del hombro. La bolsa tiene formato A4, funcionar\u00e1 como una bolsa de trabajo. El bolso se ve igualmente bien despu\u00e9s de colocar una correa larga.<\/p>\n<div class=\"markdown prose w-full break-words dark:prose-invert light\" style=\"text-align: left;\">Medidas \u00a026 cm de alto X 42 cm de largo X 10 cm de grosor, largo de la asa 15 cm.<\/div>\n<div style=\"text-align: left;\"><\/div>\n<div class=\"markdown prose w-full break-words dark:prose-invert light\" style=\"text-align: left;\"><strong>Aviso importante<\/strong><\/div>\n<div class=\"markdown prose w-full break-words dark:prose-invert light\" style=\"text-align: left;\">Todos nuestros productos de cuero est\u00e1n hechos a mano y su nueva bolsa de cuero puede estar sujeta a una variaci\u00f3n natural en tama\u00f1o y color.<br \/>\nPara los tama\u00f1os, permita 1-2 cm difiere debido a la medida manual.<br \/>\nLas im\u00e1genes son 100% reales.<br \/>\nDebido al monitor del ordenador y el brillo real de la toma y otras razones, habr\u00e1 una cierta diferencia de color.<\/div>\n<!-- AddThis Advanced Settings generic via filter on the_content --><!-- AddThis Share Buttons generic via filter on the_content -->","protected":false},"excerpt":{"rendered":"<h2>Casual, rom\u00e1ntico, vintage es un tipo de bolsos de cuero italianos de aspecto antiguo. Serie limitada para mujeres que valoran la libertad y la funcionalidad. Combina el corte casual de un bolso todo trenzado.<\/h2>\n<h3>Pr\u00e1ctico y casual, este estilo es elegido por mujeres activas. El bolso est\u00e1 cosido y trenzado a mano y luego te\u00f1ido de acuerdo con las \u00faltimas tendencias en las mejores curtiembres italianas, gracias a lo cual cada pieza es \u00fanica e irrepetible. La estructura variable de la cara y los colores no uniformes son un elemento del dise\u00f1o del producto, lo que demuestra su autenticidad. El bolso de mano old look (envejecido) se caracteriza por ser ultra agradable al tacto, gracias a lo cual no querr\u00e1s deshacerte de \u00e9l. Con el tiempo, el cuero envejecido se volver\u00e1 m\u00e1s suave y oscuro, haci\u00e9ndolo a\u00fan m\u00e1s fascinante. Acceso al interior cerrado herm\u00e9ticamente con cremallera. En el interior, cuidadosamente rematado con un forro, ofrece 3 bolsillos a tu disposici\u00f3n, uno de ellos con cremallera.<\/h3>\n<p>Medidas \u00a026 cm de alto X 42 cm de largo X 10 cm de grosor, largo de la asa 15 cm.<\/p>\n<h5><strong>\u00bfAlguna duda? Ponte en contacto con nosotros a trav\u00e9s del bot\u00f3n del chat directo por whatsapp y te resolveremos las dudas al instante!<\/strong><\/h5>\n<p><!-- AddThis Advanced Settings generic via filter on get_the_excerpt --><!-- AddThis Share Buttons generic via filter on get_the_excerpt --><\/p>\n","protected":false},"featured_media":25869,"comment_status":"open","ping_status":"closed","template":"","meta":{"om_disable_all_campaigns":false,"_monsterinsights_skip_tracking":false,"_monsterinsights_sitenote_active":false,"_monsterinsights_sitenote_note":"","_monsterinsights_sitenote_category":0,"_uf_show_specific_survey":0,"_uf_disable_surveys":false},"product_brand":[1217],"product_cat":[240,1035,40],"product_tag":[1096,301,877,736,737,266,303,299,305,315,268,255,823,1036,784,727,1102,1038,1048],"class_list":{"0":"post-25865","1":"product","2":"type-product","3":"status-publish","4":"has-post-thumbnail","6":"product_brand-ibags-belts","7":"product_cat-bolsos-bandoleras-de-cuero-artesanal","8":"product_cat-bolso-de-cuero-italiano","9":"product_cat-bolsos-de-hombro","10":"product_tag-artesania","11":"product_tag-bandolera","12":"product_tag-bandoleras","13":"product_tag-boho","14":"product_tag-bohochic","15":"product_tag-bolso-bohemian-bolso-cuero-repujado-bolsos-cuero-retro-bolso-shopper-cuero-bolso-cuero-trenzado-bolso-cuero-troquelado","16":"product_tag-bolso-bohemian","17":"product_tag-bolso-cuero","18":"product_tag-bolso-cuero-artesanal","19":"product_tag-bolso-cuero-artesano","20":"product_tag-bolso-cuero-boho-bolso-cuero-con-tachuelas-bolsos-cuero-caballero-bolso-cuero-de-hombre-bolso-cuero-de-viaje-bolso-cuero-de-vaca-bolso-de-cuero-artesanal-bolso-de-cuero","21":"product_tag-bolso-cuero-mujer","22":"product_tag-bolso-piel","23":"product_tag-bolso-piel-italiano","24":"product_tag-bolso-trenzados","25":"product_tag-bolsos-bandoleras-cuero","26":"product_tag-piel","27":"product_tag-piel-lavada","28":"product_tag-trenzado","30":"first","31":"instock","32":"shipping-taxable","33":"purchasable","34":"product-type-simple","35":"add-to-wishlist-after_add_to_cart","36":"layout-style-1","37":"col-md-4 col-sm-4 col-xs-6","38":"col-lg-3","39":"product-has-gallery","40":"product-style-default"},"aioseo_notices":[],"_links":{"self":[{"href":"https:\/\/www.ibagsbelts.com\/tienda\/wp-json\/wp\/v2\/product\/25865","targetHints":{"allow":["GET"]}}],"collection":[{"href":"https:\/\/www.ibagsbelts.com\/tienda\/wp-json\/wp\/v2\/product"}],"about":[{"href":"https:\/\/www.ibagsbelts.com\/tienda\/wp-json\/wp\/v2\/types\/product"}],"replies":[{"embeddable":true,"href":"https:\/\/www.ibagsbelts.com\/tienda\/wp-json\/wp\/v2\/comments?post=25865"}],"wp:featuredmedia":[{"embeddable":true,"href":"https:\/\/www.ibagsbelts.com\/tienda\/wp-json\/wp\/v2\/media\/25869"}],"wp:attachment":[{"href":"https:\/\/www.ibagsbelts.com\/tienda\/wp-json\/wp\/v2\/media?parent=25865"}],"wp:term":[{"taxonomy":"product_brand","embeddable":true,"href":"https:\/\/www.ibagsbelts.com\/tienda\/wp-json\/wp\/v2\/product_brand?post=25865"},{"taxonomy":"product_cat","embeddable":true,"href":"https:\/\/www.ibagsbelts.com\/tienda\/wp-json\/wp\/v2\/product_cat?post=25865"},{"taxonomy":"product_tag","embeddable":true,"href":"https:\/\/www.ibagsbelts.com\/tienda\/wp-json\/wp\/v2\/product_tag?post=25865"}],"curies":[{"name":"wp","href":"https:\/\/api.w.org\/{rel}","templated":true}]}}