{"id":26169,"date":"2023-08-08T00:05:39","date_gmt":"2023-08-07T22:05:39","guid":{"rendered":"https:\/\/www.ibagsbelts.com\/tienda\/?post_type=product&#038;p=26169"},"modified":"2026-03-14T15:03:55","modified_gmt":"2026-03-14T14:03:55","slug":"cartera-billetera-de-piel-italiano-verde-giorgia","status":"publish","type":"product","link":"https:\/\/www.ibagsbelts.com\/tienda\/producto\/cartera-billetera-de-piel-italiano-verde-giorgia\/","title":{"rendered":"Cartera billetera de piel italiano verde Giorgia"},"content":{"rendered":"<p style=\"text-align: left;\">Fabricada a mano en suave cuero italiano vintage trenzado envejecido, nuestra nueva cartera, billetera, tarjetero es lo suficientemente espaciosa para su toda las cosas que usas en el dia. Sirve como bolso de mano para una salida nocturna.<\/p>\n<p style=\"text-align: left;\">Tiene compartimentos \u00a0para 10 tarjetas y dos para billetes o documentos con cierre de cremallera. El primero tiene \u00a06 ranuras para tarjetas. 2 separadores para billetes o documentos. Bolsillo de piel con cremallera para monedas, etc.<\/p>\n<p style=\"text-align: left;\">el segundo tiene \u00a04 ranuras para tarjetas. tres separadores para billetes o documentos.<\/p>\n<p style=\"text-align: left;\">Correa de cuero. Piel lavada trenzada a mano.\u00a0Cuero:\u00a0\u00a0cuero italiano\u00a0lavado<\/p>\n<p style=\"text-align: left;\">Medidas\u00a0 20 cm x 10 cm x 4 cm.<\/p>\n<p style=\"text-align: left;\"><strong>Aviso importante<\/strong><\/p>\n<p style=\"text-align: left;\">Todos nuestros productos de cuero est\u00e1n hechos a mano y su nueva bolsa de cuero puede estar sujeta a una variaci\u00f3n natural en tama\u00f1o y color.<br \/>\nPara los tama\u00f1os, permita 1-2 cm difiere debido a la medida manual.<br \/>\nLas im\u00e1genes son 100% reales.<br \/>\nDebido al monitor del ordenador y el brillo real de la toma y otras razones, habr\u00e1 una cierta diferencia de color.<\/p>\n<!-- AddThis Advanced Settings generic via filter on the_content --><!-- AddThis Share Buttons generic via filter on the_content -->","protected":false},"excerpt":{"rendered":"<h2 style=\"text-align: left;\">Fabricada a mano en suave cuero italiano vintage trenzado envejecido, nuestra nueva cartera, billetera, tarjetero es lo suficientemente espaciosa para su toda las cosas que usas en el dia. Sirve como bolso de mano para una salida nocturna.<\/h2>\n<h3 style=\"text-align: left;\">Tiene compartimentos \u00a0para 10 tarjetas y dos para billetes o documentos con cierre de cremallera. El primero tiene \u00a06 ranuras para tarjetas. 2 separadores para billetes o documentos. Bolsillo de piel con cremallera para monedas, etc.<\/h3>\n<h3 style=\"text-align: left;\">el segundo tiene \u00a04 ranuras para tarjetas. tres separadores para billetes o documentos.<\/h3>\n<h4 style=\"text-align: left;\">Correa de cuero. Piel lavada trenzada a mano.\u00a0Cuero:\u00a0\u00a0cuero italiano\u00a0lavado<\/h4>\n<h4 style=\"text-align: left;\">Medidas\u00a0 20 cm x 10 cm x 4 cm.<\/h4>\n<div class=\"woocommerce-product-details__short-description\">\n<h5><b>\u00bfAlguna duda? Ponte en contacto con nosotros a trav\u00e9s del bot\u00f3n del chat directo por WhatsApp y te resolveremos las dudas al instante!<\/b><\/h5>\n<\/div>\n<p><!-- AddThis Advanced Settings generic via filter on get_the_excerpt --><!-- AddThis Share Buttons generic via filter on get_the_excerpt --><\/p>\n","protected":false},"featured_media":26170,"comment_status":"open","ping_status":"closed","template":"","meta":{"om_disable_all_campaigns":false,"_monsterinsights_skip_tracking":false,"_monsterinsights_sitenote_active":false,"_monsterinsights_sitenote_note":"","_monsterinsights_sitenote_category":0,"_uf_show_specific_survey":0,"_uf_disable_surveys":false},"product_brand":[],"product_cat":[1301,1035,1299,1302,1303],"product_tag":[1096,881,1036,784,281,885,743,744,745,873,1102,1038],"class_list":{"0":"post-26169","1":"product","2":"type-product","3":"status-publish","4":"has-post-thumbnail","6":"product_cat-billeteras","7":"product_cat-bolso-de-cuero-italiano","8":"product_cat-carteras","9":"product_cat-monederos-largos","10":"product_cat-tarjeteros","11":"product_tag-artesania","12":"product_tag-billetero","13":"product_tag-bolso-piel-italiano","14":"product_tag-bolso-trenzados","15":"product_tag-bolso-bohemian-bolso-cuero-para-hombre-bolso-cuero-repujado-bolsos-cuero-retro-bolso-shopper-cuero-bolso-cuero-trenzado-bolso-cuero-troquelado-bolso-cuero-vaca-bolso-cuero-viaje-hombre","16":"product_tag-cartera","17":"product_tag-estilo-boho","18":"product_tag-estilo-bohochic","19":"product_tag-estilo-hippie","20":"product_tag-monedero","21":"product_tag-piel","22":"product_tag-piel-lavada","24":"first","25":"outofstock","26":"sale","27":"shipping-taxable","28":"purchasable","29":"product-type-simple","30":"add-to-wishlist-after_add_to_cart","31":"layout-style-1","32":"col-md-4 col-sm-4 col-xs-6","33":"col-lg-3","34":"product-has-gallery","35":"product-style-default"},"aioseo_notices":[],"_links":{"self":[{"href":"https:\/\/www.ibagsbelts.com\/tienda\/wp-json\/wp\/v2\/product\/26169","targetHints":{"allow":["GET"]}}],"collection":[{"href":"https:\/\/www.ibagsbelts.com\/tienda\/wp-json\/wp\/v2\/product"}],"about":[{"href":"https:\/\/www.ibagsbelts.com\/tienda\/wp-json\/wp\/v2\/types\/product"}],"replies":[{"embeddable":true,"href":"https:\/\/www.ibagsbelts.com\/tienda\/wp-json\/wp\/v2\/comments?post=26169"}],"wp:featuredmedia":[{"embeddable":true,"href":"https:\/\/www.ibagsbelts.com\/tienda\/wp-json\/wp\/v2\/media\/26170"}],"wp:attachment":[{"href":"https:\/\/www.ibagsbelts.com\/tienda\/wp-json\/wp\/v2\/media?parent=26169"}],"wp:term":[{"taxonomy":"product_brand","embeddable":true,"href":"https:\/\/www.ibagsbelts.com\/tienda\/wp-json\/wp\/v2\/product_brand?post=26169"},{"taxonomy":"product_cat","embeddable":true,"href":"https:\/\/www.ibagsbelts.com\/tienda\/wp-json\/wp\/v2\/product_cat?post=26169"},{"taxonomy":"product_tag","embeddable":true,"href":"https:\/\/www.ibagsbelts.com\/tienda\/wp-json\/wp\/v2\/product_tag?post=26169"}],"curies":[{"name":"wp","href":"https:\/\/api.w.org\/{rel}","templated":true}]}}